{"id":12947,"date":"2024-05-27T03:25:53","date_gmt":"2024-05-27T03:25:53","guid":{"rendered":"https:\/\/outdoor.itc-gmbh.shop\/product\/kuehltasche-mickey-mouse-clubhouse-grau-29-x-19-x-18-cm\/"},"modified":"2024-05-27T03:25:57","modified_gmt":"2024-05-27T03:25:57","slug":"kuehltasche-mickey-mouse-clubhouse-grau-29-x-19-x-18-cm","status":"publish","type":"product","link":"https:\/\/wildgear.itc-gmbh.shop\/it\/product\/kuehltasche-mickey-mouse-clubhouse-grau-29-x-19-x-18-cm\/","title":{"rendered":"K\u00fchltasche Mickey Mouse Clubhouse Grau 29 x 19 x 18 cm"},"content":{"rendered":"<p>Rimanete in forma e scoprite le ultime innovazioni del settore per praticare lo sport nelle migliori condizioni! Acquista ora <b>K\u00fchltasche Mickey Mouse Clubhouse Grau 29 x 19 x 18 cm<\/b> al miglior prezzo e godetevi una vita sana!<\/p>\n<ul>\n<li>Tipo: Borsa frigo<\/li>\n<li>Materiale: Poliestere<\/li>\n<li>Colore: Grigio<\/li>\n<li>Caratteristiche:\n<ul>\n<li>Tracolla per borsa a spalla<\/li>\n<li>Con maniglia superiore<\/li>\n<\/ul>\n<\/li>\n<li>Chiusura del bracciale: zip<\/li>\n<li>Enthalten: Hintere Tasche mit Rei\u00dfverschluss<\/li>\n<li>Ma\u00dfe ca.: 29 x 19 x 18 cm<\/li>\n<\/ul>","protected":false},"excerpt":{"rendered":"<p>Bleiben Sie in Form und entdecken Sie die neuesten Innovationen der Branche, um mit den besten Voraussetzungen Sport zu betreiben! Kaufen Sie K\u00fchltasche Mickey Mouse Clubhouse Grau 29 x 19 x 18 cm zum besten Preis und genie\u00dfen Sie ein gesundes Leben! Art: K\u00fchltasche Material: Polyester Farbe: Grau Merkmale: Riemen f\u00fcr Umh\u00e4ngetasche Mit oberem Griff &hellip; <\/p>\n<p class=\"more-link-wrap\"><a href=\"https:\/\/wildgear.itc-gmbh.shop\/it\/product\/kuehltasche-mickey-mouse-clubhouse-grau-29-x-19-x-18-cm\/\" class=\"more-link\"><span>Read More<span class=\"screen-reader-text\"> &#8220;K\u00fchltasche Mickey Mouse Clubhouse Grau 29 x 19 x 18 cm&#8221;<\/span><\/span><\/a><\/p>","protected":false},"featured_media":12946,"comment_status":"open","ping_status":"closed","template":"","meta":{"inline_featured_image":false},"product_brand":[],"product_cat":[181,180,654],"product_tag":[219,218,177,178],"class_list":{"0":"post-12947","1":"product","2":"type-product","3":"status-publish","4":"has-post-thumbnail","6":"product_cat-camping-und-berge","7":"product_cat-sport-freizeit","8":"product_cat-tragbare-kuhlboxen","9":"product_tag-tag_664","10":"product_tag-tag_36","11":"product_tag-tag_3","12":"product_tag-tag_17","14":"first","15":"instock","16":"taxable","17":"shipping-taxable","18":"purchasable","19":"product-type-simple"},"aioseo_notices":[],"jetpack_sharing_enabled":true,"_links":{"self":[{"href":"https:\/\/wildgear.itc-gmbh.shop\/it\/wp-json\/wp\/v2\/product\/12947","targetHints":{"allow":["GET"]}}],"collection":[{"href":"https:\/\/wildgear.itc-gmbh.shop\/it\/wp-json\/wp\/v2\/product"}],"about":[{"href":"https:\/\/wildgear.itc-gmbh.shop\/it\/wp-json\/wp\/v2\/types\/product"}],"replies":[{"embeddable":true,"href":"https:\/\/wildgear.itc-gmbh.shop\/it\/wp-json\/wp\/v2\/comments?post=12947"}],"wp:featuredmedia":[{"embeddable":true,"href":"https:\/\/wildgear.itc-gmbh.shop\/it\/wp-json\/wp\/v2\/media\/12946"}],"wp:attachment":[{"href":"https:\/\/wildgear.itc-gmbh.shop\/it\/wp-json\/wp\/v2\/media?parent=12947"}],"wp:term":[{"taxonomy":"product_brand","embeddable":true,"href":"https:\/\/wildgear.itc-gmbh.shop\/it\/wp-json\/wp\/v2\/product_brand?post=12947"},{"taxonomy":"product_cat","embeddable":true,"href":"https:\/\/wildgear.itc-gmbh.shop\/it\/wp-json\/wp\/v2\/product_cat?post=12947"},{"taxonomy":"product_tag","embeddable":true,"href":"https:\/\/wildgear.itc-gmbh.shop\/it\/wp-json\/wp\/v2\/product_tag?post=12947"}],"curies":[{"name":"wp","href":"https:\/\/api.w.org\/{rel}","templated":true}]}}