{"id":13239,"date":"2024-05-27T03:30:14","date_gmt":"2024-05-27T03:30:14","guid":{"rendered":"https:\/\/outdoor.itc-gmbh.shop\/product\/wasserdichte-rucksackhuelle-satch-sat-rac-001-9g0\/"},"modified":"2024-05-27T03:30:14","modified_gmt":"2024-05-27T03:30:14","slug":"wasserdichte-rucksackhuelle-satch-sat-rac-001-9g0","status":"publish","type":"product","link":"https:\/\/wildgear.itc-gmbh.shop\/it\/product\/wasserdichte-rucksackhuelle-satch-sat-rac-001-9g0\/","title":{"rendered":"Wasserdichte Rucksackh\u00fclle Satch SAT-RAC-001-9G0"},"content":{"rendered":"<p>Rimanete in forma e scoprite le ultime innovazioni del settore per praticare lo sport nelle migliori condizioni! Acquista ora <b>Wasserdichte Rucksackh\u00fclle Satch SAT-RAC-001-9G0 <\/b> al miglior prezzo e godetevi una vita sana!<\/p>\n<ul>\n<li>Art:\n<ul>\n<li>Wasserdichter Bezug<\/li>\n<li>Mehrzweckrucksack<\/li>\n<\/ul>\n<\/li>\n<li>Farbe: Lila<\/li>\n<li>Geschlecht: Kind<\/li>\n<li>Dimensioni: taglia unica<\/li>\n<li>Material: 100 % Polyamid<\/li>\n<\/ul>","protected":false},"excerpt":{"rendered":"<p>Bleiben Sie in Form und entdecken Sie die neuesten Innovationen der Branche, um mit den besten Voraussetzungen Sport zu betreiben! Kaufen Sie Wasserdichte Rucksackh\u00fclle Satch SAT-RAC-001-9G0 zum besten Preis und genie\u00dfen Sie ein gesundes Leben! Art: Wasserdichter Bezug Mehrzweckrucksack Farbe: Lila Geschlecht: Kind Gr\u00f6\u00dfe: Einheitsgr\u00f6\u00dfe Material: 100 % Polyamid<\/p>","protected":false},"featured_media":13238,"comment_status":"open","ping_status":"closed","template":"","meta":{"inline_featured_image":false},"product_brand":[],"product_cat":[181,182,180],"product_tag":[213,177,208],"class_list":{"0":"post-13239","1":"product","2":"type-product","3":"status-publish","4":"has-post-thumbnail","6":"product_cat-camping-und-berge","7":"product_cat-camping-und-bergzubehor","8":"product_cat-sport-freizeit","9":"product_tag-tag_69","10":"product_tag-tag_3","11":"product_tag-tag_650","13":"first","14":"instock","15":"taxable","16":"shipping-taxable","17":"purchasable","18":"product-type-simple"},"aioseo_notices":[],"jetpack_sharing_enabled":true,"_links":{"self":[{"href":"https:\/\/wildgear.itc-gmbh.shop\/it\/wp-json\/wp\/v2\/product\/13239","targetHints":{"allow":["GET"]}}],"collection":[{"href":"https:\/\/wildgear.itc-gmbh.shop\/it\/wp-json\/wp\/v2\/product"}],"about":[{"href":"https:\/\/wildgear.itc-gmbh.shop\/it\/wp-json\/wp\/v2\/types\/product"}],"replies":[{"embeddable":true,"href":"https:\/\/wildgear.itc-gmbh.shop\/it\/wp-json\/wp\/v2\/comments?post=13239"}],"wp:featuredmedia":[{"embeddable":true,"href":"https:\/\/wildgear.itc-gmbh.shop\/it\/wp-json\/wp\/v2\/media\/13238"}],"wp:attachment":[{"href":"https:\/\/wildgear.itc-gmbh.shop\/it\/wp-json\/wp\/v2\/media?parent=13239"}],"wp:term":[{"taxonomy":"product_brand","embeddable":true,"href":"https:\/\/wildgear.itc-gmbh.shop\/it\/wp-json\/wp\/v2\/product_brand?post=13239"},{"taxonomy":"product_cat","embeddable":true,"href":"https:\/\/wildgear.itc-gmbh.shop\/it\/wp-json\/wp\/v2\/product_cat?post=13239"},{"taxonomy":"product_tag","embeddable":true,"href":"https:\/\/wildgear.itc-gmbh.shop\/it\/wp-json\/wp\/v2\/product_tag?post=13239"}],"curies":[{"name":"wp","href":"https:\/\/api.w.org\/{rel}","templated":true}]}}