{"id":13241,"date":"2024-05-27T03:30:15","date_gmt":"2024-05-27T03:30:15","guid":{"rendered":"https:\/\/outdoor.itc-gmbh.shop\/product\/gaskocher-grupo-fm-hg-200-weiss\/"},"modified":"2024-05-27T03:30:16","modified_gmt":"2024-05-27T03:30:16","slug":"gaskocher-grupo-fm-hg-200-weiss","status":"publish","type":"product","link":"https:\/\/wildgear.itc-gmbh.shop\/it\/product\/gaskocher-grupo-fm-hg-200-weiss\/","title":{"rendered":"Gaskocher Grupo FM HG-200 Wei\u00df"},"content":{"rendered":"<p>Se state pensando di rinnovare la vostra cucina, acquistate <b>Gaskocher Grupo FM HG-200 Wei\u00df<\/b> e altri <b>Produkte Grupo FM<\/b>! La migliore qualit\u00e0 al miglior prezzo \u00e8 immediatamente a portata di mano.<\/p>\n<ul>\n<li>Colore: Bianco<\/li>\n<li>Kochbereiche: 2<\/li>\n<li>Leistung: 100 W<\/li>\n<li>Fonte di alimentazione: Cavo elettrico.<\/li>\n<\/ul>\n<p><\/p>\n<p>FM Calefacci\u00f3n HG-200. Produktfarbe: Wei\u00df, Ger\u00e4teplatzierung: Arbeitsfl\u00e4che, Hob type: Gaskochfeld. Control Typ: Drehregler, Control position: Vorderseite. Breite: 580 mm, Tiefe: 350 mm, H\u00f6he: 105 mm<\/p>\n<p><\/p>\n<ul>\n<li>Produktfarbe: Wei\u00df<\/li>\n<li>Ger\u00e4teplatzierung: Arbeitsfl\u00e4che<\/li>\n<li>Kochfeldtyp: Gaskochfeld<\/li>\n<li>Oberfl\u00e4che Typ: Emailliert<\/li>\n<li>Anzahl der Herdplatten: 2 Zone(n)<\/li>\n<li>Number of gas burners: 2 Zone(n)<\/li>\n<li>Control Typ: Drehregler<\/li>\n<li>Control position: Vorderseite<\/li>\n<li>Eingebaute Anzeige: Nein<\/li>\n<li>Breite: 580 mm<\/li>\n<li>Tiefe: 350 mm<\/li>\n<li>H\u00f6he: 105 mm<\/li>\n<\/ul>","protected":false},"excerpt":{"rendered":"<p>Wenn du mit dem Gedanken spielst, deine K\u00fcche zu renovieren, kaufe Gaskocher Grupo FM HG-200 Wei\u00df und andere Produkte Grupo FM! Die beste Qualit\u00e4t zum g\u00fcnstigsten Preis liegt sofort in deiner Reichweite. Farbe: Wei\u00df Kochbereiche: 2 Leistung: 100 W Stromquelle: Elektrokabel. FM Calefacci\u00f3n HG-200. Produktfarbe: Wei\u00df, Ger\u00e4teplatzierung: Arbeitsfl\u00e4che, Hob type: Gaskochfeld. Control Typ: Drehregler, Control &hellip; <\/p>\n<p class=\"more-link-wrap\"><a href=\"https:\/\/wildgear.itc-gmbh.shop\/it\/product\/gaskocher-grupo-fm-hg-200-weiss\/\" class=\"more-link\"><span>Read More<span class=\"screen-reader-text\"> &#8220;Gaskocher Grupo FM HG-200 Wei\u00df&#8221;<\/span><\/span><\/a><\/p>","protected":false},"featured_media":13240,"comment_status":"open","ping_status":"closed","template":"","meta":{"inline_featured_image":false},"product_brand":[],"product_cat":[181,182,180],"product_tag":[559,651],"class_list":{"0":"post-13241","1":"product","2":"type-product","3":"status-publish","4":"has-post-thumbnail","6":"product_cat-camping-und-berge","7":"product_cat-camping-und-bergzubehor","8":"product_cat-sport-freizeit","9":"product_tag-tag_930","10":"product_tag-tag_926","12":"first","13":"outofstock","14":"taxable","15":"shipping-taxable","16":"purchasable","17":"product-type-simple"},"aioseo_notices":[],"jetpack_sharing_enabled":true,"_links":{"self":[{"href":"https:\/\/wildgear.itc-gmbh.shop\/it\/wp-json\/wp\/v2\/product\/13241","targetHints":{"allow":["GET"]}}],"collection":[{"href":"https:\/\/wildgear.itc-gmbh.shop\/it\/wp-json\/wp\/v2\/product"}],"about":[{"href":"https:\/\/wildgear.itc-gmbh.shop\/it\/wp-json\/wp\/v2\/types\/product"}],"replies":[{"embeddable":true,"href":"https:\/\/wildgear.itc-gmbh.shop\/it\/wp-json\/wp\/v2\/comments?post=13241"}],"wp:featuredmedia":[{"embeddable":true,"href":"https:\/\/wildgear.itc-gmbh.shop\/it\/wp-json\/wp\/v2\/media\/13240"}],"wp:attachment":[{"href":"https:\/\/wildgear.itc-gmbh.shop\/it\/wp-json\/wp\/v2\/media?parent=13241"}],"wp:term":[{"taxonomy":"product_brand","embeddable":true,"href":"https:\/\/wildgear.itc-gmbh.shop\/it\/wp-json\/wp\/v2\/product_brand?post=13241"},{"taxonomy":"product_cat","embeddable":true,"href":"https:\/\/wildgear.itc-gmbh.shop\/it\/wp-json\/wp\/v2\/product_cat?post=13241"},{"taxonomy":"product_tag","embeddable":true,"href":"https:\/\/wildgear.itc-gmbh.shop\/it\/wp-json\/wp\/v2\/product_tag?post=13241"}],"curies":[{"name":"wp","href":"https:\/\/api.w.org\/{rel}","templated":true}]}}