{"id":13416,"date":"2024-05-27T03:32:46","date_gmt":"2024-05-27T03:32:46","guid":{"rendered":"https:\/\/outdoor.itc-gmbh.shop\/product\/skitraeger-picture-bp149p-k-weiss\/"},"modified":"2024-05-27T03:32:47","modified_gmt":"2024-05-27T03:32:47","slug":"skitraeger-picture-bp149p-k-weiss","status":"publish","type":"product","link":"https:\/\/wildgear.itc-gmbh.shop\/it\/product\/skitraeger-picture-bp149p-k-weiss\/","title":{"rendered":"Skitr\u00e4ger Picture BP149P-K Wei\u00df"},"content":{"rendered":"<p>Rimanete in forma e scoprite le ultime innovazioni del settore per praticare lo sport nelle migliori condizioni! Acquista ora <b>Skitr\u00e4ger Picture BP149P-K Wei\u00df<\/b> al miglior prezzo e godetevi una vita sana!<\/p>\n<ul>\n<li>Kapazit\u00e4t: 60 L<\/li>\n<li>Colore:\n<ul>\n<li>Bianco<\/li>\n<li>Colorato<\/li>\n<\/ul>\n<\/li>\n<li>Sport: Sci<\/li>\n<li>Art: Skitr\u00e4ger<\/li>\n<li>Genere: unisex<\/li>\n<li>Et\u00e0 consigliata: Adulti<\/li>\n<li>Dimensioni: taglia unica<\/li>\n<li>Materiale: plastica<\/li>\n<\/ul>","protected":false},"excerpt":{"rendered":"<p>Bleiben Sie in Form und entdecken Sie die neuesten Innovationen der Branche, um mit den besten Voraussetzungen Sport zu betreiben! Kaufen Sie Skitr\u00e4ger Picture BP149P-K Wei\u00df zum besten Preis und genie\u00dfen Sie ein gesundes Leben! Kapazit\u00e4t: 60 L Farbe: Wei\u00df Bunt Sport: Ski Art: Skitr\u00e4ger Geschlecht: Unisex Empfohlenes Alter: Erwachsene Gr\u00f6\u00dfe: Einheitsgr\u00f6\u00dfe Material: Kunststoff<\/p>","protected":false},"featured_media":13415,"comment_status":"open","ping_status":"closed","template":"","meta":{"inline_featured_image":false},"product_brand":[],"product_cat":[181,182,180],"product_tag":[213,178,222],"class_list":{"0":"post-13416","1":"product","2":"type-product","3":"status-publish","4":"has-post-thumbnail","6":"product_cat-camping-und-berge","7":"product_cat-camping-und-bergzubehor","8":"product_cat-sport-freizeit","9":"product_tag-tag_69","10":"product_tag-tag_17","11":"product_tag-tag_587","13":"first","14":"instock","15":"taxable","16":"shipping-taxable","17":"purchasable","18":"product-type-simple"},"aioseo_notices":[],"jetpack_sharing_enabled":true,"_links":{"self":[{"href":"https:\/\/wildgear.itc-gmbh.shop\/it\/wp-json\/wp\/v2\/product\/13416","targetHints":{"allow":["GET"]}}],"collection":[{"href":"https:\/\/wildgear.itc-gmbh.shop\/it\/wp-json\/wp\/v2\/product"}],"about":[{"href":"https:\/\/wildgear.itc-gmbh.shop\/it\/wp-json\/wp\/v2\/types\/product"}],"replies":[{"embeddable":true,"href":"https:\/\/wildgear.itc-gmbh.shop\/it\/wp-json\/wp\/v2\/comments?post=13416"}],"wp:featuredmedia":[{"embeddable":true,"href":"https:\/\/wildgear.itc-gmbh.shop\/it\/wp-json\/wp\/v2\/media\/13415"}],"wp:attachment":[{"href":"https:\/\/wildgear.itc-gmbh.shop\/it\/wp-json\/wp\/v2\/media?parent=13416"}],"wp:term":[{"taxonomy":"product_brand","embeddable":true,"href":"https:\/\/wildgear.itc-gmbh.shop\/it\/wp-json\/wp\/v2\/product_brand?post=13416"},{"taxonomy":"product_cat","embeddable":true,"href":"https:\/\/wildgear.itc-gmbh.shop\/it\/wp-json\/wp\/v2\/product_cat?post=13416"},{"taxonomy":"product_tag","embeddable":true,"href":"https:\/\/wildgear.itc-gmbh.shop\/it\/wp-json\/wp\/v2\/product_tag?post=13416"}],"curies":[{"name":"wp","href":"https:\/\/api.w.org\/{rel}","templated":true}]}}