{"id":13418,"date":"2024-05-27T03:32:48","date_gmt":"2024-05-27T03:32:48","guid":{"rendered":"https:\/\/outdoor.itc-gmbh.shop\/product\/trekking-stock-ferrino-eiger-115-cm-orange\/"},"modified":"2024-10-07T00:02:46","modified_gmt":"2024-10-07T00:02:46","slug":"trekking-stock-ferrino-eiger-115-cm-orange","status":"publish","type":"product","link":"https:\/\/wildgear.itc-gmbh.shop\/it\/product\/trekking-stock-ferrino-eiger-115-cm-orange\/","title":{"rendered":"Bastone da trekking Ferrino Eiger 115 cm Arancione"},"content":{"rendered":"<p>Rimanete in forma e scoprite le ultime innovazioni del settore per praticare lo sport nelle migliori condizioni! Acquista ora <b>Bastone da trekking Ferrino Eiger 115 cm Arancione<\/b> al miglior prezzo e godetevi una vita sana!<\/p>\n<ul>\n<li>Caratteristiche: Estensibile<\/li>\n<li>Colore: arancione<\/li>\n<li>Genere: unisex<\/li>\n<li>Et\u00e0 consigliata: Adulti<\/li>\n<li>Dimensioni: taglia unica<\/li>\n<li>Materiale:\n<ul>\n<li>Alluminio<\/li>\n<li>Fibra di carbonio<\/li>\n<\/ul>\n<\/li>\n<li>Peso: 240 g<\/li>\n<\/ul>","protected":false},"excerpt":{"rendered":"<p>Bleiben Sie in Form und entdecken Sie die neuesten Innovationen der Branche, um mit den besten Voraussetzungen Sport zu betreiben! Kaufen Sie Trekking-Stock Ferrino Eiger 115 cm Orange zum besten Preis und genie\u00dfen Sie ein gesundes Leben! Merkmale: Ausziehbar Farbe: Orange Geschlecht: Unisex Empfohlenes Alter: Erwachsene Gr\u00f6\u00dfe: Einheitsgr\u00f6\u00dfe Material: Aluminium Carbonfaser Gewicht: 240 g<\/p>","protected":false},"featured_media":17288,"comment_status":"open","ping_status":"closed","template":"","meta":{"inline_featured_image":false},"product_brand":[],"product_cat":[181,182,180],"product_tag":[177,178],"class_list":{"0":"post-13418","1":"product","2":"type-product","3":"status-publish","4":"has-post-thumbnail","6":"product_cat-camping-und-berge","7":"product_cat-camping-und-bergzubehor","8":"product_cat-sport-freizeit","9":"product_tag-tag_3","10":"product_tag-tag_17","12":"first","13":"instock","14":"taxable","15":"shipping-taxable","16":"purchasable","17":"product-type-simple"},"aioseo_notices":[],"jetpack_sharing_enabled":true,"_links":{"self":[{"href":"https:\/\/wildgear.itc-gmbh.shop\/it\/wp-json\/wp\/v2\/product\/13418","targetHints":{"allow":["GET"]}}],"collection":[{"href":"https:\/\/wildgear.itc-gmbh.shop\/it\/wp-json\/wp\/v2\/product"}],"about":[{"href":"https:\/\/wildgear.itc-gmbh.shop\/it\/wp-json\/wp\/v2\/types\/product"}],"replies":[{"embeddable":true,"href":"https:\/\/wildgear.itc-gmbh.shop\/it\/wp-json\/wp\/v2\/comments?post=13418"}],"wp:featuredmedia":[{"embeddable":true,"href":"https:\/\/wildgear.itc-gmbh.shop\/it\/wp-json\/wp\/v2\/media\/17288"}],"wp:attachment":[{"href":"https:\/\/wildgear.itc-gmbh.shop\/it\/wp-json\/wp\/v2\/media?parent=13418"}],"wp:term":[{"taxonomy":"product_brand","embeddable":true,"href":"https:\/\/wildgear.itc-gmbh.shop\/it\/wp-json\/wp\/v2\/product_brand?post=13418"},{"taxonomy":"product_cat","embeddable":true,"href":"https:\/\/wildgear.itc-gmbh.shop\/it\/wp-json\/wp\/v2\/product_cat?post=13418"},{"taxonomy":"product_tag","embeddable":true,"href":"https:\/\/wildgear.itc-gmbh.shop\/it\/wp-json\/wp\/v2\/product_tag?post=13418"}],"curies":[{"name":"wp","href":"https:\/\/api.w.org\/{rel}","templated":true}]}}