{"id":13450,"date":"2024-05-27T03:33:15","date_gmt":"2024-05-27T03:33:15","guid":{"rendered":"https:\/\/outdoor.itc-gmbh.shop\/product\/elektropumpe-intex\/"},"modified":"2024-05-27T03:33:17","modified_gmt":"2024-05-27T03:33:17","slug":"elektropumpe-intex","status":"publish","type":"product","link":"https:\/\/wildgear.itc-gmbh.shop\/it\/product\/elektropumpe-intex\/","title":{"rendered":"Elektropumpe Intex"},"content":{"rendered":"<p>Con questi suggerimenti che faranno la gioia di grandi e piccini, il divertimento estivo \u00e8 assicurato! Acquista <b>Elektropumpe Intex<\/b>] e godetevi il vostro tempo libero!<\/p>\n<ul>\n<li>Material: ABS<\/li>\n<li>Format: Mini<\/li>\n<li>Steckertyp: Art A<\/li>\n<li>Batterie: USB-Ladeger\u00e4t<\/li>\n<li>Merkmale: Auswechselbare D\u00fcsen<\/li>\n<li>Tipo: Pompa ad aria<\/li>\n<\/ul>","protected":false},"excerpt":{"rendered":"<p>Mit diesen Vorschl\u00e4gen, die Jung und Alt begeistern werden, ist der Sommerspa\u00df garantiert! Kaufen Sie Elektropumpe Intex] und genie\u00dfen Sie Ihre Freizeit! Material: ABS Format: Mini Steckertyp: Art A Batterie: USB-Ladeger\u00e4t Merkmale: Auswechselbare D\u00fcsen Art: Luftpumpe<\/p>","protected":false},"featured_media":13449,"comment_status":"open","ping_status":"closed","template":"","meta":{"inline_featured_image":false},"product_brand":[],"product_cat":[181,182,180],"product_tag":[177,178],"class_list":{"0":"post-13450","1":"product","2":"type-product","3":"status-publish","4":"has-post-thumbnail","6":"product_cat-camping-und-berge","7":"product_cat-camping-und-bergzubehor","8":"product_cat-sport-freizeit","9":"product_tag-tag_3","10":"product_tag-tag_17","12":"first","13":"outofstock","14":"taxable","15":"shipping-taxable","16":"purchasable","17":"product-type-simple"},"aioseo_notices":[],"jetpack_sharing_enabled":true,"_links":{"self":[{"href":"https:\/\/wildgear.itc-gmbh.shop\/it\/wp-json\/wp\/v2\/product\/13450","targetHints":{"allow":["GET"]}}],"collection":[{"href":"https:\/\/wildgear.itc-gmbh.shop\/it\/wp-json\/wp\/v2\/product"}],"about":[{"href":"https:\/\/wildgear.itc-gmbh.shop\/it\/wp-json\/wp\/v2\/types\/product"}],"replies":[{"embeddable":true,"href":"https:\/\/wildgear.itc-gmbh.shop\/it\/wp-json\/wp\/v2\/comments?post=13450"}],"wp:featuredmedia":[{"embeddable":true,"href":"https:\/\/wildgear.itc-gmbh.shop\/it\/wp-json\/wp\/v2\/media\/13449"}],"wp:attachment":[{"href":"https:\/\/wildgear.itc-gmbh.shop\/it\/wp-json\/wp\/v2\/media?parent=13450"}],"wp:term":[{"taxonomy":"product_brand","embeddable":true,"href":"https:\/\/wildgear.itc-gmbh.shop\/it\/wp-json\/wp\/v2\/product_brand?post=13450"},{"taxonomy":"product_cat","embeddable":true,"href":"https:\/\/wildgear.itc-gmbh.shop\/it\/wp-json\/wp\/v2\/product_cat?post=13450"},{"taxonomy":"product_tag","embeddable":true,"href":"https:\/\/wildgear.itc-gmbh.shop\/it\/wp-json\/wp\/v2\/product_tag?post=13450"}],"curies":[{"name":"wp","href":"https:\/\/api.w.org\/{rel}","templated":true}]}}