{"id":13455,"date":"2024-05-27T03:33:23","date_gmt":"2024-05-27T03:33:23","guid":{"rendered":"https:\/\/outdoor.itc-gmbh.shop\/product\/gaskocher-comgas\/"},"modified":"2024-05-27T03:33:25","modified_gmt":"2024-05-27T03:33:25","slug":"gaskocher-comgas","status":"publish","type":"product","link":"https:\/\/wildgear.itc-gmbh.shop\/it\/product\/gaskocher-comgas\/","title":{"rendered":"Gaskocher Comgas"},"content":{"rendered":"<p>Se nell'arredare la vostra casa tenete molto ai dettagli e volete essere sempre aggiornati sui prodotti che vi semplificano la vita, acquistate <b>Gaskocher Comgas<\/b> al miglior prezzo.<\/p>\n<ul>\n<li>Sport: Campeggio<\/li>\n<li>Colore: Rosso<\/li>\n<li>Tipo: Cucina a gas<\/li>\n<li>Adatto per: Uso esterno<\/li>\n<li>Caratteristiche:\n<ul>\n<li>Portatile<\/li>\n<li>Intensit\u00e0 regolabile<\/li>\n<li>Piezo-Z\u00fcndung<\/li>\n<\/ul>\n<\/li>\n<li>Leistung: 1300 W<\/li>\n<li>Ungef\u00e4hre Reichweite: 6 Stunden<\/li>\n<li>Nicht erhalten: Gaskartusche<\/li>\n<\/ul>","protected":false},"excerpt":{"rendered":"<p>Wenn Sie bei der Einrichtung ihres Heims Wert auf Details legen und bei Produkten, die Ihnen das Leben leichter machen, auf dem letzten Stand sein m\u00f6chten, dann kaufen Sie Gaskocher Comgas zum besten Preis. Sport: Camping Farbe: Rot Art: Gaskocher Geeignet f\u00fcr: Au\u00dfenbereich Merkmale: Tragbar Einstellbare Intensit\u00e4t Piezo-Z\u00fcndung Leistung: 1300 W Ungef\u00e4hre Reichweite: 6 Stunden &hellip; <\/p>\n<p class=\"more-link-wrap\"><a href=\"https:\/\/wildgear.itc-gmbh.shop\/it\/product\/gaskocher-comgas\/\" class=\"more-link\"><span>Read More<span class=\"screen-reader-text\"> &#8220;Gaskocher Comgas&#8221;<\/span><\/span><\/a><\/p>","protected":false},"featured_media":13454,"comment_status":"open","ping_status":"closed","template":"","meta":{"inline_featured_image":false},"product_brand":[],"product_cat":[181,182,180],"product_tag":[177,178],"class_list":{"0":"post-13455","1":"product","2":"type-product","3":"status-publish","4":"has-post-thumbnail","6":"product_cat-camping-und-berge","7":"product_cat-camping-und-bergzubehor","8":"product_cat-sport-freizeit","9":"product_tag-tag_3","10":"product_tag-tag_17","12":"first","13":"instock","14":"taxable","15":"shipping-taxable","16":"purchasable","17":"product-type-simple"},"aioseo_notices":[],"jetpack_sharing_enabled":true,"_links":{"self":[{"href":"https:\/\/wildgear.itc-gmbh.shop\/it\/wp-json\/wp\/v2\/product\/13455","targetHints":{"allow":["GET"]}}],"collection":[{"href":"https:\/\/wildgear.itc-gmbh.shop\/it\/wp-json\/wp\/v2\/product"}],"about":[{"href":"https:\/\/wildgear.itc-gmbh.shop\/it\/wp-json\/wp\/v2\/types\/product"}],"replies":[{"embeddable":true,"href":"https:\/\/wildgear.itc-gmbh.shop\/it\/wp-json\/wp\/v2\/comments?post=13455"}],"wp:featuredmedia":[{"embeddable":true,"href":"https:\/\/wildgear.itc-gmbh.shop\/it\/wp-json\/wp\/v2\/media\/13454"}],"wp:attachment":[{"href":"https:\/\/wildgear.itc-gmbh.shop\/it\/wp-json\/wp\/v2\/media?parent=13455"}],"wp:term":[{"taxonomy":"product_brand","embeddable":true,"href":"https:\/\/wildgear.itc-gmbh.shop\/it\/wp-json\/wp\/v2\/product_brand?post=13455"},{"taxonomy":"product_cat","embeddable":true,"href":"https:\/\/wildgear.itc-gmbh.shop\/it\/wp-json\/wp\/v2\/product_cat?post=13455"},{"taxonomy":"product_tag","embeddable":true,"href":"https:\/\/wildgear.itc-gmbh.shop\/it\/wp-json\/wp\/v2\/product_tag?post=13455"}],"curies":[{"name":"wp","href":"https:\/\/api.w.org\/{rel}","templated":true}]}}