{"id":13507,"date":"2024-05-27T03:34:11","date_gmt":"2024-05-27T03:34:11","guid":{"rendered":"https:\/\/outdoor.itc-gmbh.shop\/product\/aufblasbares-bett-bestway-67464\/"},"modified":"2024-05-27T03:34:11","modified_gmt":"2024-05-27T03:34:11","slug":"aufblasbares-bett-bestway-67464","status":"publish","type":"product","link":"https:\/\/wildgear.itc-gmbh.shop\/it\/product\/aufblasbares-bett-bestway-67464\/","title":{"rendered":"Aufblasbares Bett Bestway 67464"},"content":{"rendered":"<p>Con questi suggerimenti che faranno la gioia di grandi e piccini, il divertimento estivo \u00e8 assicurato! Acquista <b>Aufblasbares Bett Bestway 67464<\/b>] e godetevi il vostro tempo libero!<\/p>\n<ul>\n<li>Anzahl der Sitzpl\u00e4tze: 2 Pl\u00e4tze<\/li>\n<li>Enthalten: Elektrische Luftpumpe<\/li>\n<li>Tipo: Materasso ad aria<\/li>\n<li>Dimensioni approssimative: 203 x 152 x 30 cm<\/li>\n<li>Uso consigliato: Campeggio<\/li>\n<\/ul>","protected":false},"excerpt":{"rendered":"<p>Mit diesen Vorschl\u00e4gen, die Jung und Alt begeistern werden, ist der Sommerspa\u00df garantiert! Kaufen Sie Aufblasbares Bett Bestway 67464] und genie\u00dfen Sie Ihre Freizeit! Anzahl der Sitzpl\u00e4tze: 2 Pl\u00e4tze Enthalten: Elektrische Luftpumpe Art: Luftmatratze Ma\u00dfe ca.: 203 x 152 x 30 cm Empfohlene verwendung: Camping<\/p>","protected":false},"featured_media":13506,"comment_status":"open","ping_status":"closed","template":"","meta":{"inline_featured_image":false},"product_brand":[],"product_cat":[181,182,180],"product_tag":[188,177,178],"class_list":{"0":"post-13507","1":"product","2":"type-product","3":"status-publish","4":"has-post-thumbnail","6":"product_cat-camping-und-berge","7":"product_cat-camping-und-bergzubehor","8":"product_cat-sport-freizeit","9":"product_tag-tag_1304","10":"product_tag-tag_3","11":"product_tag-tag_17","13":"first","14":"outofstock","15":"taxable","16":"shipping-taxable","17":"purchasable","18":"product-type-simple"},"aioseo_notices":[],"jetpack_sharing_enabled":true,"_links":{"self":[{"href":"https:\/\/wildgear.itc-gmbh.shop\/it\/wp-json\/wp\/v2\/product\/13507","targetHints":{"allow":["GET"]}}],"collection":[{"href":"https:\/\/wildgear.itc-gmbh.shop\/it\/wp-json\/wp\/v2\/product"}],"about":[{"href":"https:\/\/wildgear.itc-gmbh.shop\/it\/wp-json\/wp\/v2\/types\/product"}],"replies":[{"embeddable":true,"href":"https:\/\/wildgear.itc-gmbh.shop\/it\/wp-json\/wp\/v2\/comments?post=13507"}],"wp:featuredmedia":[{"embeddable":true,"href":"https:\/\/wildgear.itc-gmbh.shop\/it\/wp-json\/wp\/v2\/media\/13506"}],"wp:attachment":[{"href":"https:\/\/wildgear.itc-gmbh.shop\/it\/wp-json\/wp\/v2\/media?parent=13507"}],"wp:term":[{"taxonomy":"product_brand","embeddable":true,"href":"https:\/\/wildgear.itc-gmbh.shop\/it\/wp-json\/wp\/v2\/product_brand?post=13507"},{"taxonomy":"product_cat","embeddable":true,"href":"https:\/\/wildgear.itc-gmbh.shop\/it\/wp-json\/wp\/v2\/product_cat?post=13507"},{"taxonomy":"product_tag","embeddable":true,"href":"https:\/\/wildgear.itc-gmbh.shop\/it\/wp-json\/wp\/v2\/product_tag?post=13507"}],"curies":[{"name":"wp","href":"https:\/\/api.w.org\/{rel}","templated":true}]}}