{"id":13524,"date":"2024-05-27T03:34:24","date_gmt":"2024-05-27T03:34:24","guid":{"rendered":"https:\/\/outdoor.itc-gmbh.shop\/product\/gaskocher-haeger-1-n5-h-90-mm\/"},"modified":"2024-05-27T03:34:26","modified_gmt":"2024-05-27T03:34:26","slug":"gaskocher-haeger-1-n5-h-90-mm","status":"publish","type":"product","link":"https:\/\/wildgear.itc-gmbh.shop\/it\/product\/gaskocher-haeger-1-n5-h-90-mm\/","title":{"rendered":"Gaskocher Haeger 1-N5-H (90 mm)"},"content":{"rendered":"<p>Se state pensando di rinnovare la vostra cucina, acquistate <b>Gaskocher Haeger 1-N5-H (90 mm)<\/b> e altri <b>Produkte Haeger<\/b>! La migliore qualit\u00e0 al miglior prezzo \u00e8 immediatamente a portata di mano.<\/p>\n<ul>\n<li>Caratteristiche:\n<ul>\n<li>Gasbetrieben<\/li>\n<li>Einstellbarer Vorbau<\/li>\n<\/ul>\n<\/li>\n<li>Herde: 1<\/li>\n<li>Materiale:\n<ul>\n<li>Bronze<\/li>\n<li>Acciaio inox<\/li>\n<li>Gusseisen<\/li>\n<\/ul>\n<\/li>\n<li>Durchmesser: 90 mm<\/li>\n<li>Fonte di alimentazione:\n<ul>\n<li>Gasbetrieben<\/li>\n<li>Gas<\/li>\n<\/ul>\n<\/li>\n<li>Installationsart: Kostenlose Installation<\/li>\n<li>Kochbereiche: 1<\/li>\n<li>Colore: argento<\/li>\n<\/ul>","protected":false},"excerpt":{"rendered":"<p>Wenn du mit dem Gedanken spielst, deine K\u00fcche zu renovieren, kaufe Gaskocher Haeger 1-N5-H (90 mm) und andere Produkte Haeger! Die beste Qualit\u00e4t zum g\u00fcnstigsten Preis liegt sofort in deiner Reichweite. Merkmale: Gasbetrieben Einstellbarer Vorbau Herde: 1 Material: Bronze Edelstahl Gusseisen Durchmesser: 90 mm Stromquelle: Gasbetrieben Gas Installationsart: Kostenlose Installation Kochbereiche: 1 Farbe: Silberfarben<\/p>","protected":false},"featured_media":13523,"comment_status":"open","ping_status":"closed","template":"","meta":{"inline_featured_image":false},"product_brand":[],"product_cat":[181,182,180],"product_tag":[559,651],"class_list":{"0":"post-13524","1":"product","2":"type-product","3":"status-publish","4":"has-post-thumbnail","6":"product_cat-camping-und-berge","7":"product_cat-camping-und-bergzubehor","8":"product_cat-sport-freizeit","9":"product_tag-tag_930","10":"product_tag-tag_926","12":"first","13":"outofstock","14":"taxable","15":"shipping-taxable","16":"purchasable","17":"product-type-simple"},"aioseo_notices":[],"jetpack_sharing_enabled":true,"_links":{"self":[{"href":"https:\/\/wildgear.itc-gmbh.shop\/it\/wp-json\/wp\/v2\/product\/13524","targetHints":{"allow":["GET"]}}],"collection":[{"href":"https:\/\/wildgear.itc-gmbh.shop\/it\/wp-json\/wp\/v2\/product"}],"about":[{"href":"https:\/\/wildgear.itc-gmbh.shop\/it\/wp-json\/wp\/v2\/types\/product"}],"replies":[{"embeddable":true,"href":"https:\/\/wildgear.itc-gmbh.shop\/it\/wp-json\/wp\/v2\/comments?post=13524"}],"wp:featuredmedia":[{"embeddable":true,"href":"https:\/\/wildgear.itc-gmbh.shop\/it\/wp-json\/wp\/v2\/media\/13523"}],"wp:attachment":[{"href":"https:\/\/wildgear.itc-gmbh.shop\/it\/wp-json\/wp\/v2\/media?parent=13524"}],"wp:term":[{"taxonomy":"product_brand","embeddable":true,"href":"https:\/\/wildgear.itc-gmbh.shop\/it\/wp-json\/wp\/v2\/product_brand?post=13524"},{"taxonomy":"product_cat","embeddable":true,"href":"https:\/\/wildgear.itc-gmbh.shop\/it\/wp-json\/wp\/v2\/product_cat?post=13524"},{"taxonomy":"product_tag","embeddable":true,"href":"https:\/\/wildgear.itc-gmbh.shop\/it\/wp-json\/wp\/v2\/product_tag?post=13524"}],"curies":[{"name":"wp","href":"https:\/\/api.w.org\/{rel}","templated":true}]}}