{"id":13566,"date":"2024-05-27T03:34:59","date_gmt":"2024-05-27T03:34:59","guid":{"rendered":"https:\/\/outdoor.itc-gmbh.shop\/product\/tisch-und-sitzbank-set-aktive-85-x-67-x-64-cm\/"},"modified":"2024-05-27T03:35:01","modified_gmt":"2024-05-27T03:35:01","slug":"tisch-und-sitzbank-set-aktive-85-x-67-x-64-cm","status":"publish","type":"product","link":"https:\/\/wildgear.itc-gmbh.shop\/it\/product\/tisch-und-sitzbank-set-aktive-85-x-67-x-64-cm\/","title":{"rendered":"Tisch- und Sitzbank-Set Aktive 85 x 67 x 64 cm"},"content":{"rendered":"<p>Con questi suggerimenti che faranno la gioia di grandi e piccini, il divertimento estivo \u00e8 assicurato! Acquista <b>Tisch- und Sitzbank-Set Aktive 85 x 67 x 64 cm<\/b>] e godetevi il vostro tempo libero!<\/p>\n<ul>\n<li>Materiale: alluminio<\/li>\n<li>Merkmale: Leicht zu reinigen<\/li>\n<li>Ma\u00dfe ca.: 85 x 67 x 64 cm<\/li>\n<\/ul>","protected":false},"excerpt":{"rendered":"<p>Mit diesen Vorschl\u00e4gen, die Jung und Alt begeistern werden, ist der Sommerspa\u00df garantiert! Kaufen Sie Tisch- und Sitzbank-Set Aktive 85 x 67 x 64 cm] und genie\u00dfen Sie Ihre Freizeit! Material: Aluminium Merkmale: Leicht zu reinigen Ma\u00dfe ca.: 85 x 67 x 64 cm<\/p>","protected":false},"featured_media":13565,"comment_status":"open","ping_status":"closed","template":"","meta":{"inline_featured_image":false},"product_brand":[],"product_cat":[181,182,180],"product_tag":[179,177,178],"class_list":{"0":"post-13566","1":"product","2":"type-product","3":"status-publish","4":"has-post-thumbnail","6":"product_cat-camping-und-berge","7":"product_cat-camping-und-bergzubehor","8":"product_cat-sport-freizeit","9":"product_tag-tag_89","10":"product_tag-tag_3","11":"product_tag-tag_17","13":"first","14":"outofstock","15":"taxable","16":"shipping-taxable","17":"purchasable","18":"product-type-simple"},"aioseo_notices":[],"jetpack_sharing_enabled":true,"_links":{"self":[{"href":"https:\/\/wildgear.itc-gmbh.shop\/it\/wp-json\/wp\/v2\/product\/13566","targetHints":{"allow":["GET"]}}],"collection":[{"href":"https:\/\/wildgear.itc-gmbh.shop\/it\/wp-json\/wp\/v2\/product"}],"about":[{"href":"https:\/\/wildgear.itc-gmbh.shop\/it\/wp-json\/wp\/v2\/types\/product"}],"replies":[{"embeddable":true,"href":"https:\/\/wildgear.itc-gmbh.shop\/it\/wp-json\/wp\/v2\/comments?post=13566"}],"wp:featuredmedia":[{"embeddable":true,"href":"https:\/\/wildgear.itc-gmbh.shop\/it\/wp-json\/wp\/v2\/media\/13565"}],"wp:attachment":[{"href":"https:\/\/wildgear.itc-gmbh.shop\/it\/wp-json\/wp\/v2\/media?parent=13566"}],"wp:term":[{"taxonomy":"product_brand","embeddable":true,"href":"https:\/\/wildgear.itc-gmbh.shop\/it\/wp-json\/wp\/v2\/product_brand?post=13566"},{"taxonomy":"product_cat","embeddable":true,"href":"https:\/\/wildgear.itc-gmbh.shop\/it\/wp-json\/wp\/v2\/product_cat?post=13566"},{"taxonomy":"product_tag","embeddable":true,"href":"https:\/\/wildgear.itc-gmbh.shop\/it\/wp-json\/wp\/v2\/product_tag?post=13566"}],"curies":[{"name":"wp","href":"https:\/\/api.w.org\/{rel}","templated":true}]}}