{"id":13930,"date":"2024-05-27T03:41:04","date_gmt":"2024-05-27T03:41:04","guid":{"rendered":"https:\/\/outdoor.itc-gmbh.shop\/product\/gaskartusche-super-ego-romassgas-seh024600-2400-oc\/"},"modified":"2024-05-27T03:41:05","modified_gmt":"2024-05-27T03:41:05","slug":"gaskartusche-super-ego-romassgas-seh024600-2400-oc","status":"publish","type":"product","link":"https:\/\/wildgear.itc-gmbh.shop\/it\/product\/gaskartusche-super-ego-romassgas-seh024600-2400-oc\/","title":{"rendered":"Gaskartusche Super Ego Romassgas seh024600 2400 \u00baC"},"content":{"rendered":"<p>Rimanete in forma e scoprite le ultime innovazioni del settore per praticare lo sport nelle migliori condizioni! Acquista ora <b>Gaskartusche Super Ego Romassgas seh024600 2400 \u00baC<\/b> al miglior prezzo e godetevi una vita sana!<\/p>\n<ul>\n<li>Merkmale: Sicherheitsventil<\/li>\n<li>Gewindegr\u00f6\u00dfe: 1&#8243;<\/li>\n<li>Temperatur max.: 2400 \u00baC<\/li>\n<li>Materiale: acciaio inox<\/li>\n<li>St\u00fcck: 1<\/li>\n<\/ul>","protected":false},"excerpt":{"rendered":"<p>Bleiben Sie in Form und entdecken Sie die neuesten Innovationen der Branche, um mit den besten Voraussetzungen Sport zu betreiben! Kaufen Sie Gaskartusche Super Ego Romassgas seh024600 2400 \u00baC zum besten Preis und genie\u00dfen Sie ein gesundes Leben! Merkmale: Sicherheitsventil Gewindegr\u00f6\u00dfe: 1&#8243; Temperatur max.: 2400 \u00baC Material: Edelstahl St\u00fcck: 1<\/p>","protected":false},"featured_media":13929,"comment_status":"open","ping_status":"closed","template":"","meta":{"inline_featured_image":false},"product_brand":[],"product_cat":[181,182,180],"product_tag":[177,178],"class_list":{"0":"post-13930","1":"product","2":"type-product","3":"status-publish","4":"has-post-thumbnail","6":"product_cat-camping-und-berge","7":"product_cat-camping-und-bergzubehor","8":"product_cat-sport-freizeit","9":"product_tag-tag_3","10":"product_tag-tag_17","12":"first","13":"instock","14":"taxable","15":"shipping-taxable","16":"purchasable","17":"product-type-simple"},"aioseo_notices":[],"jetpack_sharing_enabled":true,"_links":{"self":[{"href":"https:\/\/wildgear.itc-gmbh.shop\/it\/wp-json\/wp\/v2\/product\/13930","targetHints":{"allow":["GET"]}}],"collection":[{"href":"https:\/\/wildgear.itc-gmbh.shop\/it\/wp-json\/wp\/v2\/product"}],"about":[{"href":"https:\/\/wildgear.itc-gmbh.shop\/it\/wp-json\/wp\/v2\/types\/product"}],"replies":[{"embeddable":true,"href":"https:\/\/wildgear.itc-gmbh.shop\/it\/wp-json\/wp\/v2\/comments?post=13930"}],"wp:featuredmedia":[{"embeddable":true,"href":"https:\/\/wildgear.itc-gmbh.shop\/it\/wp-json\/wp\/v2\/media\/13929"}],"wp:attachment":[{"href":"https:\/\/wildgear.itc-gmbh.shop\/it\/wp-json\/wp\/v2\/media?parent=13930"}],"wp:term":[{"taxonomy":"product_brand","embeddable":true,"href":"https:\/\/wildgear.itc-gmbh.shop\/it\/wp-json\/wp\/v2\/product_brand?post=13930"},{"taxonomy":"product_cat","embeddable":true,"href":"https:\/\/wildgear.itc-gmbh.shop\/it\/wp-json\/wp\/v2\/product_cat?post=13930"},{"taxonomy":"product_tag","embeddable":true,"href":"https:\/\/wildgear.itc-gmbh.shop\/it\/wp-json\/wp\/v2\/product_tag?post=13930"}],"curies":[{"name":"wp","href":"https:\/\/api.w.org\/{rel}","templated":true}]}}