{"id":13932,"date":"2024-05-27T03:41:06","date_gmt":"2024-05-27T03:41:06","guid":{"rendered":"https:\/\/outdoor.itc-gmbh.shop\/product\/korb-edm-korb-45-x-30-x-23-cm\/"},"modified":"2024-05-27T03:41:07","modified_gmt":"2024-05-27T03:41:07","slug":"korb-edm-korb-45-x-30-x-23-cm","status":"publish","type":"product","link":"https:\/\/wildgear.itc-gmbh.shop\/it\/product\/korb-edm-korb-45-x-30-x-23-cm\/","title":{"rendered":"Korb EDM korb 45 x 30 x 23 cm"},"content":{"rendered":"<p>Rimanete in forma e scoprite le ultime innovazioni del settore per praticare lo sport nelle migliori condizioni! Acquista ora <b>Korb EDM korb 45 x 30 x 23 cm<\/b> al miglior prezzo e godetevi una vita sana!<\/p>\n<ul>\n<li>Farbe: nat\u00fcrlich<\/li>\n<li>Art: Korb<\/li>\n<li>Materiale: cestino<\/li>\n<li>Caratteristiche:\n<ul>\n<li>Maniglia di trasporto<\/li>\n<li>Robust und langlebig<\/li>\n<\/ul>\n<\/li>\n<li>Design: Handwerks-Stil<\/li>\n<li>Ma\u00dfe ca.: 45 x 30 x 23 cm<\/li>\n<\/ul>","protected":false},"excerpt":{"rendered":"<p>Bleiben Sie in Form und entdecken Sie die neuesten Innovationen der Branche, um mit den besten Voraussetzungen Sport zu betreiben! Kaufen Sie Korb EDM korb 45 x 30 x 23 cm zum besten Preis und genie\u00dfen Sie ein gesundes Leben! Farbe: nat\u00fcrlich Art: Korb Material: korb Merkmale: Tragegriff Robust und langlebig Design: Handwerks-Stil Ma\u00dfe ca.: &hellip; <\/p>\n<p class=\"more-link-wrap\"><a href=\"https:\/\/wildgear.itc-gmbh.shop\/it\/product\/korb-edm-korb-45-x-30-x-23-cm\/\" class=\"more-link\"><span>Read More<span class=\"screen-reader-text\"> &#8220;Korb EDM korb 45 x 30 x 23 cm&#8221;<\/span><\/span><\/a><\/p>","protected":false},"featured_media":13931,"comment_status":"open","ping_status":"closed","template":"","meta":{"inline_featured_image":false},"product_brand":[],"product_cat":[181,182,180],"product_tag":[177,178],"class_list":{"0":"post-13932","1":"product","2":"type-product","3":"status-publish","4":"has-post-thumbnail","6":"product_cat-camping-und-berge","7":"product_cat-camping-und-bergzubehor","8":"product_cat-sport-freizeit","9":"product_tag-tag_3","10":"product_tag-tag_17","12":"first","13":"instock","14":"taxable","15":"shipping-taxable","16":"purchasable","17":"product-type-simple"},"aioseo_notices":[],"jetpack_sharing_enabled":true,"_links":{"self":[{"href":"https:\/\/wildgear.itc-gmbh.shop\/it\/wp-json\/wp\/v2\/product\/13932","targetHints":{"allow":["GET"]}}],"collection":[{"href":"https:\/\/wildgear.itc-gmbh.shop\/it\/wp-json\/wp\/v2\/product"}],"about":[{"href":"https:\/\/wildgear.itc-gmbh.shop\/it\/wp-json\/wp\/v2\/types\/product"}],"replies":[{"embeddable":true,"href":"https:\/\/wildgear.itc-gmbh.shop\/it\/wp-json\/wp\/v2\/comments?post=13932"}],"wp:featuredmedia":[{"embeddable":true,"href":"https:\/\/wildgear.itc-gmbh.shop\/it\/wp-json\/wp\/v2\/media\/13931"}],"wp:attachment":[{"href":"https:\/\/wildgear.itc-gmbh.shop\/it\/wp-json\/wp\/v2\/media?parent=13932"}],"wp:term":[{"taxonomy":"product_brand","embeddable":true,"href":"https:\/\/wildgear.itc-gmbh.shop\/it\/wp-json\/wp\/v2\/product_brand?post=13932"},{"taxonomy":"product_cat","embeddable":true,"href":"https:\/\/wildgear.itc-gmbh.shop\/it\/wp-json\/wp\/v2\/product_cat?post=13932"},{"taxonomy":"product_tag","embeddable":true,"href":"https:\/\/wildgear.itc-gmbh.shop\/it\/wp-json\/wp\/v2\/product_tag?post=13932"}],"curies":[{"name":"wp","href":"https:\/\/api.w.org\/{rel}","templated":true}]}}