{"id":14087,"date":"2024-05-27T03:43:36","date_gmt":"2024-05-27T03:43:36","guid":{"rendered":"https:\/\/outdoor.itc-gmbh.shop\/product\/trekking-stock-viking-610-24-1617-0970-uni-blau-schwarz\/"},"modified":"2024-05-27T03:43:48","modified_gmt":"2024-05-27T03:43:48","slug":"trekking-stock-viking-610-24-1617-0970-uni-blau-schwarz","status":"publish","type":"product","link":"https:\/\/wildgear.itc-gmbh.shop\/it\/product\/trekking-stock-viking-610-24-1617-0970-uni-blau-schwarz\/","title":{"rendered":"Trekking-Stock Viking 610\/24\/1617\/0970\/UNI            Blau Schwarz"},"content":{"rendered":"<p>Rimanete in forma e scoprite le ultime innovazioni del settore per praticare lo sport nelle migliori condizioni! Acquista ora <b>Trekking-Stock Viking 610\/24\/1617\/0970\/UNI            Blau Schwarz<\/b> al miglior prezzo e godetevi una vita sana!<\/p>\n<ul>\n<li>Tipo: Set di 2 bastoncini da trekking<\/li>\n<li>Colore:\n<ul>\n<li>Blu<\/li>\n<li>Nero<\/li>\n<\/ul>\n<\/li>\n<li>Materiale:\n<ul>\n<li>Alluminio<\/li>\n<li>Polipropilene<\/li>\n<li>EVA<\/li>\n<\/ul>\n<\/li>\n<li>Pezzo: 2 pezzi<\/li>\n<\/ul>","protected":false},"excerpt":{"rendered":"<p>Bleiben Sie in Form und entdecken Sie die neuesten Innovationen der Branche, um mit den besten Voraussetzungen Sport zu betreiben! Kaufen Sie Trekking-Stock Viking 610\/24\/1617\/0970\/UNI Blau Schwarz zum besten Preis und genie\u00dfen Sie ein gesundes Leben! Art: 2er Set Trekking-St\u00f6cke Farbe: Blau Schwarz Material: Aluminium Polypropylen EVA St\u00fcck: 2 St\u00fcck<\/p>","protected":false},"featured_media":14086,"comment_status":"open","ping_status":"closed","template":"","meta":{"inline_featured_image":false},"product_brand":[],"product_cat":[181,182,180],"product_tag":[177,178],"class_list":{"0":"post-14087","1":"product","2":"type-product","3":"status-publish","4":"has-post-thumbnail","6":"product_cat-camping-und-berge","7":"product_cat-camping-und-bergzubehor","8":"product_cat-sport-freizeit","9":"product_tag-tag_3","10":"product_tag-tag_17","12":"first","13":"outofstock","14":"taxable","15":"shipping-taxable","16":"purchasable","17":"product-type-simple"},"aioseo_notices":[],"jetpack_sharing_enabled":true,"_links":{"self":[{"href":"https:\/\/wildgear.itc-gmbh.shop\/it\/wp-json\/wp\/v2\/product\/14087","targetHints":{"allow":["GET"]}}],"collection":[{"href":"https:\/\/wildgear.itc-gmbh.shop\/it\/wp-json\/wp\/v2\/product"}],"about":[{"href":"https:\/\/wildgear.itc-gmbh.shop\/it\/wp-json\/wp\/v2\/types\/product"}],"replies":[{"embeddable":true,"href":"https:\/\/wildgear.itc-gmbh.shop\/it\/wp-json\/wp\/v2\/comments?post=14087"}],"wp:featuredmedia":[{"embeddable":true,"href":"https:\/\/wildgear.itc-gmbh.shop\/it\/wp-json\/wp\/v2\/media\/14086"}],"wp:attachment":[{"href":"https:\/\/wildgear.itc-gmbh.shop\/it\/wp-json\/wp\/v2\/media?parent=14087"}],"wp:term":[{"taxonomy":"product_brand","embeddable":true,"href":"https:\/\/wildgear.itc-gmbh.shop\/it\/wp-json\/wp\/v2\/product_brand?post=14087"},{"taxonomy":"product_cat","embeddable":true,"href":"https:\/\/wildgear.itc-gmbh.shop\/it\/wp-json\/wp\/v2\/product_cat?post=14087"},{"taxonomy":"product_tag","embeddable":true,"href":"https:\/\/wildgear.itc-gmbh.shop\/it\/wp-json\/wp\/v2\/product_tag?post=14087"}],"curies":[{"name":"wp","href":"https:\/\/api.w.org\/{rel}","templated":true}]}}