{"id":14251,"date":"2024-05-27T03:45:47","date_gmt":"2024-05-27T03:45:47","guid":{"rendered":"https:\/\/outdoor.itc-gmbh.shop\/product\/multifunktionsmesser-true-nailclip-tu215k-nagelknipser-6-in-1-silber\/"},"modified":"2024-05-27T03:45:49","modified_gmt":"2024-05-27T03:45:49","slug":"multifunktionsmesser-true-nailclip-tu215k-nagelknipser-6-in-1-silber","status":"publish","type":"product","link":"https:\/\/wildgear.itc-gmbh.shop\/it\/product\/multifunktionsmesser-true-nailclip-tu215k-nagelknipser-6-in-1-silber\/","title":{"rendered":"Multifunktionsmesser True Nailclip tu215k Nagelknipser 6 in 1 Silber"},"content":{"rendered":"<p>Rimanete in forma e scoprite le ultime innovazioni del settore per praticare lo sport nelle migliori condizioni! Acquista ora <b>Multifunktionsmesser True Nailclip tu215k Nagelknipser 6 in 1 Silber<\/b> al miglior prezzo e godetevi una vita sana!<\/p>\n<ul>\n<li>Art:\n<ul>\n<li>Multifunktionsmesser<\/li>\n<li>Nagelfeile<\/li>\n<\/ul>\n<\/li>\n<li>Incluso:\n<ul>\n<li>Messer<\/li>\n<li>Forbici<\/li>\n<li>Schraubenzieher<\/li>\n<li>Nagelknipser<\/li>\n<\/ul>\n<\/li>\n<li>Geeignet f\u00fcr: Schl\u00fcsselanh\u00e4nger<\/li>\n<li>Merkmale: 6 in 1<\/li>\n<li>Farbe: Silber<\/li>\n<li>Materiale: acciaio inox<\/li>\n<\/ul>","protected":false},"excerpt":{"rendered":"<p>Bleiben Sie in Form und entdecken Sie die neuesten Innovationen der Branche, um mit den besten Voraussetzungen Sport zu betreiben! Kaufen Sie Multifunktionsmesser True Nailclip tu215k Nagelknipser 6 in 1 Silber zum besten Preis und genie\u00dfen Sie ein gesundes Leben! Art: Multifunktionsmesser Nagelfeile Enthalten: Messer Schere Schraubenzieher Nagelknipser Geeignet f\u00fcr: Schl\u00fcsselanh\u00e4nger Merkmale: 6 in 1 &hellip; <\/p>\n<p class=\"more-link-wrap\"><a href=\"https:\/\/wildgear.itc-gmbh.shop\/it\/product\/multifunktionsmesser-true-nailclip-tu215k-nagelknipser-6-in-1-silber\/\" class=\"more-link\"><span>Read More<span class=\"screen-reader-text\"> &#8220;Multifunktionsmesser True Nailclip tu215k Nagelknipser 6 in 1 Silber&#8221;<\/span><\/span><\/a><\/p>","protected":false},"featured_media":14250,"comment_status":"open","ping_status":"closed","template":"","meta":{"inline_featured_image":false},"product_brand":[],"product_cat":[181,182,180],"product_tag":[193,177],"class_list":{"0":"post-14251","1":"product","2":"type-product","3":"status-publish","4":"has-post-thumbnail","6":"product_cat-camping-und-berge","7":"product_cat-camping-und-bergzubehor","8":"product_cat-sport-freizeit","9":"product_tag-tag_25","10":"product_tag-tag_3","12":"first","13":"instock","14":"taxable","15":"shipping-taxable","16":"purchasable","17":"product-type-simple"},"aioseo_notices":[],"jetpack_sharing_enabled":true,"_links":{"self":[{"href":"https:\/\/wildgear.itc-gmbh.shop\/it\/wp-json\/wp\/v2\/product\/14251","targetHints":{"allow":["GET"]}}],"collection":[{"href":"https:\/\/wildgear.itc-gmbh.shop\/it\/wp-json\/wp\/v2\/product"}],"about":[{"href":"https:\/\/wildgear.itc-gmbh.shop\/it\/wp-json\/wp\/v2\/types\/product"}],"replies":[{"embeddable":true,"href":"https:\/\/wildgear.itc-gmbh.shop\/it\/wp-json\/wp\/v2\/comments?post=14251"}],"wp:featuredmedia":[{"embeddable":true,"href":"https:\/\/wildgear.itc-gmbh.shop\/it\/wp-json\/wp\/v2\/media\/14250"}],"wp:attachment":[{"href":"https:\/\/wildgear.itc-gmbh.shop\/it\/wp-json\/wp\/v2\/media?parent=14251"}],"wp:term":[{"taxonomy":"product_brand","embeddable":true,"href":"https:\/\/wildgear.itc-gmbh.shop\/it\/wp-json\/wp\/v2\/product_brand?post=14251"},{"taxonomy":"product_cat","embeddable":true,"href":"https:\/\/wildgear.itc-gmbh.shop\/it\/wp-json\/wp\/v2\/product_cat?post=14251"},{"taxonomy":"product_tag","embeddable":true,"href":"https:\/\/wildgear.itc-gmbh.shop\/it\/wp-json\/wp\/v2\/product_tag?post=14251"}],"curies":[{"name":"wp","href":"https:\/\/api.w.org\/{rel}","templated":true}]}}