{"id":14446,"date":"2024-05-27T03:48:34","date_gmt":"2024-05-27T03:48:34","guid":{"rendered":"https:\/\/outdoor.itc-gmbh.shop\/product\/kettensaegenschwert-bosch-nanoblade-easycut-50-holz-multiwerkzeug\/"},"modified":"2024-05-27T03:48:37","modified_gmt":"2024-05-27T03:48:37","slug":"kettensaegenschwert-bosch-nanoblade-easycut-50-holz-multiwerkzeug","status":"publish","type":"product","link":"https:\/\/wildgear.itc-gmbh.shop\/it\/product\/kettensaegenschwert-bosch-nanoblade-easycut-50-holz-multiwerkzeug\/","title":{"rendered":"Kettens\u00e4genschwert BOSCH Nanoblade Easycut 50 Holz Multiwerkzeug"},"content":{"rendered":"<p>Se nell'arredare la vostra casa tenete molto ai dettagli e volete essere sempre aggiornati sui prodotti che vi semplificano la vita, acquistate <b>Kettens\u00e4genschwert BOSCH Nanoblade Easycut 50 Holz Multiwerkzeug<\/b> al miglior prezzo.<\/p>\n<ul>\n<li>Empfohlene verwendung: Holz<\/li>\n<li>Adatto per: Multi-tool<\/li>\n<li>Art:\n<ul>\n<li>Zubeh\u00f6r f\u00fcr Multi-Tool<\/li>\n<li>Kettens\u00e4genschwert<\/li>\n<\/ul>\n<\/li>\n<\/ul>","protected":false},"excerpt":{"rendered":"<p>Wenn Sie bei der Einrichtung ihres Heims Wert auf Details legen und bei Produkten, die Ihnen das Leben leichter machen, auf dem letzten Stand sein m\u00f6chten, dann kaufen Sie Kettens\u00e4genschwert BOSCH Nanoblade Easycut 50 Holz Multiwerkzeug zum besten Preis. Empfohlene verwendung: Holz Geeignet f\u00fcr: Multiwerkzeug Art: Zubeh\u00f6r f\u00fcr Multi-Tool Kettens\u00e4genschwert<\/p>","protected":false},"featured_media":14445,"comment_status":"open","ping_status":"closed","template":"","meta":{"inline_featured_image":false},"product_brand":[],"product_cat":[181,182,180],"product_tag":[193,188,177],"class_list":{"0":"post-14446","1":"product","2":"type-product","3":"status-publish","4":"has-post-thumbnail","6":"product_cat-camping-und-berge","7":"product_cat-camping-und-bergzubehor","8":"product_cat-sport-freizeit","9":"product_tag-tag_25","10":"product_tag-tag_1304","11":"product_tag-tag_3","13":"first","14":"outofstock","15":"taxable","16":"shipping-taxable","17":"purchasable","18":"product-type-simple"},"aioseo_notices":[],"jetpack_sharing_enabled":true,"_links":{"self":[{"href":"https:\/\/wildgear.itc-gmbh.shop\/it\/wp-json\/wp\/v2\/product\/14446","targetHints":{"allow":["GET"]}}],"collection":[{"href":"https:\/\/wildgear.itc-gmbh.shop\/it\/wp-json\/wp\/v2\/product"}],"about":[{"href":"https:\/\/wildgear.itc-gmbh.shop\/it\/wp-json\/wp\/v2\/types\/product"}],"replies":[{"embeddable":true,"href":"https:\/\/wildgear.itc-gmbh.shop\/it\/wp-json\/wp\/v2\/comments?post=14446"}],"wp:featuredmedia":[{"embeddable":true,"href":"https:\/\/wildgear.itc-gmbh.shop\/it\/wp-json\/wp\/v2\/media\/14445"}],"wp:attachment":[{"href":"https:\/\/wildgear.itc-gmbh.shop\/it\/wp-json\/wp\/v2\/media?parent=14446"}],"wp:term":[{"taxonomy":"product_brand","embeddable":true,"href":"https:\/\/wildgear.itc-gmbh.shop\/it\/wp-json\/wp\/v2\/product_brand?post=14446"},{"taxonomy":"product_cat","embeddable":true,"href":"https:\/\/wildgear.itc-gmbh.shop\/it\/wp-json\/wp\/v2\/product_cat?post=14446"},{"taxonomy":"product_tag","embeddable":true,"href":"https:\/\/wildgear.itc-gmbh.shop\/it\/wp-json\/wp\/v2\/product_tag?post=14446"}],"curies":[{"name":"wp","href":"https:\/\/api.w.org\/{rel}","templated":true}]}}