{"id":14924,"date":"2024-05-27T03:55:43","date_gmt":"2024-05-27T03:55:43","guid":{"rendered":"https:\/\/outdoor.itc-gmbh.shop\/product\/rutschfeste-steigeisen-viking-soltoro-xl\/"},"modified":"2024-05-27T03:55:44","modified_gmt":"2024-05-27T03:55:44","slug":"rutschfeste-steigeisen-viking-soltoro-xl","status":"publish","type":"product","link":"https:\/\/wildgear.itc-gmbh.shop\/it\/product\/rutschfeste-steigeisen-viking-soltoro-xl\/","title":{"rendered":"Rutschfeste Steigeisen Viking SOLTORO XL"},"content":{"rendered":"<p>Rimanete in forma e scoprite le ultime innovazioni del settore per praticare lo sport nelle migliori condizioni! Acquista ora <b>Rutschfeste Steigeisen Viking SOLTORO XL<\/b> al miglior prezzo e godetevi una vita sana!<\/p>\n<ul>\n<li>Colore:\n<ul>\n<li>Gelb<\/li>\n<li>Nero<\/li>\n<li>Acciaio<\/li>\n<\/ul>\n<\/li>\n<li>Materiale:\n<ul>\n<li>Silicone<\/li>\n<li>Acciaio inox<\/li>\n<li>Kautschuk<\/li>\n<li>Acryl<\/li>\n<\/ul>\n<\/li>\n<li>Gr\u00f6\u00dfe: XL<\/li>\n<li>Genere: adulti unisex<\/li>\n<\/ul>","protected":false},"excerpt":{"rendered":"<p>Bleiben Sie in Form und entdecken Sie die neuesten Innovationen der Branche, um mit den besten Voraussetzungen Sport zu betreiben! Kaufen Sie Rutschfeste Steigeisen Viking SOLTORO XL zum besten Preis und genie\u00dfen Sie ein gesundes Leben! Farbe: Gelb Schwarz Stahl Material: Silikon Edelstahl Kautschuk Acryl Gr\u00f6\u00dfe: XL Geschlecht: Unisex-Erwachsene<\/p>","protected":false},"featured_media":14923,"comment_status":"open","ping_status":"closed","template":"","meta":{"inline_featured_image":false},"product_brand":[],"product_cat":[181,182,180],"product_tag":[213,178],"class_list":{"0":"post-14924","1":"product","2":"type-product","3":"status-publish","4":"has-post-thumbnail","6":"product_cat-camping-und-berge","7":"product_cat-camping-und-bergzubehor","8":"product_cat-sport-freizeit","9":"product_tag-tag_69","10":"product_tag-tag_17","12":"first","13":"outofstock","14":"taxable","15":"shipping-taxable","16":"purchasable","17":"product-type-simple"},"aioseo_notices":[],"jetpack_sharing_enabled":true,"_links":{"self":[{"href":"https:\/\/wildgear.itc-gmbh.shop\/it\/wp-json\/wp\/v2\/product\/14924","targetHints":{"allow":["GET"]}}],"collection":[{"href":"https:\/\/wildgear.itc-gmbh.shop\/it\/wp-json\/wp\/v2\/product"}],"about":[{"href":"https:\/\/wildgear.itc-gmbh.shop\/it\/wp-json\/wp\/v2\/types\/product"}],"replies":[{"embeddable":true,"href":"https:\/\/wildgear.itc-gmbh.shop\/it\/wp-json\/wp\/v2\/comments?post=14924"}],"wp:featuredmedia":[{"embeddable":true,"href":"https:\/\/wildgear.itc-gmbh.shop\/it\/wp-json\/wp\/v2\/media\/14923"}],"wp:attachment":[{"href":"https:\/\/wildgear.itc-gmbh.shop\/it\/wp-json\/wp\/v2\/media?parent=14924"}],"wp:term":[{"taxonomy":"product_brand","embeddable":true,"href":"https:\/\/wildgear.itc-gmbh.shop\/it\/wp-json\/wp\/v2\/product_brand?post=14924"},{"taxonomy":"product_cat","embeddable":true,"href":"https:\/\/wildgear.itc-gmbh.shop\/it\/wp-json\/wp\/v2\/product_cat?post=14924"},{"taxonomy":"product_tag","embeddable":true,"href":"https:\/\/wildgear.itc-gmbh.shop\/it\/wp-json\/wp\/v2\/product_tag?post=14924"}],"curies":[{"name":"wp","href":"https:\/\/api.w.org\/{rel}","templated":true}]}}