{"id":14991,"date":"2024-05-27T03:56:41","date_gmt":"2024-05-27T03:56:41","guid":{"rendered":"https:\/\/outdoor.itc-gmbh.shop\/product\/kinderteleskop-bresser-lunette-astronomique-45-600-az\/"},"modified":"2024-05-27T03:56:43","modified_gmt":"2024-05-27T03:56:43","slug":"kinderteleskop-bresser-lunette-astronomique-45-600-az","status":"publish","type":"product","link":"https:\/\/wildgear.itc-gmbh.shop\/it\/product\/kinderteleskop-bresser-lunette-astronomique-45-600-az\/","title":{"rendered":"Kinderteleskop Bresser Lunette astronomique 45\/600 AZ"},"content":{"rendered":"<p>Vogliamo solo il meglio per i nostri bambini, ed \u00e8 per questo che desideriamo offrirvi <b>Kinderteleskop Bresser Lunette astronomique 45\/600 AZ<\/b> perfetto per chi cerca prodotti di alta qualit\u00e0 per i propri piccoli. Acquista ora <b>Bresser<\/b> ai prezzi migliori!<\/p>\n<ul>\n<li>Art: Refraktor<\/li>\n<li>Colore: Rosso<\/li>\n<li>Jahr: 2016<\/li>\n<li>Fonte di alimentazione: Batteria<\/li>\n<li>Gewicht: 1,7 kg<\/li>\n<\/ul>","protected":false},"excerpt":{"rendered":"<p>F\u00fcr unsere Kinder m\u00f6chten wir nur das Beste, und deshalb m\u00f6chten wir Ihnen Kinderteleskop Bresser Lunette astronomique 45\/600 AZ vorstellen, perfekt f\u00fcr alle, die qualitativ hochwertige Produkte f\u00fcr die Kleinsten suchen. Kaufen Sie Bresser zu den besten Preisen! Art: Refraktor Farbe: Rot Jahr: 2016 Stromquelle: Batterie Gewicht: 1,7 kg<\/p>","protected":false},"featured_media":14990,"comment_status":"open","ping_status":"closed","template":"","meta":{"inline_featured_image":false},"product_brand":[],"product_cat":[181,732,180],"product_tag":[188,474,208],"class_list":{"0":"post-14991","1":"product","2":"type-product","3":"status-publish","4":"has-post-thumbnail","6":"product_cat-camping-und-berge","7":"product_cat-fernglaser","8":"product_cat-sport-freizeit","9":"product_tag-tag_1304","10":"product_tag-tag_152","11":"product_tag-tag_650","13":"first","14":"instock","15":"taxable","16":"shipping-taxable","17":"purchasable","18":"product-type-simple"},"aioseo_notices":[],"jetpack_sharing_enabled":true,"_links":{"self":[{"href":"https:\/\/wildgear.itc-gmbh.shop\/it\/wp-json\/wp\/v2\/product\/14991","targetHints":{"allow":["GET"]}}],"collection":[{"href":"https:\/\/wildgear.itc-gmbh.shop\/it\/wp-json\/wp\/v2\/product"}],"about":[{"href":"https:\/\/wildgear.itc-gmbh.shop\/it\/wp-json\/wp\/v2\/types\/product"}],"replies":[{"embeddable":true,"href":"https:\/\/wildgear.itc-gmbh.shop\/it\/wp-json\/wp\/v2\/comments?post=14991"}],"wp:featuredmedia":[{"embeddable":true,"href":"https:\/\/wildgear.itc-gmbh.shop\/it\/wp-json\/wp\/v2\/media\/14990"}],"wp:attachment":[{"href":"https:\/\/wildgear.itc-gmbh.shop\/it\/wp-json\/wp\/v2\/media?parent=14991"}],"wp:term":[{"taxonomy":"product_brand","embeddable":true,"href":"https:\/\/wildgear.itc-gmbh.shop\/it\/wp-json\/wp\/v2\/product_brand?post=14991"},{"taxonomy":"product_cat","embeddable":true,"href":"https:\/\/wildgear.itc-gmbh.shop\/it\/wp-json\/wp\/v2\/product_cat?post=14991"},{"taxonomy":"product_tag","embeddable":true,"href":"https:\/\/wildgear.itc-gmbh.shop\/it\/wp-json\/wp\/v2\/product_tag?post=14991"}],"curies":[{"name":"wp","href":"https:\/\/api.w.org\/{rel}","templated":true}]}}