{"id":15006,"date":"2024-05-27T03:56:53","date_gmt":"2024-05-27T03:56:53","guid":{"rendered":"https:\/\/outdoor.itc-gmbh.shop\/product\/fernglaeser-bunt-2\/"},"modified":"2024-05-27T03:56:53","modified_gmt":"2024-05-27T03:56:53","slug":"fernglaeser-bunt-2","status":"publish","type":"product","link":"https:\/\/wildgear.itc-gmbh.shop\/it\/product\/fernglaeser-bunt-2\/","title":{"rendered":"Ferngl\u00e4ser Bunt"},"content":{"rendered":"<p>Vogliamo solo il meglio per i nostri bambini, ed \u00e8 per questo che desideriamo offrirvi <b>Ferngl\u00e4ser Bunt<\/b> perfetto per chi cerca prodotti di alta qualit\u00e0 per i propri piccoli. Acquista ora <b><\/b> ai prezzi migliori!<\/p>\n<ul>\n<li>Wichtige informationen: Das Bild zeigt m\u00f6glicherweise nicht alle verf\u00fcgbaren sortierten Modelle<\/li>\n<li>Colore: colorato<\/li>\n<li>Tipo: Giocattolo<\/li>\n<li>Pezzo: 1 pezzo<\/li>\n<li>Ma\u00dfe ca.: 29 x 15 cm<\/li>\n<\/ul>","protected":false},"excerpt":{"rendered":"<p>F\u00fcr unsere Kinder m\u00f6chten wir nur das Beste, und deshalb m\u00f6chten wir Ihnen Ferngl\u00e4ser Bunt vorstellen, perfekt f\u00fcr alle, die qualitativ hochwertige Produkte f\u00fcr die Kleinsten suchen. Kaufen Sie zu den besten Preisen! Wichtige informationen: Das Bild zeigt m\u00f6glicherweise nicht alle verf\u00fcgbaren sortierten Modelle Farbe: Bunt Art: Spielzeug St\u00fcck: 1 St\u00fcck Ma\u00dfe ca.: 29 x &hellip; <\/p>\n<p class=\"more-link-wrap\"><a href=\"https:\/\/wildgear.itc-gmbh.shop\/it\/product\/fernglaeser-bunt-2\/\" class=\"more-link\"><span>Read More<span class=\"screen-reader-text\"> &#8220;Ferngl\u00e4ser Bunt&#8221;<\/span><\/span><\/a><\/p>","protected":false},"featured_media":15005,"comment_status":"open","ping_status":"closed","template":"","meta":{"inline_featured_image":false},"product_brand":[],"product_cat":[181,732,180],"product_tag":[209,474,208],"class_list":{"0":"post-15006","1":"product","2":"type-product","3":"status-publish","4":"has-post-thumbnail","6":"product_cat-camping-und-berge","7":"product_cat-fernglaser","8":"product_cat-sport-freizeit","9":"product_tag-tag_768","10":"product_tag-tag_152","11":"product_tag-tag_650","13":"first","14":"outofstock","15":"taxable","16":"shipping-taxable","17":"purchasable","18":"product-type-simple"},"aioseo_notices":[],"jetpack_sharing_enabled":true,"_links":{"self":[{"href":"https:\/\/wildgear.itc-gmbh.shop\/it\/wp-json\/wp\/v2\/product\/15006","targetHints":{"allow":["GET"]}}],"collection":[{"href":"https:\/\/wildgear.itc-gmbh.shop\/it\/wp-json\/wp\/v2\/product"}],"about":[{"href":"https:\/\/wildgear.itc-gmbh.shop\/it\/wp-json\/wp\/v2\/types\/product"}],"replies":[{"embeddable":true,"href":"https:\/\/wildgear.itc-gmbh.shop\/it\/wp-json\/wp\/v2\/comments?post=15006"}],"wp:featuredmedia":[{"embeddable":true,"href":"https:\/\/wildgear.itc-gmbh.shop\/it\/wp-json\/wp\/v2\/media\/15005"}],"wp:attachment":[{"href":"https:\/\/wildgear.itc-gmbh.shop\/it\/wp-json\/wp\/v2\/media?parent=15006"}],"wp:term":[{"taxonomy":"product_brand","embeddable":true,"href":"https:\/\/wildgear.itc-gmbh.shop\/it\/wp-json\/wp\/v2\/product_brand?post=15006"},{"taxonomy":"product_cat","embeddable":true,"href":"https:\/\/wildgear.itc-gmbh.shop\/it\/wp-json\/wp\/v2\/product_cat?post=15006"},{"taxonomy":"product_tag","embeddable":true,"href":"https:\/\/wildgear.itc-gmbh.shop\/it\/wp-json\/wp\/v2\/product_tag?post=15006"}],"curies":[{"name":"wp","href":"https:\/\/api.w.org\/{rel}","templated":true}]}}