{"id":15946,"date":"2024-10-02T00:01:46","date_gmt":"2024-10-02T00:01:46","guid":{"rendered":"https:\/\/outdoor.itc-gmbh.shop\/product\/hut-new-era-new-york-yankees-einheitsgroesse-grau-gold\/"},"modified":"2024-10-02T00:01:46","modified_gmt":"2024-10-02T00:01:46","slug":"hut-new-era-new-york-yankees-einheitsgroesse-grau-gold","status":"publish","type":"product","link":"https:\/\/wildgear.itc-gmbh.shop\/it\/product\/hut-new-era-new-york-yankees-einheitsgroesse-grau-gold\/","title":{"rendered":"Hut New Era New York Yankees Einheitsgr\u00f6\u00dfe Grau Gold"},"content":{"rendered":"<p>Se desiderate rinnovare il vostro guardaroba, vi consigliamo di <b>Hut New Era New York Yankees Einheitsgr\u00f6\u00dfe Grau Gold<\/b> e altro <b> Produkte von New Era<\/b>! Ora per voi la migliore qualit\u00e0 al miglior prezzo!<\/p>\n<ul>\n<li>Dimensioni: taglia unica<\/li>\n<li>Colore:\n<ul>\n<li>Grigio<\/li>\n<li>Oro<\/li>\n<li>Colorato<\/li>\n<\/ul>\n<\/li>\n<li>Genere: Donna<\/li>\n<li>Et\u00e0 consigliata: Adulti<\/li>\n<li>Materiale: 100 acrilico %<\/li>\n<\/ul>","protected":false},"excerpt":{"rendered":"<p>Wenn Sie Ihren Kleiderschrank erneuern m\u00f6chten, empfehlen wir Ihnen Hut New Era New York Yankees Einheitsgr\u00f6\u00dfe Grau Gold und weitere Produkte von New Era! Jetzt f\u00fcr Sie die beste Qualit\u00e4t zum besten Preis! Gr\u00f6\u00dfe: Einheitsgr\u00f6\u00dfe Farbe: Grau Gold Bunt Geschlecht: Damen Empfohlenes Alter: Erwachsene Material: 100 % Acryl<\/p>","protected":false},"featured_media":15945,"comment_status":"open","ping_status":"closed","template":"","meta":{"inline_featured_image":false},"product_brand":[],"product_cat":[234,181,180],"product_tag":[213,178,222],"class_list":{"0":"post-15946","1":"product","2":"type-product","3":"status-publish","4":"has-post-thumbnail","6":"product_cat-bergkleidung","7":"product_cat-camping-und-berge","8":"product_cat-sport-freizeit","9":"product_tag-tag_69","10":"product_tag-tag_17","11":"product_tag-tag_587","13":"first","14":"instock","15":"taxable","16":"shipping-taxable","17":"purchasable","18":"product-type-simple"},"aioseo_notices":[],"jetpack_sharing_enabled":true,"_links":{"self":[{"href":"https:\/\/wildgear.itc-gmbh.shop\/it\/wp-json\/wp\/v2\/product\/15946","targetHints":{"allow":["GET"]}}],"collection":[{"href":"https:\/\/wildgear.itc-gmbh.shop\/it\/wp-json\/wp\/v2\/product"}],"about":[{"href":"https:\/\/wildgear.itc-gmbh.shop\/it\/wp-json\/wp\/v2\/types\/product"}],"replies":[{"embeddable":true,"href":"https:\/\/wildgear.itc-gmbh.shop\/it\/wp-json\/wp\/v2\/comments?post=15946"}],"wp:featuredmedia":[{"embeddable":true,"href":"https:\/\/wildgear.itc-gmbh.shop\/it\/wp-json\/wp\/v2\/media\/15945"}],"wp:attachment":[{"href":"https:\/\/wildgear.itc-gmbh.shop\/it\/wp-json\/wp\/v2\/media?parent=15946"}],"wp:term":[{"taxonomy":"product_brand","embeddable":true,"href":"https:\/\/wildgear.itc-gmbh.shop\/it\/wp-json\/wp\/v2\/product_brand?post=15946"},{"taxonomy":"product_cat","embeddable":true,"href":"https:\/\/wildgear.itc-gmbh.shop\/it\/wp-json\/wp\/v2\/product_cat?post=15946"},{"taxonomy":"product_tag","embeddable":true,"href":"https:\/\/wildgear.itc-gmbh.shop\/it\/wp-json\/wp\/v2\/product_tag?post=15946"}],"curies":[{"name":"wp","href":"https:\/\/api.w.org\/{rel}","templated":true}]}}