{"id":16213,"date":"2024-10-03T00:00:19","date_gmt":"2024-10-03T00:00:19","guid":{"rendered":"https:\/\/outdoor.itc-gmbh.shop\/product\/sportjackefuer-herren-wise-joluvi-dunkelgrau-grau\/"},"modified":"2024-10-03T00:05:36","modified_gmt":"2024-10-03T00:05:36","slug":"sportjackefuer-herren-wise-joluvi-dunkelgrau-grau","status":"publish","type":"product","link":"https:\/\/wildgear.itc-gmbh.shop\/it\/product\/sportjackefuer-herren-wise-joluvi-dunkelgrau-grau\/","title":{"rendered":"Sportjackef\u00fcr Herren Wise Joluvi Dunkelgrau Grau"},"content":{"rendered":"<p>Rimanete in forma e scoprite le ultime innovazioni del settore per praticare lo sport nelle migliori condizioni! Acquista ora <b>Sportjackef\u00fcr Herren Wise Joluvi Dunkelgrau<\/b> al miglior prezzo e godetevi una vita sana!<\/p>\n<ul>\n<li>Art: M\u00e4ntel und Jacken<\/li>\n<li>Genere: uomini<\/li>\n<li>Et\u00e0 consigliata: Adulti<\/li>\n<li>Material: 90 % Baumwolle und 10 % Polyester<\/li>\n<li>Colore: Grigio scuro<\/li>\n<\/ul>","protected":false},"excerpt":{"rendered":"<p>Bleiben Sie in Form und entdecken Sie die neuesten Innovationen der Branche, um mit den besten Voraussetzungen Sport zu betreiben! Kaufen Sie Sportjackef\u00fcr Herren Wise Joluvi Dunkelgrau zum besten Preis und genie\u00dfen Sie ein gesundes Leben! Art: M\u00e4ntel und Jacken Geschlecht: Herren Empfohlenes Alter: Erwachsene Material: 90 % Baumwolle und 10 % Polyester Farbe: Dunkelgrau<\/p>","protected":false},"featured_media":16211,"comment_status":"open","ping_status":"closed","template":"","meta":{"inline_featured_image":false},"product_brand":[],"product_cat":[234,181,180],"product_tag":[177,178],"class_list":{"0":"post-16213","1":"product","2":"type-product","3":"status-publish","4":"has-post-thumbnail","6":"product_cat-bergkleidung","7":"product_cat-camping-und-berge","8":"product_cat-sport-freizeit","9":"product_tag-tag_3","10":"product_tag-tag_17","12":"first","13":"instock","14":"taxable","15":"shipping-taxable","16":"purchasable","17":"product-type-variable"},"aioseo_notices":[],"jetpack_sharing_enabled":true,"_links":{"self":[{"href":"https:\/\/wildgear.itc-gmbh.shop\/it\/wp-json\/wp\/v2\/product\/16213","targetHints":{"allow":["GET"]}}],"collection":[{"href":"https:\/\/wildgear.itc-gmbh.shop\/it\/wp-json\/wp\/v2\/product"}],"about":[{"href":"https:\/\/wildgear.itc-gmbh.shop\/it\/wp-json\/wp\/v2\/types\/product"}],"replies":[{"embeddable":true,"href":"https:\/\/wildgear.itc-gmbh.shop\/it\/wp-json\/wp\/v2\/comments?post=16213"}],"wp:featuredmedia":[{"embeddable":true,"href":"https:\/\/wildgear.itc-gmbh.shop\/it\/wp-json\/wp\/v2\/media\/16211"}],"wp:attachment":[{"href":"https:\/\/wildgear.itc-gmbh.shop\/it\/wp-json\/wp\/v2\/media?parent=16213"}],"wp:term":[{"taxonomy":"product_brand","embeddable":true,"href":"https:\/\/wildgear.itc-gmbh.shop\/it\/wp-json\/wp\/v2\/product_brand?post=16213"},{"taxonomy":"product_cat","embeddable":true,"href":"https:\/\/wildgear.itc-gmbh.shop\/it\/wp-json\/wp\/v2\/product_cat?post=16213"},{"taxonomy":"product_tag","embeddable":true,"href":"https:\/\/wildgear.itc-gmbh.shop\/it\/wp-json\/wp\/v2\/product_tag?post=16213"}],"curies":[{"name":"wp","href":"https:\/\/api.w.org\/{rel}","templated":true}]}}