{"id":16414,"date":"2024-10-04T00:01:00","date_gmt":"2024-10-04T00:01:00","guid":{"rendered":"https:\/\/outdoor.itc-gmbh.shop\/product\/sportsocken-compressport-pro-racing-weiss\/"},"modified":"2024-10-04T00:03:25","modified_gmt":"2024-10-04T00:03:25","slug":"sportsocken-compressport-pro-racing-weiss","status":"publish","type":"product","link":"https:\/\/wildgear.itc-gmbh.shop\/it\/product\/sportsocken-compressport-pro-racing-weiss\/","title":{"rendered":"Sportsocken Compressport Pro Racing Wei\u00df"},"content":{"rendered":"<p>Se desiderate rinnovare il vostro guardaroba, vi consigliamo di <b>Sportsocken Compressport Pro Racing Wei\u00df<\/b> e altro <b> Produkte von Compressport<\/b>! Ora per voi la migliore qualit\u00e0 al miglior prezzo!<\/p>\n<ul>\n<li>Tipo: Calze<\/li>\n<li>Colore: Bianco<\/li>\n<li>Genere:\n<ul>\n<li>Unisex<\/li>\n<li>Adulti unisex<\/li>\n<\/ul>\n<\/li>\n<li>Et\u00e0 consigliata: Adulti<\/li>\n<li>Materiale:\n<ul>\n<li>5 % Elastan<\/li>\n<li>95 % Polyamid<\/li>\n<\/ul>\n<\/li>\n<\/ul>","protected":false},"excerpt":{"rendered":"<p>Wenn Sie Ihren Kleiderschrank erneuern m\u00f6chten, empfehlen wir Ihnen Sportsocken Compressport Pro Racing Wei\u00df und weitere Produkte von Compressport! Jetzt f\u00fcr Sie die beste Qualit\u00e4t zum besten Preis! Art: Socken Farbe: Wei\u00df Geschlecht: Unisex Unisex-Erwachsene Empfohlenes Alter: Erwachsene Material: 5 % Elastan 95 % Polyamid<\/p>","protected":false},"featured_media":16412,"comment_status":"open","ping_status":"closed","template":"","meta":{"inline_featured_image":false},"product_brand":[],"product_cat":[234,181,180],"product_tag":[221,220],"class_list":{"0":"post-16414","1":"product","2":"type-product","3":"status-publish","4":"has-post-thumbnail","6":"product_cat-bergkleidung","7":"product_cat-camping-und-berge","8":"product_cat-sport-freizeit","9":"product_tag-tag_1273","10":"product_tag-tag_575","12":"first","13":"instock","14":"taxable","15":"shipping-taxable","16":"purchasable","17":"product-type-variable"},"aioseo_notices":[],"jetpack_sharing_enabled":true,"_links":{"self":[{"href":"https:\/\/wildgear.itc-gmbh.shop\/it\/wp-json\/wp\/v2\/product\/16414","targetHints":{"allow":["GET"]}}],"collection":[{"href":"https:\/\/wildgear.itc-gmbh.shop\/it\/wp-json\/wp\/v2\/product"}],"about":[{"href":"https:\/\/wildgear.itc-gmbh.shop\/it\/wp-json\/wp\/v2\/types\/product"}],"replies":[{"embeddable":true,"href":"https:\/\/wildgear.itc-gmbh.shop\/it\/wp-json\/wp\/v2\/comments?post=16414"}],"wp:featuredmedia":[{"embeddable":true,"href":"https:\/\/wildgear.itc-gmbh.shop\/it\/wp-json\/wp\/v2\/media\/16412"}],"wp:attachment":[{"href":"https:\/\/wildgear.itc-gmbh.shop\/it\/wp-json\/wp\/v2\/media?parent=16414"}],"wp:term":[{"taxonomy":"product_brand","embeddable":true,"href":"https:\/\/wildgear.itc-gmbh.shop\/it\/wp-json\/wp\/v2\/product_brand?post=16414"},{"taxonomy":"product_cat","embeddable":true,"href":"https:\/\/wildgear.itc-gmbh.shop\/it\/wp-json\/wp\/v2\/product_cat?post=16414"},{"taxonomy":"product_tag","embeddable":true,"href":"https:\/\/wildgear.itc-gmbh.shop\/it\/wp-json\/wp\/v2\/product_tag?post=16414"}],"curies":[{"name":"wp","href":"https:\/\/api.w.org\/{rel}","templated":true}]}}