{"id":16739,"date":"2024-10-06T00:00:14","date_gmt":"2024-10-06T00:00:14","guid":{"rendered":"https:\/\/outdoor.itc-gmbh.shop\/product\/laufschuhe-fuer-damen-salewa-trainer-2-mid-gore-tex-gruen\/"},"modified":"2024-10-06T00:10:15","modified_gmt":"2024-10-06T00:10:15","slug":"laufschuhe-fuer-damen-salewa-trainer-2-mid-gore-tex-gruen","status":"publish","type":"product","link":"https:\/\/wildgear.itc-gmbh.shop\/it\/product\/laufschuhe-fuer-damen-salewa-trainer-2-mid-gore-tex-gruen\/","title":{"rendered":"Scarpe da corsa da donna Salewa Trainer 2 Mid Gore Tex verde"},"content":{"rendered":"<p>Rimanete in forma e scoprite le ultime innovazioni del settore per praticare lo sport nelle migliori condizioni! Acquista ora <b>Stivali da montagna Salewa Trainer 2 Mid Gore Tex verde<\/b> al miglior prezzo e godetevi una vita sana!<\/p>\n<ul>\n<li>Colore: verde<\/li>\n<li>Genere: Donna<\/li>\n<li>Et\u00e0 consigliata: Adulti<\/li>\n<li>Art:\n<ul>\n<li>Stivali\/Scarpe<\/li>\n<li>Montagna<\/li>\n<\/ul>\n<\/li>\n<li>Materiale: Sintetico<\/li>\n<\/ul>","protected":false},"excerpt":{"rendered":"<p>Bleiben Sie in Form und entdecken Sie die neuesten Innovationen der Branche, um mit den besten Voraussetzungen Sport zu betreiben! Kaufen Sie Bergstiefel Salewa Trainer 2 Mid Gore Tex gr\u00fcn zum besten Preis und genie\u00dfen Sie ein gesundes Leben! Farbe: gr\u00fcn Geschlecht: Damen Empfohlenes Alter: Erwachsene Art: Stiefel\/Schuhe Berg Material: Synthetisch<\/p>","protected":false},"featured_media":16733,"comment_status":"open","ping_status":"closed","template":"","meta":{"inline_featured_image":false},"product_brand":[],"product_cat":[234,181,180],"product_tag":[224,178],"class_list":{"0":"post-16739","1":"product","2":"type-product","3":"status-publish","4":"has-post-thumbnail","6":"product_cat-bergkleidung","7":"product_cat-camping-und-berge","8":"product_cat-sport-freizeit","9":"product_tag-tag_15","10":"product_tag-tag_17","12":"first","13":"instock","14":"taxable","15":"shipping-taxable","16":"purchasable","17":"product-type-variable"},"aioseo_notices":[],"jetpack_sharing_enabled":true,"_links":{"self":[{"href":"https:\/\/wildgear.itc-gmbh.shop\/it\/wp-json\/wp\/v2\/product\/16739","targetHints":{"allow":["GET"]}}],"collection":[{"href":"https:\/\/wildgear.itc-gmbh.shop\/it\/wp-json\/wp\/v2\/product"}],"about":[{"href":"https:\/\/wildgear.itc-gmbh.shop\/it\/wp-json\/wp\/v2\/types\/product"}],"replies":[{"embeddable":true,"href":"https:\/\/wildgear.itc-gmbh.shop\/it\/wp-json\/wp\/v2\/comments?post=16739"}],"wp:featuredmedia":[{"embeddable":true,"href":"https:\/\/wildgear.itc-gmbh.shop\/it\/wp-json\/wp\/v2\/media\/16733"}],"wp:attachment":[{"href":"https:\/\/wildgear.itc-gmbh.shop\/it\/wp-json\/wp\/v2\/media?parent=16739"}],"wp:term":[{"taxonomy":"product_brand","embeddable":true,"href":"https:\/\/wildgear.itc-gmbh.shop\/it\/wp-json\/wp\/v2\/product_brand?post=16739"},{"taxonomy":"product_cat","embeddable":true,"href":"https:\/\/wildgear.itc-gmbh.shop\/it\/wp-json\/wp\/v2\/product_cat?post=16739"},{"taxonomy":"product_tag","embeddable":true,"href":"https:\/\/wildgear.itc-gmbh.shop\/it\/wp-json\/wp\/v2\/product_tag?post=16739"}],"curies":[{"name":"wp","href":"https:\/\/api.w.org\/{rel}","templated":true}]}}