{"id":2539,"date":"2024-05-27T00:04:19","date_gmt":"2024-05-27T00:04:19","guid":{"rendered":"https:\/\/outdoor.itc-gmbh.shop\/product\/drachen-disney-kunststoff-24-stueck\/"},"modified":"2024-05-27T00:04:30","modified_gmt":"2024-05-27T00:04:30","slug":"drachen-disney-kunststoff-24-stueck","status":"publish","type":"product","link":"https:\/\/wildgear.itc-gmbh.shop\/it\/product\/drachen-disney-kunststoff-24-stueck\/","title":{"rendered":"Drago Disney in plastica 24 pezzi"},"content":{"rendered":"<p>Vogliamo solo il meglio per i nostri bambini, ed \u00e8 per questo che desideriamo offrirvi <b>Drago Disney in plastica 24 pezzi<\/b> perfetto per chi cerca prodotti di alta qualit\u00e0 per i propri piccoli. Acquista ora <b>Disney<\/b> ai prezzi migliori!<\/p>\n<ul>\n<li>Art: Drachen<\/li>\n<li>Materiale:\n<ul>\n<li>Plastica<\/li>\n<li>Nylon<\/li>\n<\/ul>\n<\/li>\n<li>Empfohlenes Alter: + 4 Jahre<\/li>\n<li>Ma\u00dfe ca.: 58,5 x 56 x 0,5 cm<\/li>\n<li>Pezzi: 24 pezzi<\/li>\n<\/ul>","protected":false},"excerpt":{"rendered":"<p>F\u00fcr unsere Kinder m\u00f6chten wir nur das Beste, und deshalb m\u00f6chten wir Ihnen Drachen Disney Kunststoff 24 St\u00fcck vorstellen, perfekt f\u00fcr alle, die qualitativ hochwertige Produkte f\u00fcr die Kleinsten suchen. Kaufen Sie Disney zu den besten Preisen! Art: Drachen Material: Kunststoff Nylon Empfohlenes Alter: + 4 Jahre Ma\u00dfe ca.: 58,5 x 56 x 0,5 cm &hellip; <\/p>\n<p class=\"more-link-wrap\"><a href=\"https:\/\/wildgear.itc-gmbh.shop\/it\/product\/drachen-disney-kunststoff-24-stueck\/\" class=\"more-link\"><span>Read More<span class=\"screen-reader-text\"> &#8220;Drachen Disney Kunststoff 24 St\u00fcck&#8221;<\/span><\/span><\/a><\/p>","protected":false},"featured_media":2538,"comment_status":"open","ping_status":"closed","template":"","meta":{"inline_featured_image":false},"product_brand":[],"product_cat":[211,180],"product_tag":[213,219,218,178],"class_list":{"0":"post-2539","1":"product","2":"type-product","3":"status-publish","4":"has-post-thumbnail","6":"product_cat-outdoor-aktivitaten","7":"product_cat-sport-freizeit","8":"product_tag-tag_69","9":"product_tag-tag_664","10":"product_tag-tag_36","11":"product_tag-tag_17","13":"first","14":"outofstock","15":"taxable","16":"shipping-taxable","17":"purchasable","18":"product-type-simple"},"aioseo_notices":[],"jetpack_sharing_enabled":true,"_links":{"self":[{"href":"https:\/\/wildgear.itc-gmbh.shop\/it\/wp-json\/wp\/v2\/product\/2539","targetHints":{"allow":["GET"]}}],"collection":[{"href":"https:\/\/wildgear.itc-gmbh.shop\/it\/wp-json\/wp\/v2\/product"}],"about":[{"href":"https:\/\/wildgear.itc-gmbh.shop\/it\/wp-json\/wp\/v2\/types\/product"}],"replies":[{"embeddable":true,"href":"https:\/\/wildgear.itc-gmbh.shop\/it\/wp-json\/wp\/v2\/comments?post=2539"}],"wp:featuredmedia":[{"embeddable":true,"href":"https:\/\/wildgear.itc-gmbh.shop\/it\/wp-json\/wp\/v2\/media\/2538"}],"wp:attachment":[{"href":"https:\/\/wildgear.itc-gmbh.shop\/it\/wp-json\/wp\/v2\/media?parent=2539"}],"wp:term":[{"taxonomy":"product_brand","embeddable":true,"href":"https:\/\/wildgear.itc-gmbh.shop\/it\/wp-json\/wp\/v2\/product_brand?post=2539"},{"taxonomy":"product_cat","embeddable":true,"href":"https:\/\/wildgear.itc-gmbh.shop\/it\/wp-json\/wp\/v2\/product_cat?post=2539"},{"taxonomy":"product_tag","embeddable":true,"href":"https:\/\/wildgear.itc-gmbh.shop\/it\/wp-json\/wp\/v2\/product_tag?post=2539"}],"curies":[{"name":"wp","href":"https:\/\/api.w.org\/{rel}","templated":true}]}}