{"id":2762,"date":"2024-05-27T00:11:21","date_gmt":"2024-05-27T00:11:21","guid":{"rendered":"https:\/\/outdoor.itc-gmbh.shop\/product\/fleece-joluvi-surprise-tuerkis\/"},"modified":"2024-05-27T00:11:22","modified_gmt":"2024-05-27T00:11:22","slug":"fleece-joluvi-surprise-tuerkis","status":"publish","type":"product","link":"https:\/\/wildgear.itc-gmbh.shop\/it\/product\/fleece-joluvi-surprise-tuerkis\/","title":{"rendered":"Pile Joluvi Surprise Turchese"},"content":{"rendered":"<p>Rimanete in forma e scoprite le ultime innovazioni del settore per praticare lo sport nelle migliori condizioni! Acquista ora <b>Pile Joluvi Surprise Turchese<\/b> al miglior prezzo e godetevi una vita sana!<\/p>\n<ul>\n<li>Genere: unisex<\/li>\n<li>Et\u00e0 consigliata: Bambini<\/li>\n<li>Sport:\n<ul>\n<li>Montagna<\/li>\n<li>Campeggio<\/li>\n<\/ul>\n<\/li>\n<li>Taglia: XS<\/li>\n<li>Colore: turchese<\/li>\n<li>Materiale: 100 poliestere %<\/li>\n<\/ul>","protected":false},"excerpt":{"rendered":"<p>Bleiben Sie in Form und entdecken Sie die neuesten Innovationen der Branche, um mit den besten Voraussetzungen Sport zu betreiben! Kaufen Sie Fleece Joluvi Surprise T\u00fcrkis zum besten Preis und genie\u00dfen Sie ein gesundes Leben! Geschlecht: Unisex Empfohlenes Alter: Kinder Sport: Berg Camping Gr\u00f6\u00dfe: XS Farbe: T\u00fcrkis Material: 100 % polyester<\/p>","protected":false},"featured_media":2761,"comment_status":"open","ping_status":"closed","template":"","meta":{"inline_featured_image":false},"product_brand":[],"product_cat":[234,181,180],"product_tag":[177,178],"class_list":{"0":"post-2762","1":"product","2":"type-product","3":"status-publish","4":"has-post-thumbnail","6":"product_cat-bergkleidung","7":"product_cat-camping-und-berge","8":"product_cat-sport-freizeit","9":"product_tag-tag_3","10":"product_tag-tag_17","12":"first","13":"instock","14":"taxable","15":"shipping-taxable","16":"purchasable","17":"product-type-simple"},"aioseo_notices":[],"jetpack_sharing_enabled":true,"_links":{"self":[{"href":"https:\/\/wildgear.itc-gmbh.shop\/it\/wp-json\/wp\/v2\/product\/2762","targetHints":{"allow":["GET"]}}],"collection":[{"href":"https:\/\/wildgear.itc-gmbh.shop\/it\/wp-json\/wp\/v2\/product"}],"about":[{"href":"https:\/\/wildgear.itc-gmbh.shop\/it\/wp-json\/wp\/v2\/types\/product"}],"replies":[{"embeddable":true,"href":"https:\/\/wildgear.itc-gmbh.shop\/it\/wp-json\/wp\/v2\/comments?post=2762"}],"wp:featuredmedia":[{"embeddable":true,"href":"https:\/\/wildgear.itc-gmbh.shop\/it\/wp-json\/wp\/v2\/media\/2761"}],"wp:attachment":[{"href":"https:\/\/wildgear.itc-gmbh.shop\/it\/wp-json\/wp\/v2\/media?parent=2762"}],"wp:term":[{"taxonomy":"product_brand","embeddable":true,"href":"https:\/\/wildgear.itc-gmbh.shop\/it\/wp-json\/wp\/v2\/product_brand?post=2762"},{"taxonomy":"product_cat","embeddable":true,"href":"https:\/\/wildgear.itc-gmbh.shop\/it\/wp-json\/wp\/v2\/product_cat?post=2762"},{"taxonomy":"product_tag","embeddable":true,"href":"https:\/\/wildgear.itc-gmbh.shop\/it\/wp-json\/wp\/v2\/product_tag?post=2762"}],"curies":[{"name":"wp","href":"https:\/\/api.w.org\/{rel}","templated":true}]}}