{"id":3068,"date":"2024-05-27T00:25:05","date_gmt":"2024-05-27T00:25:05","guid":{"rendered":"https:\/\/outdoor.itc-gmbh.shop\/product\/schlauchtuch-rty-614602-marineblau\/"},"modified":"2024-05-27T00:25:08","modified_gmt":"2024-05-27T00:25:08","slug":"schlauchtuch-rty-614602-marineblau","status":"publish","type":"product","link":"https:\/\/wildgear.itc-gmbh.shop\/it\/product\/schlauchtuch-rty-614602-marineblau\/","title":{"rendered":"Schlauchtuch RTY 614602 Marineblau"},"content":{"rendered":"<p>Se desiderate rinnovare il vostro guardaroba, vi consigliamo di <b>Schlauchtuch RTY 614602 Marineblau<\/b> e altro <b> Produkte von RTY<\/b>! Ora per voi la migliore qualit\u00e0 al miglior prezzo!<\/p>\n<ul>\n<li>Colore: blu navy<\/li>\n<li>Genere: uomini<\/li>\n<li>Dimensioni: taglia unica<\/li>\n<li>Materiale: Poliestere<\/li>\n<\/ul>","protected":false},"excerpt":{"rendered":"<p>Wenn Sie Ihren Kleiderschrank erneuern m\u00f6chten, empfehlen wir Ihnen Schlauchtuch RTY 614602 Marineblau und weitere Produkte von RTY! Jetzt f\u00fcr Sie die beste Qualit\u00e4t zum besten Preis! Farbe: Marineblau Geschlecht: Herren Gr\u00f6\u00dfe: Einheitsgr\u00f6\u00dfe Material: Polyester<\/p>","protected":false},"featured_media":3067,"comment_status":"open","ping_status":"closed","template":"","meta":{"inline_featured_image":false},"product_brand":[],"product_cat":[234,181,180],"product_tag":[213,177,208],"class_list":{"0":"post-3068","1":"product","2":"type-product","3":"status-publish","4":"has-post-thumbnail","6":"product_cat-bergkleidung","7":"product_cat-camping-und-berge","8":"product_cat-sport-freizeit","9":"product_tag-tag_69","10":"product_tag-tag_3","11":"product_tag-tag_650","13":"first","14":"outofstock","15":"taxable","16":"shipping-taxable","17":"purchasable","18":"product-type-simple"},"aioseo_notices":[],"jetpack_sharing_enabled":true,"_links":{"self":[{"href":"https:\/\/wildgear.itc-gmbh.shop\/it\/wp-json\/wp\/v2\/product\/3068","targetHints":{"allow":["GET"]}}],"collection":[{"href":"https:\/\/wildgear.itc-gmbh.shop\/it\/wp-json\/wp\/v2\/product"}],"about":[{"href":"https:\/\/wildgear.itc-gmbh.shop\/it\/wp-json\/wp\/v2\/types\/product"}],"replies":[{"embeddable":true,"href":"https:\/\/wildgear.itc-gmbh.shop\/it\/wp-json\/wp\/v2\/comments?post=3068"}],"wp:featuredmedia":[{"embeddable":true,"href":"https:\/\/wildgear.itc-gmbh.shop\/it\/wp-json\/wp\/v2\/media\/3067"}],"wp:attachment":[{"href":"https:\/\/wildgear.itc-gmbh.shop\/it\/wp-json\/wp\/v2\/media?parent=3068"}],"wp:term":[{"taxonomy":"product_brand","embeddable":true,"href":"https:\/\/wildgear.itc-gmbh.shop\/it\/wp-json\/wp\/v2\/product_brand?post=3068"},{"taxonomy":"product_cat","embeddable":true,"href":"https:\/\/wildgear.itc-gmbh.shop\/it\/wp-json\/wp\/v2\/product_cat?post=3068"},{"taxonomy":"product_tag","embeddable":true,"href":"https:\/\/wildgear.itc-gmbh.shop\/it\/wp-json\/wp\/v2\/product_tag?post=3068"}],"curies":[{"name":"wp","href":"https:\/\/api.w.org\/{rel}","templated":true}]}}