{"id":3135,"date":"2024-05-27T00:27:50","date_gmt":"2024-05-27T00:27:50","guid":{"rendered":"https:\/\/outdoor.itc-gmbh.shop\/product\/kinder-gummistiefel-the-avengers-schwarz\/"},"modified":"2024-05-27T03:57:48","modified_gmt":"2024-05-27T03:57:48","slug":"kinder-gummistiefel-the-avengers-schwarz","status":"publish","type":"product","link":"https:\/\/wildgear.itc-gmbh.shop\/it\/product\/kinder-gummistiefel-the-avengers-schwarz\/","title":{"rendered":"Kinder Gummistiefel The Avengers Schwarz"},"content":{"rendered":"<p>Per i nostri bambini vorremmo <b>Kinder Gummistiefel The Avengers Schwarz<\/b> perfetto per chi cerca prodotti di alta qualit\u00e0 per i propri piccoli. Acquista ora <b>I Vendicatori<\/b> e altri marchi e licenze ai migliori prezzi!<\/p>\n<ul>\n<li>Art: Wasserstiefel<\/li>\n<li>Genere: per bambini<\/li>\n<li>Colore: nero<\/li>\n<li>Materiale:\n<ul>\n<li>PVC<\/li>\n<li>100 % PVC<\/li>\n<\/ul>\n<\/li>\n<\/ul>","protected":false},"excerpt":{"rendered":"<p>F\u00fcr unsere Kinder m\u00f6chten wir Ihnen Kinder Gummistiefel The Avengers Schwarz vorstellen, perfekt f\u00fcr alle, die qualitativ hochwertige Produkte f\u00fcr die Kleinsten suchen. Kaufen Sie The Avengers und weitere Marken und Lizenzen zu den besten Preisen! Art: Wasserstiefel Geschlecht: F\u00fcr Kinder Farbe: Schwarz Material: PVC 100 % PVC<\/p>","protected":false},"featured_media":3134,"comment_status":"open","ping_status":"closed","template":"","meta":{"inline_featured_image":false},"product_brand":[],"product_cat":[234,181,180],"product_tag":[209,218,220],"class_list":{"0":"post-3135","1":"product","2":"type-product","3":"status-publish","4":"has-post-thumbnail","6":"product_cat-bergkleidung","7":"product_cat-camping-und-berge","8":"product_cat-sport-freizeit","9":"product_tag-tag_768","10":"product_tag-tag_36","11":"product_tag-tag_575","13":"first","14":"instock","15":"taxable","16":"shipping-taxable","17":"purchasable","18":"product-type-variable"},"aioseo_notices":[],"jetpack_sharing_enabled":true,"_links":{"self":[{"href":"https:\/\/wildgear.itc-gmbh.shop\/it\/wp-json\/wp\/v2\/product\/3135","targetHints":{"allow":["GET"]}}],"collection":[{"href":"https:\/\/wildgear.itc-gmbh.shop\/it\/wp-json\/wp\/v2\/product"}],"about":[{"href":"https:\/\/wildgear.itc-gmbh.shop\/it\/wp-json\/wp\/v2\/types\/product"}],"replies":[{"embeddable":true,"href":"https:\/\/wildgear.itc-gmbh.shop\/it\/wp-json\/wp\/v2\/comments?post=3135"}],"wp:featuredmedia":[{"embeddable":true,"href":"https:\/\/wildgear.itc-gmbh.shop\/it\/wp-json\/wp\/v2\/media\/3134"}],"wp:attachment":[{"href":"https:\/\/wildgear.itc-gmbh.shop\/it\/wp-json\/wp\/v2\/media?parent=3135"}],"wp:term":[{"taxonomy":"product_brand","embeddable":true,"href":"https:\/\/wildgear.itc-gmbh.shop\/it\/wp-json\/wp\/v2\/product_brand?post=3135"},{"taxonomy":"product_cat","embeddable":true,"href":"https:\/\/wildgear.itc-gmbh.shop\/it\/wp-json\/wp\/v2\/product_cat?post=3135"},{"taxonomy":"product_tag","embeddable":true,"href":"https:\/\/wildgear.itc-gmbh.shop\/it\/wp-json\/wp\/v2\/product_tag?post=3135"}],"curies":[{"name":"wp","href":"https:\/\/api.w.org\/{rel}","templated":true}]}}