{"id":3430,"date":"2024-05-27T00:41:07","date_gmt":"2024-05-27T00:41:07","guid":{"rendered":"https:\/\/outdoor.itc-gmbh.shop\/product\/hut-burton-plush-einheitsgroesse-gruen-bunt\/"},"modified":"2024-05-27T00:41:10","modified_gmt":"2024-05-27T00:41:10","slug":"hut-burton-plush-einheitsgroesse-gruen-bunt","status":"publish","type":"product","link":"https:\/\/wildgear.itc-gmbh.shop\/it\/product\/hut-burton-plush-einheitsgroesse-gruen-bunt\/","title":{"rendered":"Hut Burton Plush Einheitsgr\u00f6\u00dfe gr\u00fcn Bunt"},"content":{"rendered":"<p>Se desiderate rinnovare il vostro guardaroba, vi consigliamo di <b>Hut Burton Plush Einheitsgr\u00f6\u00dfe gr\u00fcn Bunt<\/b> e altro <b> Produkte von Burton<\/b>! Ora per voi la migliore qualit\u00e0 al miglior prezzo!<\/p>\n<ul>\n<li>Dimensioni: taglia unica<\/li>\n<li>Colore: verde<\/li>\n<li>Genere: unisex<\/li>\n<li>Et\u00e0 consigliata: Adulti<\/li>\n<li>Materiale:\n<ul>\n<li>100 poliestere %<\/li>\n<li>Plastica<\/li>\n<\/ul>\n<\/li>\n<\/ul>","protected":false},"excerpt":{"rendered":"<p>Wenn Sie Ihren Kleiderschrank erneuern m\u00f6chten, empfehlen wir Ihnen Hut Burton Plush Einheitsgr\u00f6\u00dfe gr\u00fcn Bunt und weitere Produkte von Burton! Jetzt f\u00fcr Sie die beste Qualit\u00e4t zum besten Preis! Gr\u00f6\u00dfe: Einheitsgr\u00f6\u00dfe Farbe: gr\u00fcn Geschlecht: Unisex Empfohlenes Alter: Erwachsene Material: 100 % polyester Kunststoff<\/p>","protected":false},"featured_media":3429,"comment_status":"open","ping_status":"closed","template":"","meta":{"inline_featured_image":false},"product_brand":[],"product_cat":[234,181,180],"product_tag":[213,178,222],"class_list":{"0":"post-3430","1":"product","2":"type-product","3":"status-publish","4":"has-post-thumbnail","6":"product_cat-bergkleidung","7":"product_cat-camping-und-berge","8":"product_cat-sport-freizeit","9":"product_tag-tag_69","10":"product_tag-tag_17","11":"product_tag-tag_587","13":"first","14":"instock","15":"taxable","16":"shipping-taxable","17":"purchasable","18":"product-type-simple"},"aioseo_notices":[],"jetpack_sharing_enabled":true,"_links":{"self":[{"href":"https:\/\/wildgear.itc-gmbh.shop\/it\/wp-json\/wp\/v2\/product\/3430","targetHints":{"allow":["GET"]}}],"collection":[{"href":"https:\/\/wildgear.itc-gmbh.shop\/it\/wp-json\/wp\/v2\/product"}],"about":[{"href":"https:\/\/wildgear.itc-gmbh.shop\/it\/wp-json\/wp\/v2\/types\/product"}],"replies":[{"embeddable":true,"href":"https:\/\/wildgear.itc-gmbh.shop\/it\/wp-json\/wp\/v2\/comments?post=3430"}],"wp:featuredmedia":[{"embeddable":true,"href":"https:\/\/wildgear.itc-gmbh.shop\/it\/wp-json\/wp\/v2\/media\/3429"}],"wp:attachment":[{"href":"https:\/\/wildgear.itc-gmbh.shop\/it\/wp-json\/wp\/v2\/media?parent=3430"}],"wp:term":[{"taxonomy":"product_brand","embeddable":true,"href":"https:\/\/wildgear.itc-gmbh.shop\/it\/wp-json\/wp\/v2\/product_brand?post=3430"},{"taxonomy":"product_cat","embeddable":true,"href":"https:\/\/wildgear.itc-gmbh.shop\/it\/wp-json\/wp\/v2\/product_cat?post=3430"},{"taxonomy":"product_tag","embeddable":true,"href":"https:\/\/wildgear.itc-gmbh.shop\/it\/wp-json\/wp\/v2\/product_tag?post=3430"}],"curies":[{"name":"wp","href":"https:\/\/api.w.org\/{rel}","templated":true}]}}