{"id":3906,"date":"2024-05-27T01:00:51","date_gmt":"2024-05-27T01:00:51","guid":{"rendered":"https:\/\/outdoor.itc-gmbh.shop\/product\/sportmuetze-puma-essentials-rosa-einheitsgroesse\/"},"modified":"2024-05-27T01:00:58","modified_gmt":"2024-05-27T01:00:58","slug":"sportmuetze-puma-essentials-rosa-einheitsgroesse","status":"publish","type":"product","link":"https:\/\/wildgear.itc-gmbh.shop\/it\/product\/sportmuetze-puma-essentials-rosa-einheitsgroesse\/","title":{"rendered":"Sportm\u00fctze Puma Essentials Rosa Einheitsgr\u00f6\u00dfe"},"content":{"rendered":"<p>Rimanete in forma e scoprite le ultime innovazioni del settore per praticare lo sport nelle migliori condizioni! Acquista ora <b>Sportm\u00fctze Puma Essentials Rosa Einheitsgr\u00f6\u00dfe<\/b> al miglior prezzo e godetevi una vita sana!<\/p>\n<ul>\n<li>Colore: rosa<\/li>\n<li>Genere: unisex<\/li>\n<li>Et\u00e0 consigliata: Adulti<\/li>\n<li>Dimensioni: taglia unica<\/li>\n<li>Materiale: 100 acrilico %<\/li>\n<\/ul>","protected":false},"excerpt":{"rendered":"<p>Bleiben Sie in Form und entdecken Sie die neuesten Innovationen der Branche, um mit den besten Voraussetzungen Sport zu betreiben! Kaufen Sie Sportm\u00fctze Puma Essentials Rosa Einheitsgr\u00f6\u00dfe zum besten Preis und genie\u00dfen Sie ein gesundes Leben! Farbe: Rosa Geschlecht: Unisex Empfohlenes Alter: Erwachsene Gr\u00f6\u00dfe: Einheitsgr\u00f6\u00dfe Material: 100 % Acryl<\/p>","protected":false},"featured_media":3905,"comment_status":"open","ping_status":"closed","template":"","meta":{"inline_featured_image":false},"product_brand":[],"product_cat":[234,181,180],"product_tag":[177,178,222],"class_list":{"0":"post-3906","1":"product","2":"type-product","3":"status-publish","4":"has-post-thumbnail","6":"product_cat-bergkleidung","7":"product_cat-camping-und-berge","8":"product_cat-sport-freizeit","9":"product_tag-tag_3","10":"product_tag-tag_17","11":"product_tag-tag_587","13":"first","14":"outofstock","15":"taxable","16":"shipping-taxable","17":"purchasable","18":"product-type-simple"},"aioseo_notices":[],"jetpack_sharing_enabled":true,"_links":{"self":[{"href":"https:\/\/wildgear.itc-gmbh.shop\/it\/wp-json\/wp\/v2\/product\/3906","targetHints":{"allow":["GET"]}}],"collection":[{"href":"https:\/\/wildgear.itc-gmbh.shop\/it\/wp-json\/wp\/v2\/product"}],"about":[{"href":"https:\/\/wildgear.itc-gmbh.shop\/it\/wp-json\/wp\/v2\/types\/product"}],"replies":[{"embeddable":true,"href":"https:\/\/wildgear.itc-gmbh.shop\/it\/wp-json\/wp\/v2\/comments?post=3906"}],"wp:featuredmedia":[{"embeddable":true,"href":"https:\/\/wildgear.itc-gmbh.shop\/it\/wp-json\/wp\/v2\/media\/3905"}],"wp:attachment":[{"href":"https:\/\/wildgear.itc-gmbh.shop\/it\/wp-json\/wp\/v2\/media?parent=3906"}],"wp:term":[{"taxonomy":"product_brand","embeddable":true,"href":"https:\/\/wildgear.itc-gmbh.shop\/it\/wp-json\/wp\/v2\/product_brand?post=3906"},{"taxonomy":"product_cat","embeddable":true,"href":"https:\/\/wildgear.itc-gmbh.shop\/it\/wp-json\/wp\/v2\/product_cat?post=3906"},{"taxonomy":"product_tag","embeddable":true,"href":"https:\/\/wildgear.itc-gmbh.shop\/it\/wp-json\/wp\/v2\/product_tag?post=3906"}],"curies":[{"name":"wp","href":"https:\/\/api.w.org\/{rel}","templated":true}]}}