{"id":7510,"date":"2024-05-27T02:07:08","date_gmt":"2024-05-27T02:07:08","guid":{"rendered":"https:\/\/outdoor.itc-gmbh.shop\/product\/sportsocken-adidas-3p-ht3457-weiss\/"},"modified":"2024-05-27T03:58:54","modified_gmt":"2024-05-27T03:58:54","slug":"sportsocken-adidas-3p-ht3457-weiss","status":"publish","type":"product","link":"https:\/\/wildgear.itc-gmbh.shop\/it\/product\/sportsocken-adidas-3p-ht3457-weiss\/","title":{"rendered":"Sportsocken Adidas 3P HT3457 Wei\u00df"},"content":{"rendered":"<p>Rimanete in forma e scoprite le ultime innovazioni del settore per praticare lo sport nelle migliori condizioni! Acquista ora <b>Sportsocken Adidas 3P HT3457 Wei\u00df<\/b> al miglior prezzo e godetevi una vita sana!<\/p>\n<ul>\n<li>Tipo: Calze<\/li>\n<li>Colore: Bianco<\/li>\n<li>Genere:\n<ul>\n<li>Herren<\/li>\n<li>Adulti unisex<\/li>\n<\/ul>\n<\/li>\n<li>Materiale: 100 cotone %<\/li>\n<\/ul>","protected":false},"excerpt":{"rendered":"<p>Bleiben Sie in Form und entdecken Sie die neuesten Innovationen der Branche, um mit den besten Voraussetzungen Sport zu betreiben! Kaufen Sie Sportsocken Adidas 3P HT3457 Wei\u00df zum besten Preis und genie\u00dfen Sie ein gesundes Leben! Art: Socken Farbe: Wei\u00df Geschlecht: Herren Unisex-Erwachsene Material: 100 % Baumwolle<\/p>","protected":false},"featured_media":7509,"comment_status":"open","ping_status":"closed","template":"","meta":{"inline_featured_image":false},"product_brand":[],"product_cat":[234,181,180],"product_tag":[177,178],"class_list":{"0":"post-7510","1":"product","2":"type-product","3":"status-publish","4":"has-post-thumbnail","6":"product_cat-bergkleidung","7":"product_cat-camping-und-berge","8":"product_cat-sport-freizeit","9":"product_tag-tag_3","10":"product_tag-tag_17","12":"first","13":"instock","14":"taxable","15":"shipping-taxable","16":"purchasable","17":"product-type-variable"},"aioseo_notices":[],"jetpack_sharing_enabled":true,"_links":{"self":[{"href":"https:\/\/wildgear.itc-gmbh.shop\/it\/wp-json\/wp\/v2\/product\/7510","targetHints":{"allow":["GET"]}}],"collection":[{"href":"https:\/\/wildgear.itc-gmbh.shop\/it\/wp-json\/wp\/v2\/product"}],"about":[{"href":"https:\/\/wildgear.itc-gmbh.shop\/it\/wp-json\/wp\/v2\/types\/product"}],"replies":[{"embeddable":true,"href":"https:\/\/wildgear.itc-gmbh.shop\/it\/wp-json\/wp\/v2\/comments?post=7510"}],"wp:featuredmedia":[{"embeddable":true,"href":"https:\/\/wildgear.itc-gmbh.shop\/it\/wp-json\/wp\/v2\/media\/7509"}],"wp:attachment":[{"href":"https:\/\/wildgear.itc-gmbh.shop\/it\/wp-json\/wp\/v2\/media?parent=7510"}],"wp:term":[{"taxonomy":"product_brand","embeddable":true,"href":"https:\/\/wildgear.itc-gmbh.shop\/it\/wp-json\/wp\/v2\/product_brand?post=7510"},{"taxonomy":"product_cat","embeddable":true,"href":"https:\/\/wildgear.itc-gmbh.shop\/it\/wp-json\/wp\/v2\/product_cat?post=7510"},{"taxonomy":"product_tag","embeddable":true,"href":"https:\/\/wildgear.itc-gmbh.shop\/it\/wp-json\/wp\/v2\/product_tag?post=7510"}],"curies":[{"name":"wp","href":"https:\/\/api.w.org\/{rel}","templated":true}]}}