{"id":7760,"date":"2024-05-27T02:11:37","date_gmt":"2024-05-27T02:11:37","guid":{"rendered":"https:\/\/outdoor.itc-gmbh.shop\/product\/zelt-frozen-100-x-140-x-100-cm-6-stueck\/"},"modified":"2024-05-27T02:11:44","modified_gmt":"2024-05-27T02:11:44","slug":"zelt-frozen-100-x-140-x-100-cm-6-stueck","status":"publish","type":"product","link":"https:\/\/wildgear.itc-gmbh.shop\/it\/product\/zelt-frozen-100-x-140-x-100-cm-6-stueck\/","title":{"rendered":"Zelt Frozen 100 x 140 x 100 cm 6 St\u00fcck"},"content":{"rendered":"<p>Vogliamo solo il meglio per i nostri bambini, ed \u00e8 per questo che desideriamo offrirvi <b>Zelt Frozen 100 x 140 x 100 cm 6 St\u00fcck<\/b> perfetto per chi cerca prodotti di alta qualit\u00e0 per i propri piccoli. Acquista ora <b>Frozen<\/b> ai prezzi migliori!<\/p>\n<ul>\n<li>Tipo: Tenda<\/li>\n<li>Genere: per bambini<\/li>\n<li>Materiale: plastica<\/li>\n<li>Et\u00e0 consigliata: + 3 anni<\/li>\n<li>Ma\u00dfe ca.: 100 x 140 x 100 cm<\/li>\n<li>Pezzo: 6 pezzi<\/li>\n<\/ul>","protected":false},"excerpt":{"rendered":"<p>F\u00fcr unsere Kinder m\u00f6chten wir nur das Beste, und deshalb m\u00f6chten wir Ihnen Zelt Frozen 100 x 140 x 100 cm 6 St\u00fcck vorstellen, perfekt f\u00fcr alle, die qualitativ hochwertige Produkte f\u00fcr die Kleinsten suchen. Kaufen Sie Frozen zu den besten Preisen! Art: Zelt Geschlecht: F\u00fcr Kinder Material: Kunststoff Empfohlenes Alter: + 3 jahre Ma\u00dfe &hellip; <\/p>\n<p class=\"more-link-wrap\"><a href=\"https:\/\/wildgear.itc-gmbh.shop\/it\/product\/zelt-frozen-100-x-140-x-100-cm-6-stueck\/\" class=\"more-link\"><span>Read More<span class=\"screen-reader-text\"> &#8220;Zelt Frozen 100 x 140 x 100 cm 6 St\u00fcck&#8221;<\/span><\/span><\/a><\/p>","protected":false},"featured_media":7759,"comment_status":"open","ping_status":"closed","template":"","meta":{"inline_featured_image":false},"product_brand":[],"product_cat":[181,180,189],"product_tag":[209,213,219,218,177,187,208],"class_list":{"0":"post-7760","1":"product","2":"type-product","3":"status-publish","4":"has-post-thumbnail","6":"product_cat-camping-und-berge","7":"product_cat-sport-freizeit","8":"product_cat-zelte","9":"product_tag-tag_768","10":"product_tag-tag_69","11":"product_tag-tag_664","12":"product_tag-tag_36","13":"product_tag-tag_3","14":"product_tag-tag_124","15":"product_tag-tag_650","17":"first","18":"instock","19":"taxable","20":"shipping-taxable","21":"purchasable","22":"product-type-simple"},"aioseo_notices":[],"jetpack_sharing_enabled":true,"_links":{"self":[{"href":"https:\/\/wildgear.itc-gmbh.shop\/it\/wp-json\/wp\/v2\/product\/7760","targetHints":{"allow":["GET"]}}],"collection":[{"href":"https:\/\/wildgear.itc-gmbh.shop\/it\/wp-json\/wp\/v2\/product"}],"about":[{"href":"https:\/\/wildgear.itc-gmbh.shop\/it\/wp-json\/wp\/v2\/types\/product"}],"replies":[{"embeddable":true,"href":"https:\/\/wildgear.itc-gmbh.shop\/it\/wp-json\/wp\/v2\/comments?post=7760"}],"wp:featuredmedia":[{"embeddable":true,"href":"https:\/\/wildgear.itc-gmbh.shop\/it\/wp-json\/wp\/v2\/media\/7759"}],"wp:attachment":[{"href":"https:\/\/wildgear.itc-gmbh.shop\/it\/wp-json\/wp\/v2\/media?parent=7760"}],"wp:term":[{"taxonomy":"product_brand","embeddable":true,"href":"https:\/\/wildgear.itc-gmbh.shop\/it\/wp-json\/wp\/v2\/product_brand?post=7760"},{"taxonomy":"product_cat","embeddable":true,"href":"https:\/\/wildgear.itc-gmbh.shop\/it\/wp-json\/wp\/v2\/product_cat?post=7760"},{"taxonomy":"product_tag","embeddable":true,"href":"https:\/\/wildgear.itc-gmbh.shop\/it\/wp-json\/wp\/v2\/product_tag?post=7760"}],"curies":[{"name":"wp","href":"https:\/\/api.w.org\/{rel}","templated":true}]}}