{"id":7962,"date":"2024-05-27T02:14:58","date_gmt":"2024-05-27T02:14:58","guid":{"rendered":"https:\/\/outdoor.itc-gmbh.shop\/product\/zelt-kampa-3\/"},"modified":"2024-05-27T02:15:03","modified_gmt":"2024-05-27T02:15:03","slug":"zelt-kampa-3","status":"publish","type":"product","link":"https:\/\/wildgear.itc-gmbh.shop\/it\/product\/zelt-kampa-3\/","title":{"rendered":"Tenda Kampa"},"content":{"rendered":"<p>Rimanete in forma e scoprite le ultime innovazioni del settore per praticare lo sport nelle migliori condizioni! Acquista ora <b>Tenda Kampa<\/b> al miglior prezzo e godetevi una vita sana!<\/p>\n<ul>\n<li>Tipo: Tenda<\/li>\n<li>Kapazit\u00e4t: 3 menschen<\/li>\n<li>Materiale:\n<ul>\n<li>Poliestere<\/li>\n<li>Fibra di vetro<\/li>\n<\/ul>\n<\/li>\n<li>Tipo di installazione: Indipendente<\/li>\n<\/ul>","protected":false},"excerpt":{"rendered":"<p>Bleiben Sie in Form und entdecken Sie die neuesten Innovationen der Branche, um mit den besten Voraussetzungen Sport zu betreiben! Kaufen Sie Zelt Kampa zum besten Preis und genie\u00dfen Sie ein gesundes Leben! Art: Zelt Kapazit\u00e4t: 3 menschen Material: Polyester Fiberglas Installationsart: Unabh\u00e4ngig<\/p>","protected":false},"featured_media":7961,"comment_status":"open","ping_status":"closed","template":"","meta":{"inline_featured_image":false},"product_brand":[],"product_cat":[181,180,189],"product_tag":[188,177,178],"class_list":{"0":"post-7962","1":"product","2":"type-product","3":"status-publish","4":"has-post-thumbnail","6":"product_cat-camping-und-berge","7":"product_cat-sport-freizeit","8":"product_cat-zelte","9":"product_tag-tag_1304","10":"product_tag-tag_3","11":"product_tag-tag_17","13":"first","14":"instock","15":"taxable","16":"shipping-taxable","17":"purchasable","18":"product-type-simple"},"aioseo_notices":[],"jetpack_sharing_enabled":true,"_links":{"self":[{"href":"https:\/\/wildgear.itc-gmbh.shop\/it\/wp-json\/wp\/v2\/product\/7962","targetHints":{"allow":["GET"]}}],"collection":[{"href":"https:\/\/wildgear.itc-gmbh.shop\/it\/wp-json\/wp\/v2\/product"}],"about":[{"href":"https:\/\/wildgear.itc-gmbh.shop\/it\/wp-json\/wp\/v2\/types\/product"}],"replies":[{"embeddable":true,"href":"https:\/\/wildgear.itc-gmbh.shop\/it\/wp-json\/wp\/v2\/comments?post=7962"}],"wp:featuredmedia":[{"embeddable":true,"href":"https:\/\/wildgear.itc-gmbh.shop\/it\/wp-json\/wp\/v2\/media\/7961"}],"wp:attachment":[{"href":"https:\/\/wildgear.itc-gmbh.shop\/it\/wp-json\/wp\/v2\/media?parent=7962"}],"wp:term":[{"taxonomy":"product_brand","embeddable":true,"href":"https:\/\/wildgear.itc-gmbh.shop\/it\/wp-json\/wp\/v2\/product_brand?post=7962"},{"taxonomy":"product_cat","embeddable":true,"href":"https:\/\/wildgear.itc-gmbh.shop\/it\/wp-json\/wp\/v2\/product_cat?post=7962"},{"taxonomy":"product_tag","embeddable":true,"href":"https:\/\/wildgear.itc-gmbh.shop\/it\/wp-json\/wp\/v2\/product_tag?post=7962"}],"curies":[{"name":"wp","href":"https:\/\/api.w.org\/{rel}","templated":true}]}}