{"id":7993,"date":"2024-05-27T02:15:28","date_gmt":"2024-05-27T02:15:28","guid":{"rendered":"https:\/\/outdoor.itc-gmbh.shop\/product\/zelt-kampa-gruen\/"},"modified":"2024-05-27T02:15:31","modified_gmt":"2024-05-27T02:15:31","slug":"zelt-kampa-gruen","status":"publish","type":"product","link":"https:\/\/wildgear.itc-gmbh.shop\/it\/product\/zelt-kampa-gruen\/","title":{"rendered":"Zelt Kampa gr\u00fcn"},"content":{"rendered":"<p>Rimanete in forma e scoprite le ultime innovazioni del settore per praticare lo sport nelle migliori condizioni! Acquista ora <b>Zelt Kampa gr\u00fcn<\/b> al miglior prezzo e godetevi una vita sana!<\/p>\n<ul>\n<li>Tipo: Tenda<\/li>\n<li>Colore: verde<\/li>\n<li>Kapazit\u00e4t: hasta 4 personas<\/li>\n<li>Uso consigliato: Campeggio<\/li>\n<li>Tipo di installazione: Indipendente<\/li>\n<\/ul>","protected":false},"excerpt":{"rendered":"<p>Bleiben Sie in Form und entdecken Sie die neuesten Innovationen der Branche, um mit den besten Voraussetzungen Sport zu betreiben! Kaufen Sie Zelt Kampa gr\u00fcn zum besten Preis und genie\u00dfen Sie ein gesundes Leben! Art: Zelt Farbe: gr\u00fcn Kapazit\u00e4t: hasta 4 personas Empfohlene verwendung: Camping Installationsart: Unabh\u00e4ngig<\/p>","protected":false},"featured_media":7992,"comment_status":"open","ping_status":"closed","template":"","meta":{"inline_featured_image":false},"product_brand":[],"product_cat":[181,180,189],"product_tag":[188,177,178],"class_list":{"0":"post-7993","1":"product","2":"type-product","3":"status-publish","4":"has-post-thumbnail","6":"product_cat-camping-und-berge","7":"product_cat-sport-freizeit","8":"product_cat-zelte","9":"product_tag-tag_1304","10":"product_tag-tag_3","11":"product_tag-tag_17","13":"first","14":"outofstock","15":"taxable","16":"shipping-taxable","17":"purchasable","18":"product-type-simple"},"aioseo_notices":[],"jetpack_sharing_enabled":true,"_links":{"self":[{"href":"https:\/\/wildgear.itc-gmbh.shop\/it\/wp-json\/wp\/v2\/product\/7993","targetHints":{"allow":["GET"]}}],"collection":[{"href":"https:\/\/wildgear.itc-gmbh.shop\/it\/wp-json\/wp\/v2\/product"}],"about":[{"href":"https:\/\/wildgear.itc-gmbh.shop\/it\/wp-json\/wp\/v2\/types\/product"}],"replies":[{"embeddable":true,"href":"https:\/\/wildgear.itc-gmbh.shop\/it\/wp-json\/wp\/v2\/comments?post=7993"}],"wp:featuredmedia":[{"embeddable":true,"href":"https:\/\/wildgear.itc-gmbh.shop\/it\/wp-json\/wp\/v2\/media\/7992"}],"wp:attachment":[{"href":"https:\/\/wildgear.itc-gmbh.shop\/it\/wp-json\/wp\/v2\/media?parent=7993"}],"wp:term":[{"taxonomy":"product_brand","embeddable":true,"href":"https:\/\/wildgear.itc-gmbh.shop\/it\/wp-json\/wp\/v2\/product_brand?post=7993"},{"taxonomy":"product_cat","embeddable":true,"href":"https:\/\/wildgear.itc-gmbh.shop\/it\/wp-json\/wp\/v2\/product_cat?post=7993"},{"taxonomy":"product_tag","embeddable":true,"href":"https:\/\/wildgear.itc-gmbh.shop\/it\/wp-json\/wp\/v2\/product_tag?post=7993"}],"curies":[{"name":"wp","href":"https:\/\/api.w.org\/{rel}","templated":true}]}}