{"id":8099,"date":"2024-05-27T02:17:22","date_gmt":"2024-05-27T02:17:22","guid":{"rendered":"https:\/\/outdoor.itc-gmbh.shop\/product\/wasserflasche-versa-gruen-1-l-stahl-polystyrol-87-x-245-x-87-cm\/"},"modified":"2024-05-27T02:17:22","modified_gmt":"2024-05-27T02:17:22","slug":"wasserflasche-versa-gruen-1-l-stahl-polystyrol-87-x-245-x-87-cm","status":"publish","type":"product","link":"https:\/\/wildgear.itc-gmbh.shop\/it\/product\/wasserflasche-versa-gruen-1-l-stahl-polystyrol-87-x-245-x-87-cm\/","title":{"rendered":"Wasserflasche Versa gr\u00fcn 1 L Stahl polystyrol 8,7 x 24,5 x 8,7 cm"},"content":{"rendered":"<p>Rimanete in forma e scoprite le ultime innovazioni del settore per praticare lo sport nelle migliori condizioni! Acquista ora <b>Wasserflasche Versa gr\u00fcn 1 L Stahl polystyrol<\/b> al miglior prezzo e godetevi una vita sana!<\/p>\n<ul>\n<li>Materiale:\n<ul>\n<li>Acciaio<\/li>\n<li>polistirolo<\/li>\n<\/ul>\n<\/li>\n<li>Ma\u00dfe ca.: 8,7 x 24,5 x 8,7 cm<\/li>\n<li>Colore: verde<\/li>\n<li>Kapazit\u00e4t: 1 L<\/li>\n<\/ul>","protected":false},"excerpt":{"rendered":"<p>Bleiben Sie in Form und entdecken Sie die neuesten Innovationen der Branche, um mit den besten Voraussetzungen Sport zu betreiben! Kaufen Sie Wasserflasche Versa gr\u00fcn 1 L Stahl polystyrol zum besten Preis und genie\u00dfen Sie ein gesundes Leben! Material: Stahl polystyrol Ma\u00dfe ca.: 8,7 x 24,5 x 8,7 cm Farbe: gr\u00fcn Kapazit\u00e4t: 1 L<\/p>","protected":false},"featured_media":8098,"comment_status":"open","ping_status":"closed","template":"","meta":{"inline_featured_image":false},"product_brand":[],"product_cat":[181,185,180],"product_tag":[177,178],"class_list":{"0":"post-8099","1":"product","2":"type-product","3":"status-publish","4":"has-post-thumbnail","6":"product_cat-camping-und-berge","7":"product_cat-flaschen-und-feldflaschen","8":"product_cat-sport-freizeit","9":"product_tag-tag_3","10":"product_tag-tag_17","12":"first","13":"outofstock","14":"taxable","15":"shipping-taxable","16":"purchasable","17":"product-type-simple"},"aioseo_notices":[],"jetpack_sharing_enabled":true,"_links":{"self":[{"href":"https:\/\/wildgear.itc-gmbh.shop\/it\/wp-json\/wp\/v2\/product\/8099","targetHints":{"allow":["GET"]}}],"collection":[{"href":"https:\/\/wildgear.itc-gmbh.shop\/it\/wp-json\/wp\/v2\/product"}],"about":[{"href":"https:\/\/wildgear.itc-gmbh.shop\/it\/wp-json\/wp\/v2\/types\/product"}],"replies":[{"embeddable":true,"href":"https:\/\/wildgear.itc-gmbh.shop\/it\/wp-json\/wp\/v2\/comments?post=8099"}],"wp:featuredmedia":[{"embeddable":true,"href":"https:\/\/wildgear.itc-gmbh.shop\/it\/wp-json\/wp\/v2\/media\/8098"}],"wp:attachment":[{"href":"https:\/\/wildgear.itc-gmbh.shop\/it\/wp-json\/wp\/v2\/media?parent=8099"}],"wp:term":[{"taxonomy":"product_brand","embeddable":true,"href":"https:\/\/wildgear.itc-gmbh.shop\/it\/wp-json\/wp\/v2\/product_brand?post=8099"},{"taxonomy":"product_cat","embeddable":true,"href":"https:\/\/wildgear.itc-gmbh.shop\/it\/wp-json\/wp\/v2\/product_cat?post=8099"},{"taxonomy":"product_tag","embeddable":true,"href":"https:\/\/wildgear.itc-gmbh.shop\/it\/wp-json\/wp\/v2\/product_tag?post=8099"}],"curies":[{"name":"wp","href":"https:\/\/api.w.org\/{rel}","templated":true}]}}