{"id":8403,"date":"2024-05-27T02:21:53","date_gmt":"2024-05-27T02:21:53","guid":{"rendered":"https:\/\/outdoor.itc-gmbh.shop\/product\/wasserflasche-laken-73-r-rot\/"},"modified":"2024-10-07T00:00:21","modified_gmt":"2024-10-07T00:00:21","slug":"wasserflasche-laken-73-r-rot","status":"publish","type":"product","link":"https:\/\/wildgear.itc-gmbh.shop\/it\/product\/wasserflasche-laken-73-r-rot\/","title":{"rendered":"Wasserflasche Laken 73-R Rot"},"content":{"rendered":"<p>Se siete alla ricerca di nuovi prodotti di tendenza sul mercato, vi presentiamo <b>Wasserflasche 73-R (Restauriert B)<\/b>!<\/p>\n<ul>\n<li>Colore: Rosso<\/li>\n<li>Kapazit\u00e4t: 1 L<\/li>\n<li>Materiale: alluminio<\/li>\n<li>Empfohlene verwendung: Unisex f\u00fcr Erwachsene<\/li>\n<\/ul>","protected":false},"excerpt":{"rendered":"<p>Wenn Sie auf der Suche nach trendigen Neuheiten auf dem Markt sind, pr\u00e4sentieren wir Ihnen Wasserflasche 73-R (Restauriert B)! Farbe: Rot Kapazit\u00e4t: 1 L Material: Aluminium Empfohlene verwendung: Unisex f\u00fcr Erwachsene<\/p>","protected":false},"featured_media":17187,"comment_status":"open","ping_status":"closed","template":"","meta":{"inline_featured_image":false},"product_brand":[],"product_cat":[181,185,180],"product_tag":[476,209,213,177,478,208],"class_list":{"0":"post-8403","1":"product","2":"type-product","3":"status-publish","4":"has-post-thumbnail","6":"product_cat-camping-und-berge","7":"product_cat-flaschen-und-feldflaschen","8":"product_cat-sport-freizeit","9":"product_tag-tag_933","10":"product_tag-tag_768","11":"product_tag-tag_69","12":"product_tag-tag_3","13":"product_tag-tag_71","14":"product_tag-tag_650","16":"first","17":"instock","18":"taxable","19":"shipping-taxable","20":"purchasable","21":"product-type-simple"},"aioseo_notices":[],"jetpack_sharing_enabled":true,"_links":{"self":[{"href":"https:\/\/wildgear.itc-gmbh.shop\/it\/wp-json\/wp\/v2\/product\/8403","targetHints":{"allow":["GET"]}}],"collection":[{"href":"https:\/\/wildgear.itc-gmbh.shop\/it\/wp-json\/wp\/v2\/product"}],"about":[{"href":"https:\/\/wildgear.itc-gmbh.shop\/it\/wp-json\/wp\/v2\/types\/product"}],"replies":[{"embeddable":true,"href":"https:\/\/wildgear.itc-gmbh.shop\/it\/wp-json\/wp\/v2\/comments?post=8403"}],"wp:featuredmedia":[{"embeddable":true,"href":"https:\/\/wildgear.itc-gmbh.shop\/it\/wp-json\/wp\/v2\/media\/17187"}],"wp:attachment":[{"href":"https:\/\/wildgear.itc-gmbh.shop\/it\/wp-json\/wp\/v2\/media?parent=8403"}],"wp:term":[{"taxonomy":"product_brand","embeddable":true,"href":"https:\/\/wildgear.itc-gmbh.shop\/it\/wp-json\/wp\/v2\/product_brand?post=8403"},{"taxonomy":"product_cat","embeddable":true,"href":"https:\/\/wildgear.itc-gmbh.shop\/it\/wp-json\/wp\/v2\/product_cat?post=8403"},{"taxonomy":"product_tag","embeddable":true,"href":"https:\/\/wildgear.itc-gmbh.shop\/it\/wp-json\/wp\/v2\/product_tag?post=8403"}],"curies":[{"name":"wp","href":"https:\/\/api.w.org\/{rel}","templated":true}]}}