{"id":9706,"date":"2024-05-27T02:36:58","date_gmt":"2024-05-27T02:36:58","guid":{"rendered":"https:\/\/outdoor.itc-gmbh.shop\/product\/wasserflasche-philips-add912-10-durchsichtig-kunststoff-flexibel-1-l\/"},"modified":"2024-05-27T02:36:59","modified_gmt":"2024-05-27T02:36:59","slug":"wasserflasche-philips-add912-10-durchsichtig-kunststoff-flexibel-1-l","status":"publish","type":"product","link":"https:\/\/wildgear.itc-gmbh.shop\/it\/product\/wasserflasche-philips-add912-10-durchsichtig-kunststoff-flexibel-1-l\/","title":{"rendered":"Wasserflasche Philips ADD912\/10 Durchsichtig Kunststoff Flexibel 1 L"},"content":{"rendered":"<p>Rimanete in forma e scoprite le ultime innovazioni del settore per praticare lo sport nelle migliori condizioni! Acquista ora <b>Wasserflasche Philips ADD912\/10 Durchsichtig Kunststoff Flexibel 1 L<\/b> al miglior prezzo e godetevi una vita sana!<\/p>\n<ul>\n<li>Caratteristiche:\n<ul>\n<li>Ohne GAP<\/li>\n<li>Tappo a vite<\/li>\n<li>T\u00e4gliche Anwendung<\/li>\n<\/ul>\n<\/li>\n<li>Kapazit\u00e4t: 1 L<\/li>\n<li>Farbe: Durchsichtig<\/li>\n<li>Materiale: plastica<\/li>\n<li>Design: Flexibel<\/li>\n<li>Zertifikat: CE<\/li>\n<\/ul>","protected":false},"excerpt":{"rendered":"<p>Bleiben Sie in Form und entdecken Sie die neuesten Innovationen der Branche, um mit den besten Voraussetzungen Sport zu betreiben! Kaufen Sie Wasserflasche Philips ADD912\/10 Durchsichtig Kunststoff Flexibel 1 L zum besten Preis und genie\u00dfen Sie ein gesundes Leben! Merkmale: Ohne GAP Schraubkappe T\u00e4gliche Anwendung Kapazit\u00e4t: 1 L Farbe: Durchsichtig Material: Kunststoff Design: Flexibel Zertifikat: &hellip; <\/p>\n<p class=\"more-link-wrap\"><a href=\"https:\/\/wildgear.itc-gmbh.shop\/it\/product\/wasserflasche-philips-add912-10-durchsichtig-kunststoff-flexibel-1-l\/\" class=\"more-link\"><span>Read More<span class=\"screen-reader-text\"> &#8220;Wasserflasche Philips ADD912\/10 Durchsichtig Kunststoff Flexibel 1 L&#8221;<\/span><\/span><\/a><\/p>","protected":false},"featured_media":9705,"comment_status":"open","ping_status":"closed","template":"","meta":{"inline_featured_image":false},"product_brand":[],"product_cat":[181,185,180],"product_tag":[177,178],"class_list":{"0":"post-9706","1":"product","2":"type-product","3":"status-publish","4":"has-post-thumbnail","6":"product_cat-camping-und-berge","7":"product_cat-flaschen-und-feldflaschen","8":"product_cat-sport-freizeit","9":"product_tag-tag_3","10":"product_tag-tag_17","12":"first","13":"outofstock","14":"taxable","15":"shipping-taxable","16":"purchasable","17":"product-type-simple"},"aioseo_notices":[],"jetpack_sharing_enabled":true,"_links":{"self":[{"href":"https:\/\/wildgear.itc-gmbh.shop\/it\/wp-json\/wp\/v2\/product\/9706","targetHints":{"allow":["GET"]}}],"collection":[{"href":"https:\/\/wildgear.itc-gmbh.shop\/it\/wp-json\/wp\/v2\/product"}],"about":[{"href":"https:\/\/wildgear.itc-gmbh.shop\/it\/wp-json\/wp\/v2\/types\/product"}],"replies":[{"embeddable":true,"href":"https:\/\/wildgear.itc-gmbh.shop\/it\/wp-json\/wp\/v2\/comments?post=9706"}],"wp:featuredmedia":[{"embeddable":true,"href":"https:\/\/wildgear.itc-gmbh.shop\/it\/wp-json\/wp\/v2\/media\/9705"}],"wp:attachment":[{"href":"https:\/\/wildgear.itc-gmbh.shop\/it\/wp-json\/wp\/v2\/media?parent=9706"}],"wp:term":[{"taxonomy":"product_brand","embeddable":true,"href":"https:\/\/wildgear.itc-gmbh.shop\/it\/wp-json\/wp\/v2\/product_brand?post=9706"},{"taxonomy":"product_cat","embeddable":true,"href":"https:\/\/wildgear.itc-gmbh.shop\/it\/wp-json\/wp\/v2\/product_cat?post=9706"},{"taxonomy":"product_tag","embeddable":true,"href":"https:\/\/wildgear.itc-gmbh.shop\/it\/wp-json\/wp\/v2\/product_tag?post=9706"}],"curies":[{"name":"wp","href":"https:\/\/api.w.org\/{rel}","templated":true}]}}