{"id":10434,"date":"2024-05-27T02:47:30","date_gmt":"2024-05-27T02:47:30","guid":{"rendered":"https:\/\/outdoor.itc-gmbh.shop\/product\/multifunktionale-wiederaufladbare-camping-laterne-4-in-1-calam-innovagoods\/"},"modified":"2024-05-27T02:47:43","modified_gmt":"2024-05-27T02:47:43","slug":"multifunktionale-wiederaufladbare-camping-laterne-4-in-1-calam-innovagoods","status":"publish","type":"product","link":"https:\/\/wildgear.itc-gmbh.shop\/nl\/product\/multifunktionale-wiederaufladbare-camping-laterne-4-in-1-calam-innovagoods\/","title":{"rendered":"Multifunktionale wiederaufladbare Camping Laterne 4 in 1 Calam InnovaGoods"},"content":{"rendered":"<div class=\"col-md-6\">Wenn Sie sich f\u00fcr das Gadget-Universum begeistern, bietet Ihnen <b>InnovaGoods<\/b> originelle Neuheiten f\u00fcr das Zuhause, Auto, Reisen, Kinder, Technik, Unterhaltung usw. an. Entdecken Sie eine breite Palette von Qualit\u00e4tsprodukten, die sich durch Funktionalit\u00e4t, Effizienz und innovatives Design auszeichnen, wie <b>Multifunktionale wiederaufladbare Camping Laterne 4 in 1 Calam InnovaGoods <\/b>!<\/p>\n<p>Diese <b>wiederaufladbare Camping-Laterne&nbsp;<\/b>erm\u00f6glicht dank ihres originellen faltbaren Designs 3 Beleuchtungsmodi, einstellbare Ausrichtung und mehrere Verwendungszwecke: Powerbank (1500 mAh), Laterne (1 LED), Schreibtischflexo und Tischlampe (10 LED, 2 Intensit\u00e4ten).<\/p>\n<p><b>&nbsp;Eine leichte,<\/b> robuste, komfortable und einfach zu bedienende Mehrzwecklampe. Der Knopf am Griff w\u00e4hlt den Lichttyp aus und verf\u00fcgt \u00fcber 2 USB\/C-Anschl\u00fcsse. Enth\u00e4lt ein USB-C-Kabel.<\/p>\n<ul>\n<li><b>4 in 1, Mehrzweck, Mehrzweck<\/b>: Diese vielseitige Multifunktions-Campingleuchte hat mehrere Anwendungen, da sie als Taschenlampe, Tischlampe, Schreibtischlampe (Flexo-Typ) oder Powerbank verwendet werden kann. Ideal f\u00fcr Camping, Wandern, Angeln, Grillen, Garten, Schreibtisch, Telearbeit usw.<\/li>\n<li><b>3 Beleuchtungsmodi, 2 Intensit\u00e4ten<\/b>: Im Lampen- und Laternenmodus verf\u00fcgt es \u00fcber 10 Wei\u00dflicht-LEDs und 2 Intensit\u00e4tsstufen, um eine intensivere oder weichere Helligkeit auszuw\u00e4hlen; im Laternenmodus, hat das Licht eine Projektion von 360\u00ba. Im Taschenlampenmodus verf\u00fcgt es \u00fcber eine einzelne wei\u00dfe LED mit starker Lichtintensit\u00e4t und einer Reichweite von bis zu 200 m.<\/li>\n<li><b>Zusammenklappbar, verstellbare Ausrichtung<\/b>: Das zusammenklappbare Design erm\u00f6glicht verschiedene Positionen und Nutzungsm\u00f6glichkeiten. Der Griff der Laterne l\u00e4sst sich leicht ausklappen, um sie in eine Schreibtischlampe vom Typ Flexo mit um 180 \u00b0 verstellbarem Arm und Fokus zu verwandeln, die sich vollst\u00e4ndig an die gew\u00fcnschte Ausrichtung anpasst.<\/li>\n<li><b>Wiederaufladbar, tragbar<\/b>: Der interne wiederaufladbare Akku (universeller Typ-C-Anschluss) erleichtert den Transport und die Verwendung zu jeder Zeit und an jedem Ort. Es kann auch als Notfall-Powerbank (1500 mAh) verwendet werden, da es \u00fcber einen USB-Anschluss zum Aufladen von Mobiltelefonen oder anderen Ger\u00e4ten verf\u00fcgt. Inklusive USB-C-Kabel.<\/li>\n<li><b>Hochwertige Materialien<\/b>: eine Lampe mit weichem Griff, leicht, kompakt, widerstandsf\u00e4hig und mit guter Lichtdurchl\u00e4ssigkeit.&nbsp;Dar\u00fcber hinaus ist es sehr bequem und einfach zu bedienen. Es verf\u00fcgt \u00fcber einen Knopf am Griff, um die Art des Lichts auszuw\u00e4hlen, und einen Silikonstecker, um die 2 USB\/C-Anschl\u00fcsse zu sch\u00fctzen.<\/li>\n<\/ul>\n<ul>\n<li>Materiaal:\n<ul>\n<li>AS<\/li>\n<li>ABS<\/li>\n<li>polystyrol<\/li>\n<\/ul>\n<\/li>\n<li>Kleur:\n<ul>\n<li>groen<\/li>\n<li>Grijs<\/li>\n<\/ul>\n<\/li>\n<li>Multifunktion: 4-in-1<\/li>\n<li>Art: Camping-Lampe<\/li>\n<li>3 Beleuchtungsmodi:\n<ul>\n<li>Laterne<\/li>\n<li>Fakkel<\/li>\n<li>Tischlampe<\/li>\n<\/ul>\n<\/li>\n<li>LED Leicht: 2 Intensit\u00e4tsstufen<\/li>\n<li>Merkmale: Biegsam<\/li>\n<li>Ausrichtung einstellbar: 180\u00ba<\/li>\n<li>Aufladbar: USB-Ladung<\/li>\n<li>Enthalten: USB-C-Kabel<\/li>\n<li>Batterietyp: Li-Ion<\/li>\n<li>Kapazit\u00e4t der Batterie: 1500 mAh<\/li>\n<li>Leistung: 5,55 W<\/li>\n<li>DC In: 5 V \/ 1 A<\/li>\n<li>Power Bank: 1500 mAh<\/li>\n<li>Taschenlampe:\n<ul>\n<li>1 LED<\/li>\n<li>3 W \/ 10000 K \/ 150 lm<\/li>\n<li>Ungef\u00e4hre Reichweite: 200 m<\/li>\n<\/ul>\n<\/li>\n<li>Lampe:\n<ul>\n<li>10 LED<\/li>\n<li>3 W \/ 7200 K \/ 60-120 lm<\/li>\n<\/ul>\n<\/li>\n<li>Gr\u00f6\u00dfe: Ca.: 8,5 x 15,5 x 13 cm<\/li>\n<li>Ungef\u00e4hre Ma\u00dfe entfaltet: 8,5 x 32 x 12,5 cm<\/li>\n<\/ul>\n<p>Verpackung und Anleitung in 24 Sprachen: Englisch, Franz\u00f6sisch, Spanisch, Deutsch, Italienisch, Portugiesisch, Niederl\u00e4ndisch, Polnisch, Ungarisch, Rum\u00e4nisch, D\u00e4nisch, Schwedisch, Finnisch, Litauisch, Norwegisch, Slowenisch, Griechisch, Tschechisch, Bulgarisch, Kroatisch, Slowakisch, Estnisch, Russisch, Lettisch.<\/p><\/div>\n<div class=\"col-md-6\">\n<div class=\"embed-responsive embed-responsive-16by9\"><iframe class=\"embed-responsive-item\" src=\"https:\/\/www.youtube.com\/embed\/oRnPHbdwavE\" frameborder=\"0\" allowfullscreen><\/iframe><\/div>\n<\/div>","protected":false},"excerpt":{"rendered":"<p>Wenn Sie sich f\u00fcr das Gadget-Universum begeistern, bietet Ihnen InnovaGoods originelle Neuheiten f\u00fcr das Zuhause, Auto, Reisen, Kinder, Technik, Unterhaltung usw. an. Entdecken Sie eine breite Palette von Qualit\u00e4tsprodukten, die sich durch Funktionalit\u00e4t, Effizienz und innovatives Design auszeichnen, wie Multifunktionale wiederaufladbare Camping Laterne 4 in 1 Calam InnovaGoods ! Diese wiederaufladbare Camping-Laterne&nbsp;erm\u00f6glicht dank ihres originellen &hellip; <\/p>\n<p class=\"more-link-wrap\"><a href=\"https:\/\/wildgear.itc-gmbh.shop\/nl\/product\/multifunktionale-wiederaufladbare-camping-laterne-4-in-1-calam-innovagoods\/\" class=\"more-link\"><span>Read More<span class=\"screen-reader-text\"> &#8220;Multifunktionale wiederaufladbare Camping Laterne 4 in 1 Calam InnovaGoods&#8221;<\/span><\/span><\/a><\/p>","protected":false},"featured_media":10433,"comment_status":"open","ping_status":"closed","template":"","meta":{"inline_featured_image":false},"product_brand":[],"product_cat":[181,576,571,180,195],"product_tag":[562,193,213,194,177,474],"class_list":{"0":"post-10434","1":"product","2":"type-product","3":"status-publish","4":"has-post-thumbnail","6":"product_cat-camping-und-berge","7":"product_cat-garten-und-terrasse","8":"product_cat-heim-garten","9":"product_cat-sport-freizeit","10":"product_cat-taschenlampen","11":"product_tag-tag_55","12":"product_tag-tag_25","13":"product_tag-tag_69","14":"product_tag-tag_370","15":"product_tag-tag_3","16":"product_tag-tag_152","18":"first","19":"outofstock","20":"taxable","21":"shipping-taxable","22":"purchasable","23":"product-type-simple"},"aioseo_notices":[],"jetpack_sharing_enabled":true,"_links":{"self":[{"href":"https:\/\/wildgear.itc-gmbh.shop\/nl\/wp-json\/wp\/v2\/product\/10434","targetHints":{"allow":["GET"]}}],"collection":[{"href":"https:\/\/wildgear.itc-gmbh.shop\/nl\/wp-json\/wp\/v2\/product"}],"about":[{"href":"https:\/\/wildgear.itc-gmbh.shop\/nl\/wp-json\/wp\/v2\/types\/product"}],"replies":[{"embeddable":true,"href":"https:\/\/wildgear.itc-gmbh.shop\/nl\/wp-json\/wp\/v2\/comments?post=10434"}],"wp:featuredmedia":[{"embeddable":true,"href":"https:\/\/wildgear.itc-gmbh.shop\/nl\/wp-json\/wp\/v2\/media\/10433"}],"wp:attachment":[{"href":"https:\/\/wildgear.itc-gmbh.shop\/nl\/wp-json\/wp\/v2\/media?parent=10434"}],"wp:term":[{"taxonomy":"product_brand","embeddable":true,"href":"https:\/\/wildgear.itc-gmbh.shop\/nl\/wp-json\/wp\/v2\/product_brand?post=10434"},{"taxonomy":"product_cat","embeddable":true,"href":"https:\/\/wildgear.itc-gmbh.shop\/nl\/wp-json\/wp\/v2\/product_cat?post=10434"},{"taxonomy":"product_tag","embeddable":true,"href":"https:\/\/wildgear.itc-gmbh.shop\/nl\/wp-json\/wp\/v2\/product_tag?post=10434"}],"curies":[{"name":"wp","href":"https:\/\/api.w.org\/{rel}","templated":true}]}}