{"id":10896,"date":"2024-05-27T02:54:10","date_gmt":"2024-05-27T02:54:10","guid":{"rendered":"https:\/\/outdoor.itc-gmbh.shop\/product\/taschenlampe-energizer-444275-250-lm\/"},"modified":"2024-05-27T02:54:11","modified_gmt":"2024-05-27T02:54:11","slug":"taschenlampe-energizer-444275-250-lm","status":"publish","type":"product","link":"https:\/\/wildgear.itc-gmbh.shop\/nl\/product\/taschenlampe-energizer-444275-250-lm\/","title":{"rendered":"Taschenlampe Energizer 444275 250 Lm"},"content":{"rendered":"<p>Als je op zoek bent naar trendy nieuwe producten op de markt, stellen we je het volgende voor <b>Taschenlampe Energizer 444275 250 Lm<\/b>!<\/p>\n<ul>\n<li>Kleur: groen<\/li>\n<li>Merkmale: LED<\/li>\n<li>Bescherming: IPX4<\/li>\n<li>Batteriebetrieben: 3 x AAA<\/li>\n<li>Inclusief batterijen: Ja<\/li>\n<li>Ungef\u00e4hres Gewicht: 126 g<\/li>\n<li>Lichtstroom: 250 Lm<\/li>\n<\/ul>","protected":false},"excerpt":{"rendered":"<p>Wenn Sie auf der Suche nach trendigen Neuheiten auf dem Markt sind, pr\u00e4sentieren wir Ihnen Taschenlampe Energizer 444275 250 Lm! Farbe: gr\u00fcn Merkmale: LED Schutz: IPX4 Batteriebetrieben: 3 x AAA Inklusive Batterien: Ja Ungef\u00e4hres Gewicht: 126 g Lichtstrom: 250 Lm<\/p>","protected":false},"featured_media":10895,"comment_status":"open","ping_status":"closed","template":"","meta":{"inline_featured_image":false},"product_brand":[],"product_cat":[181,180,195],"product_tag":[193,194,177],"class_list":{"0":"post-10896","1":"product","2":"type-product","3":"status-publish","4":"has-post-thumbnail","6":"product_cat-camping-und-berge","7":"product_cat-sport-freizeit","8":"product_cat-taschenlampen","9":"product_tag-tag_25","10":"product_tag-tag_370","11":"product_tag-tag_3","13":"first","14":"outofstock","15":"taxable","16":"shipping-taxable","17":"purchasable","18":"product-type-simple"},"aioseo_notices":[],"jetpack_sharing_enabled":true,"_links":{"self":[{"href":"https:\/\/wildgear.itc-gmbh.shop\/nl\/wp-json\/wp\/v2\/product\/10896","targetHints":{"allow":["GET"]}}],"collection":[{"href":"https:\/\/wildgear.itc-gmbh.shop\/nl\/wp-json\/wp\/v2\/product"}],"about":[{"href":"https:\/\/wildgear.itc-gmbh.shop\/nl\/wp-json\/wp\/v2\/types\/product"}],"replies":[{"embeddable":true,"href":"https:\/\/wildgear.itc-gmbh.shop\/nl\/wp-json\/wp\/v2\/comments?post=10896"}],"wp:featuredmedia":[{"embeddable":true,"href":"https:\/\/wildgear.itc-gmbh.shop\/nl\/wp-json\/wp\/v2\/media\/10895"}],"wp:attachment":[{"href":"https:\/\/wildgear.itc-gmbh.shop\/nl\/wp-json\/wp\/v2\/media?parent=10896"}],"wp:term":[{"taxonomy":"product_brand","embeddable":true,"href":"https:\/\/wildgear.itc-gmbh.shop\/nl\/wp-json\/wp\/v2\/product_brand?post=10896"},{"taxonomy":"product_cat","embeddable":true,"href":"https:\/\/wildgear.itc-gmbh.shop\/nl\/wp-json\/wp\/v2\/product_cat?post=10896"},{"taxonomy":"product_tag","embeddable":true,"href":"https:\/\/wildgear.itc-gmbh.shop\/nl\/wp-json\/wp\/v2\/product_tag?post=10896"}],"curies":[{"name":"wp","href":"https:\/\/api.w.org\/{rel}","templated":true}]}}