{"id":11183,"date":"2024-05-27T02:58:13","date_gmt":"2024-05-27T02:58:13","guid":{"rendered":"https:\/\/outdoor.itc-gmbh.shop\/product\/korb-dkd-home-decor-picnic-braun-marineblau-korb-46-x-30-x-20-cm\/"},"modified":"2024-05-27T02:58:22","modified_gmt":"2024-05-27T02:58:22","slug":"korb-dkd-home-decor-picnic-braun-marineblau-korb-46-x-30-x-20-cm","status":"publish","type":"product","link":"https:\/\/wildgear.itc-gmbh.shop\/nl\/product\/korb-dkd-home-decor-picnic-braun-marineblau-korb-46-x-30-x-20-cm\/","title":{"rendered":"Korb DKD Home Decor Picnic Braun Marineblau korb 46 x 30 x 20 cm"},"content":{"rendered":"<p>Als je waarde hecht aan details bij het inrichten van je huis en op de hoogte wilt blijven van producten die je leven gemakkelijker maken, koop dan <b>Korb DKD Home Decor Picnic Braun Marineblau korb 46 x 30 x 20 cm<\/b> tegen de beste prijs.<\/p>\n<ul>\n<li>Art:\n<ul>\n<li>Picknick<\/li>\n<li>K\u00fchlschrank<\/li>\n<\/ul>\n<\/li>\n<li>Inbegrepen:\n<ul>\n<li>Mes x 4<\/li>\n<li>Lepel x 4<\/li>\n<li>Vork x 4<\/li>\n<li>Tischdecke<\/li>\n<li>Flacher Teller x 4<\/li>\n<\/ul>\n<\/li>\n<li>Aantal zetels: 4 zetels<\/li>\n<li>Kleur:\n<ul>\n<li>Bruin<\/li>\n<li>Marineblau<\/li>\n<\/ul>\n<\/li>\n<li>Material: korb<\/li>\n<li>Einstellbar: Kein<\/li>\n<li>Ma\u00dfe ca.: 46 x 30 x 20 cm<\/li>\n<\/ul>","protected":false},"excerpt":{"rendered":"<p>Wenn Sie bei der Einrichtung ihres Heims Wert auf Details legen und bei Produkten, die Ihnen das Leben leichter machen, auf dem letzten Stand sein m\u00f6chten, dann kaufen Sie Korb DKD Home Decor Picnic Braun Marineblau korb 46 x 30 x 20 cm zum besten Preis. Art: Picnic K\u00fchlschrank Enthalten: Messer x 4 L\u00f6ffel x &hellip; <\/p>\n<p class=\"more-link-wrap\"><a href=\"https:\/\/wildgear.itc-gmbh.shop\/nl\/product\/korb-dkd-home-decor-picnic-braun-marineblau-korb-46-x-30-x-20-cm\/\" class=\"more-link\"><span>Read More<span class=\"screen-reader-text\"> &#8220;Korb DKD Home Decor Picnic Braun Marineblau korb 46 x 30 x 20 cm&#8221;<\/span><\/span><\/a><\/p>","protected":false},"featured_media":11182,"comment_status":"open","ping_status":"closed","template":"","meta":{"inline_featured_image":false},"product_brand":[],"product_cat":[181,205,180],"product_tag":[213,564,177,208],"class_list":{"0":"post-11183","1":"product","2":"type-product","3":"status-publish","4":"has-post-thumbnail","6":"product_cat-camping-und-berge","7":"product_cat-rucksacke-und-taschen","8":"product_cat-sport-freizeit","9":"product_tag-tag_69","10":"product_tag-tag_52","11":"product_tag-tag_3","12":"product_tag-tag_650","14":"first","15":"instock","16":"taxable","17":"shipping-taxable","18":"purchasable","19":"product-type-simple"},"aioseo_notices":[],"jetpack_sharing_enabled":true,"_links":{"self":[{"href":"https:\/\/wildgear.itc-gmbh.shop\/nl\/wp-json\/wp\/v2\/product\/11183","targetHints":{"allow":["GET"]}}],"collection":[{"href":"https:\/\/wildgear.itc-gmbh.shop\/nl\/wp-json\/wp\/v2\/product"}],"about":[{"href":"https:\/\/wildgear.itc-gmbh.shop\/nl\/wp-json\/wp\/v2\/types\/product"}],"replies":[{"embeddable":true,"href":"https:\/\/wildgear.itc-gmbh.shop\/nl\/wp-json\/wp\/v2\/comments?post=11183"}],"wp:featuredmedia":[{"embeddable":true,"href":"https:\/\/wildgear.itc-gmbh.shop\/nl\/wp-json\/wp\/v2\/media\/11182"}],"wp:attachment":[{"href":"https:\/\/wildgear.itc-gmbh.shop\/nl\/wp-json\/wp\/v2\/media?parent=11183"}],"wp:term":[{"taxonomy":"product_brand","embeddable":true,"href":"https:\/\/wildgear.itc-gmbh.shop\/nl\/wp-json\/wp\/v2\/product_brand?post=11183"},{"taxonomy":"product_cat","embeddable":true,"href":"https:\/\/wildgear.itc-gmbh.shop\/nl\/wp-json\/wp\/v2\/product_cat?post=11183"},{"taxonomy":"product_tag","embeddable":true,"href":"https:\/\/wildgear.itc-gmbh.shop\/nl\/wp-json\/wp\/v2\/product_tag?post=11183"}],"curies":[{"name":"wp","href":"https:\/\/api.w.org\/{rel}","templated":true}]}}