{"id":11241,"date":"2024-05-27T02:59:22","date_gmt":"2024-05-27T02:59:22","guid":{"rendered":"https:\/\/outdoor.itc-gmbh.shop\/product\/picknick-set-dkd-home-decor-43-x-23-x-29-cm-marineblau\/"},"modified":"2024-05-27T02:59:28","modified_gmt":"2024-05-27T02:59:28","slug":"picknick-set-dkd-home-decor-43-x-23-x-29-cm-marineblau","status":"publish","type":"product","link":"https:\/\/wildgear.itc-gmbh.shop\/nl\/product\/picknick-set-dkd-home-decor-43-x-23-x-29-cm-marineblau\/","title":{"rendered":"Picknick-Set DKD Home Decor 43 x 23 x 29 cm Marineblau"},"content":{"rendered":"<p>Als je waarde hecht aan details bij het inrichten van je huis en op de hoogte wilt blijven van producten die je leven gemakkelijker maken, koop dan <b>Picknick-Set DKD Home Decor 43 x 23 x 29 cm Marineblau<\/b> tegen de beste prijs.<\/p>\n<ul>\n<li>Inbegrepen:\n<ul>\n<li>Mes x 4<\/li>\n<li>\u00d6ffner<\/li>\n<li>Bril x 4<\/li>\n<li>Vork x 4<\/li>\n<li>Plaat x 4<\/li>\n<li>Servietten x 4<\/li>\n<li>K\u00fchltasche<\/li>\n<\/ul>\n<\/li>\n<li>Art: Picknick-Set<\/li>\n<li>Materiaal: Polyester<\/li>\n<li>Kleur: marineblauw<\/li>\n<li>Ma\u00dfe ca.: 43 x 23 x 29 cm<\/li>\n<li>Gewicht: 2,1 kg<\/li>\n<\/ul>","protected":false},"excerpt":{"rendered":"<p>Wenn Sie bei der Einrichtung ihres Heims Wert auf Details legen und bei Produkten, die Ihnen das Leben leichter machen, auf dem letzten Stand sein m\u00f6chten, dann kaufen Sie Picknick-Set DKD Home Decor 43 x 23 x 29 cm Marineblau zum besten Preis. Enthalten: Messer x 4 \u00d6ffner Gl\u00e4ser x 4 Gabel x 4 Teller &hellip; <\/p>\n<p class=\"more-link-wrap\"><a href=\"https:\/\/wildgear.itc-gmbh.shop\/nl\/product\/picknick-set-dkd-home-decor-43-x-23-x-29-cm-marineblau\/\" class=\"more-link\"><span>Read More<span class=\"screen-reader-text\"> &#8220;Picknick-Set DKD Home Decor 43 x 23 x 29 cm Marineblau&#8221;<\/span><\/span><\/a><\/p>","protected":false},"featured_media":11240,"comment_status":"open","ping_status":"closed","template":"","meta":{"inline_featured_image":false},"product_brand":[],"product_cat":[181,205,180],"product_tag":[213,177,208],"class_list":{"0":"post-11241","1":"product","2":"type-product","3":"status-publish","4":"has-post-thumbnail","6":"product_cat-camping-und-berge","7":"product_cat-rucksacke-und-taschen","8":"product_cat-sport-freizeit","9":"product_tag-tag_69","10":"product_tag-tag_3","11":"product_tag-tag_650","13":"first","14":"instock","15":"taxable","16":"shipping-taxable","17":"purchasable","18":"product-type-simple"},"aioseo_notices":[],"jetpack_sharing_enabled":true,"_links":{"self":[{"href":"https:\/\/wildgear.itc-gmbh.shop\/nl\/wp-json\/wp\/v2\/product\/11241","targetHints":{"allow":["GET"]}}],"collection":[{"href":"https:\/\/wildgear.itc-gmbh.shop\/nl\/wp-json\/wp\/v2\/product"}],"about":[{"href":"https:\/\/wildgear.itc-gmbh.shop\/nl\/wp-json\/wp\/v2\/types\/product"}],"replies":[{"embeddable":true,"href":"https:\/\/wildgear.itc-gmbh.shop\/nl\/wp-json\/wp\/v2\/comments?post=11241"}],"wp:featuredmedia":[{"embeddable":true,"href":"https:\/\/wildgear.itc-gmbh.shop\/nl\/wp-json\/wp\/v2\/media\/11240"}],"wp:attachment":[{"href":"https:\/\/wildgear.itc-gmbh.shop\/nl\/wp-json\/wp\/v2\/media?parent=11241"}],"wp:term":[{"taxonomy":"product_brand","embeddable":true,"href":"https:\/\/wildgear.itc-gmbh.shop\/nl\/wp-json\/wp\/v2\/product_brand?post=11241"},{"taxonomy":"product_cat","embeddable":true,"href":"https:\/\/wildgear.itc-gmbh.shop\/nl\/wp-json\/wp\/v2\/product_cat?post=11241"},{"taxonomy":"product_tag","embeddable":true,"href":"https:\/\/wildgear.itc-gmbh.shop\/nl\/wp-json\/wp\/v2\/product_tag?post=11241"}],"curies":[{"name":"wp","href":"https:\/\/api.w.org\/{rel}","templated":true}]}}