{"id":11455,"date":"2024-05-27T03:02:51","date_gmt":"2024-05-27T03:02:51","guid":{"rendered":"https:\/\/outdoor.itc-gmbh.shop\/product\/mehrzweckrucksack-gregory-nano-18-schwarz\/"},"modified":"2024-05-27T03:02:53","modified_gmt":"2024-05-27T03:02:53","slug":"mehrzweckrucksack-gregory-nano-18-schwarz","status":"publish","type":"product","link":"https:\/\/wildgear.itc-gmbh.shop\/nl\/product\/mehrzweckrucksack-gregory-nano-18-schwarz\/","title":{"rendered":"Mehrzweckrucksack Gregory Nano 18 Schwarz"},"content":{"rendered":"<p>Blijf in vorm en ontdek de nieuwste innovaties in de sector zodat je in de beste omstandigheden kunt sporten! Nu kopen <b>Mehrzweckrucksack Gregory Nano 18 Schwarz<\/b> tegen de beste prijs en geniet van een gezond leven!<\/p>\n<ul>\n<li>Kleur: Zwart<\/li>\n<li>Materiaal: Polyester<\/li>\n<li>Breite: 22,9 cm<\/li>\n<li>gro\u00df: 49,5 cm<\/li>\n<li>Kapazit\u00e4t: 18 L<\/li>\n<li>Geslacht: Unisex volwassenen<\/li>\n<\/ul>","protected":false},"excerpt":{"rendered":"<p>Bleiben Sie in Form und entdecken Sie die neuesten Innovationen der Branche, um mit den besten Voraussetzungen Sport zu betreiben! Kaufen Sie Mehrzweckrucksack Gregory Nano 18 Schwarz zum besten Preis und genie\u00dfen Sie ein gesundes Leben! Farbe: Schwarz Material: Polyester Breite: 22,9 cm gro\u00df: 49,5 cm Kapazit\u00e4t: 18 L Geschlecht: Unisex-Erwachsene<\/p>","protected":false},"featured_media":11454,"comment_status":"open","ping_status":"closed","template":"","meta":{"inline_featured_image":false},"product_brand":[],"product_cat":[181,205,180],"product_tag":[177,178],"class_list":{"0":"post-11455","1":"product","2":"type-product","3":"status-publish","4":"has-post-thumbnail","6":"product_cat-camping-und-berge","7":"product_cat-rucksacke-und-taschen","8":"product_cat-sport-freizeit","9":"product_tag-tag_3","10":"product_tag-tag_17","12":"first","13":"outofstock","14":"taxable","15":"shipping-taxable","16":"purchasable","17":"product-type-simple"},"aioseo_notices":[],"jetpack_sharing_enabled":true,"_links":{"self":[{"href":"https:\/\/wildgear.itc-gmbh.shop\/nl\/wp-json\/wp\/v2\/product\/11455","targetHints":{"allow":["GET"]}}],"collection":[{"href":"https:\/\/wildgear.itc-gmbh.shop\/nl\/wp-json\/wp\/v2\/product"}],"about":[{"href":"https:\/\/wildgear.itc-gmbh.shop\/nl\/wp-json\/wp\/v2\/types\/product"}],"replies":[{"embeddable":true,"href":"https:\/\/wildgear.itc-gmbh.shop\/nl\/wp-json\/wp\/v2\/comments?post=11455"}],"wp:featuredmedia":[{"embeddable":true,"href":"https:\/\/wildgear.itc-gmbh.shop\/nl\/wp-json\/wp\/v2\/media\/11454"}],"wp:attachment":[{"href":"https:\/\/wildgear.itc-gmbh.shop\/nl\/wp-json\/wp\/v2\/media?parent=11455"}],"wp:term":[{"taxonomy":"product_brand","embeddable":true,"href":"https:\/\/wildgear.itc-gmbh.shop\/nl\/wp-json\/wp\/v2\/product_brand?post=11455"},{"taxonomy":"product_cat","embeddable":true,"href":"https:\/\/wildgear.itc-gmbh.shop\/nl\/wp-json\/wp\/v2\/product_cat?post=11455"},{"taxonomy":"product_tag","embeddable":true,"href":"https:\/\/wildgear.itc-gmbh.shop\/nl\/wp-json\/wp\/v2\/product_tag?post=11455"}],"curies":[{"name":"wp","href":"https:\/\/api.w.org\/{rel}","templated":true}]}}