{"id":11602,"date":"2024-05-27T03:05:14","date_gmt":"2024-05-27T03:05:14","guid":{"rendered":"https:\/\/outdoor.itc-gmbh.shop\/product\/mehrzweckrucksack-gregory-kiro-28-blau\/"},"modified":"2024-05-27T03:05:16","modified_gmt":"2024-05-27T03:05:16","slug":"mehrzweckrucksack-gregory-kiro-28-blau","status":"publish","type":"product","link":"https:\/\/wildgear.itc-gmbh.shop\/nl\/product\/mehrzweckrucksack-gregory-kiro-28-blau\/","title":{"rendered":"Mehrzweckrucksack Gregory Kiro 28 Blau"},"content":{"rendered":"<p>Blijf in vorm en ontdek de nieuwste innovaties in de sector zodat je in de beste omstandigheden kunt sporten! Nu kopen <b>Mehrzweckrucksack Gregory Kiro 28 Blau<\/b> tegen de beste prijs en geniet van een gezond leven!<\/p>\n<ul>\n<li>Kleur: Blauw<\/li>\n<li>Materiaal:\n<ul>\n<li>Polyester<\/li>\n<li>Schuim<\/li>\n<li>EVA<\/li>\n<li>Nylon<\/li>\n<\/ul>\n<\/li>\n<li>Breite: 31 cm<\/li>\n<li>Kenmerken: Ventilatiesysteem<\/li>\n<li>gro\u00df: 53 cm<\/li>\n<li>Kapazit\u00e4t: 28 L<\/li>\n<li>Ma\u00dfe ca.: 31 x 53 x 28 cm<\/li>\n<\/ul>","protected":false},"excerpt":{"rendered":"<p>Bleiben Sie in Form und entdecken Sie die neuesten Innovationen der Branche, um mit den besten Voraussetzungen Sport zu betreiben! Kaufen Sie Mehrzweckrucksack Gregory Kiro 28 Blau zum besten Preis und genie\u00dfen Sie ein gesundes Leben! Farbe: Blau Material: Polyester Schaum EVA Nylon Breite: 31 cm Merkmale: Bel\u00fcftungssystem gro\u00df: 53 cm Kapazit\u00e4t: 28 L Ma\u00dfe &hellip; <\/p>\n<p class=\"more-link-wrap\"><a href=\"https:\/\/wildgear.itc-gmbh.shop\/nl\/product\/mehrzweckrucksack-gregory-kiro-28-blau\/\" class=\"more-link\"><span>Read More<span class=\"screen-reader-text\"> &#8220;Mehrzweckrucksack Gregory Kiro 28 Blau&#8221;<\/span><\/span><\/a><\/p>","protected":false},"featured_media":11601,"comment_status":"open","ping_status":"closed","template":"","meta":{"inline_featured_image":false},"product_brand":[],"product_cat":[181,205,180],"product_tag":[177,178],"class_list":{"0":"post-11602","1":"product","2":"type-product","3":"status-publish","4":"has-post-thumbnail","6":"product_cat-camping-und-berge","7":"product_cat-rucksacke-und-taschen","8":"product_cat-sport-freizeit","9":"product_tag-tag_3","10":"product_tag-tag_17","12":"first","13":"outofstock","14":"taxable","15":"shipping-taxable","16":"purchasable","17":"product-type-simple"},"aioseo_notices":[],"jetpack_sharing_enabled":true,"_links":{"self":[{"href":"https:\/\/wildgear.itc-gmbh.shop\/nl\/wp-json\/wp\/v2\/product\/11602","targetHints":{"allow":["GET"]}}],"collection":[{"href":"https:\/\/wildgear.itc-gmbh.shop\/nl\/wp-json\/wp\/v2\/product"}],"about":[{"href":"https:\/\/wildgear.itc-gmbh.shop\/nl\/wp-json\/wp\/v2\/types\/product"}],"replies":[{"embeddable":true,"href":"https:\/\/wildgear.itc-gmbh.shop\/nl\/wp-json\/wp\/v2\/comments?post=11602"}],"wp:featuredmedia":[{"embeddable":true,"href":"https:\/\/wildgear.itc-gmbh.shop\/nl\/wp-json\/wp\/v2\/media\/11601"}],"wp:attachment":[{"href":"https:\/\/wildgear.itc-gmbh.shop\/nl\/wp-json\/wp\/v2\/media?parent=11602"}],"wp:term":[{"taxonomy":"product_brand","embeddable":true,"href":"https:\/\/wildgear.itc-gmbh.shop\/nl\/wp-json\/wp\/v2\/product_brand?post=11602"},{"taxonomy":"product_cat","embeddable":true,"href":"https:\/\/wildgear.itc-gmbh.shop\/nl\/wp-json\/wp\/v2\/product_cat?post=11602"},{"taxonomy":"product_tag","embeddable":true,"href":"https:\/\/wildgear.itc-gmbh.shop\/nl\/wp-json\/wp\/v2\/product_tag?post=11602"}],"curies":[{"name":"wp","href":"https:\/\/api.w.org\/{rel}","templated":true}]}}