{"id":11934,"date":"2024-05-27T03:09:57","date_gmt":"2024-05-27T03:09:57","guid":{"rendered":"https:\/\/outdoor.itc-gmbh.shop\/product\/wanderrucksack-osprey-atmos-ag-65-l-schwarz\/"},"modified":"2024-05-27T03:10:01","modified_gmt":"2024-05-27T03:10:01","slug":"wanderrucksack-osprey-atmos-ag-65-l-schwarz","status":"publish","type":"product","link":"https:\/\/wildgear.itc-gmbh.shop\/nl\/product\/wanderrucksack-osprey-atmos-ag-65-l-schwarz\/","title":{"rendered":"Wanderrucksack OSPREY Atmos AG 65 L Schwarz"},"content":{"rendered":"<p>Blijf in vorm en ontdek de nieuwste innovaties in de sector zodat je in de beste omstandigheden kunt sporten! Nu kopen <b>Wanderrucksack OSPREY Atmos AG 65 L Schwarz<\/b> tegen de beste prijs en geniet van een gezond leven!<\/p>\n<ul>\n<li>Type: Wandelrugzak<\/li>\n<li>Inhoud: 65 liter<\/li>\n<li>Gr\u00f6\u00dfe: L\/XL<\/li>\n<li>Kleur: Zwart<\/li>\n<li>Geslacht: Mannen<\/li>\n<li>Materiaal: Nylon<\/li>\n<\/ul>","protected":false},"excerpt":{"rendered":"<p>Bleiben Sie in Form und entdecken Sie die neuesten Innovationen der Branche, um mit den besten Voraussetzungen Sport zu betreiben! Kaufen Sie Wanderrucksack OSPREY Atmos AG 65 L Schwarz zum besten Preis und genie\u00dfen Sie ein gesundes Leben! Art: Wanderrucksack Kapazit\u00e4t: 65 L Gr\u00f6\u00dfe: L\/XL Farbe: Schwarz Geschlecht: Herren Material: Nylon<\/p>","protected":false},"featured_media":11933,"comment_status":"open","ping_status":"closed","template":"","meta":{"inline_featured_image":false},"product_brand":[],"product_cat":[181,205,180],"product_tag":[177,178],"class_list":{"0":"post-11934","1":"product","2":"type-product","3":"status-publish","4":"has-post-thumbnail","6":"product_cat-camping-und-berge","7":"product_cat-rucksacke-und-taschen","8":"product_cat-sport-freizeit","9":"product_tag-tag_3","10":"product_tag-tag_17","12":"first","13":"outofstock","14":"taxable","15":"shipping-taxable","16":"purchasable","17":"product-type-simple"},"aioseo_notices":[],"jetpack_sharing_enabled":true,"_links":{"self":[{"href":"https:\/\/wildgear.itc-gmbh.shop\/nl\/wp-json\/wp\/v2\/product\/11934","targetHints":{"allow":["GET"]}}],"collection":[{"href":"https:\/\/wildgear.itc-gmbh.shop\/nl\/wp-json\/wp\/v2\/product"}],"about":[{"href":"https:\/\/wildgear.itc-gmbh.shop\/nl\/wp-json\/wp\/v2\/types\/product"}],"replies":[{"embeddable":true,"href":"https:\/\/wildgear.itc-gmbh.shop\/nl\/wp-json\/wp\/v2\/comments?post=11934"}],"wp:featuredmedia":[{"embeddable":true,"href":"https:\/\/wildgear.itc-gmbh.shop\/nl\/wp-json\/wp\/v2\/media\/11933"}],"wp:attachment":[{"href":"https:\/\/wildgear.itc-gmbh.shop\/nl\/wp-json\/wp\/v2\/media?parent=11934"}],"wp:term":[{"taxonomy":"product_brand","embeddable":true,"href":"https:\/\/wildgear.itc-gmbh.shop\/nl\/wp-json\/wp\/v2\/product_brand?post=11934"},{"taxonomy":"product_cat","embeddable":true,"href":"https:\/\/wildgear.itc-gmbh.shop\/nl\/wp-json\/wp\/v2\/product_cat?post=11934"},{"taxonomy":"product_tag","embeddable":true,"href":"https:\/\/wildgear.itc-gmbh.shop\/nl\/wp-json\/wp\/v2\/product_tag?post=11934"}],"curies":[{"name":"wp","href":"https:\/\/api.w.org\/{rel}","templated":true}]}}