{"id":12427,"date":"2024-05-27T03:17:18","date_gmt":"2024-05-27T03:17:18","guid":{"rendered":"https:\/\/outdoor.itc-gmbh.shop\/product\/kuehltasche-marineblau-blau-polystyrol\/"},"modified":"2024-05-27T03:17:18","modified_gmt":"2024-05-27T03:17:18","slug":"kuehltasche-marineblau-blau-polystyrol","status":"publish","type":"product","link":"https:\/\/wildgear.itc-gmbh.shop\/nl\/product\/kuehltasche-marineblau-blau-polystyrol\/","title":{"rendered":"K\u00fchltasche Marineblau Blau polystyrol"},"content":{"rendered":"<p>Blijf in vorm en ontdek de nieuwste innovaties in de sector zodat je in de beste omstandigheden kunt sporten! Nu kopen <b>K\u00fchltasche Marineblau Blau polystyrol<\/b> tegen de beste prijs en geniet van een gezond leven!<\/p>\n<ul>\n<li>Art:\n<ul>\n<li>K\u00fchltasche<\/li>\n<li>Tragbarer K\u00fchlschrank<\/li>\n<\/ul>\n<\/li>\n<li>Kleur:\n<ul>\n<li>Marineblau<\/li>\n<li>Blauw<\/li>\n<\/ul>\n<\/li>\n<li>Material: polystyrol<\/li>\n<\/ul>","protected":false},"excerpt":{"rendered":"<p>Bleiben Sie in Form und entdecken Sie die neuesten Innovationen der Branche, um mit den besten Voraussetzungen Sport zu betreiben! Kaufen Sie K\u00fchltasche Marineblau Blau polystyrol zum besten Preis und genie\u00dfen Sie ein gesundes Leben! Art: K\u00fchltasche Tragbarer K\u00fchlschrank Farbe: Marineblau Blau Material: polystyrol<\/p>","protected":false},"featured_media":12426,"comment_status":"open","ping_status":"closed","template":"","meta":{"inline_featured_image":false},"product_brand":[],"product_cat":[181,180,654],"product_tag":[177,178],"class_list":{"0":"post-12427","1":"product","2":"type-product","3":"status-publish","4":"has-post-thumbnail","6":"product_cat-camping-und-berge","7":"product_cat-sport-freizeit","8":"product_cat-tragbare-kuhlboxen","9":"product_tag-tag_3","10":"product_tag-tag_17","12":"first","13":"instock","14":"taxable","15":"shipping-taxable","16":"purchasable","17":"product-type-simple"},"aioseo_notices":[],"jetpack_sharing_enabled":true,"_links":{"self":[{"href":"https:\/\/wildgear.itc-gmbh.shop\/nl\/wp-json\/wp\/v2\/product\/12427","targetHints":{"allow":["GET"]}}],"collection":[{"href":"https:\/\/wildgear.itc-gmbh.shop\/nl\/wp-json\/wp\/v2\/product"}],"about":[{"href":"https:\/\/wildgear.itc-gmbh.shop\/nl\/wp-json\/wp\/v2\/types\/product"}],"replies":[{"embeddable":true,"href":"https:\/\/wildgear.itc-gmbh.shop\/nl\/wp-json\/wp\/v2\/comments?post=12427"}],"wp:featuredmedia":[{"embeddable":true,"href":"https:\/\/wildgear.itc-gmbh.shop\/nl\/wp-json\/wp\/v2\/media\/12426"}],"wp:attachment":[{"href":"https:\/\/wildgear.itc-gmbh.shop\/nl\/wp-json\/wp\/v2\/media?parent=12427"}],"wp:term":[{"taxonomy":"product_brand","embeddable":true,"href":"https:\/\/wildgear.itc-gmbh.shop\/nl\/wp-json\/wp\/v2\/product_brand?post=12427"},{"taxonomy":"product_cat","embeddable":true,"href":"https:\/\/wildgear.itc-gmbh.shop\/nl\/wp-json\/wp\/v2\/product_cat?post=12427"},{"taxonomy":"product_tag","embeddable":true,"href":"https:\/\/wildgear.itc-gmbh.shop\/nl\/wp-json\/wp\/v2\/product_tag?post=12427"}],"curies":[{"name":"wp","href":"https:\/\/api.w.org\/{rel}","templated":true}]}}