{"id":12649,"date":"2024-05-27T03:20:43","date_gmt":"2024-05-27T03:20:43","guid":{"rendered":"https:\/\/outdoor.itc-gmbh.shop\/product\/tragbarer-kuehlschrank-gelo-continental-3060-18-l-18-l-30-x-20-x-37-cm-4-stueck\/"},"modified":"2024-05-27T03:20:45","modified_gmt":"2024-05-27T03:20:45","slug":"tragbarer-kuehlschrank-gelo-continental-3060-18-l-18-l-30-x-20-x-37-cm-4-stueck","status":"publish","type":"product","link":"https:\/\/wildgear.itc-gmbh.shop\/nl\/product\/tragbarer-kuehlschrank-gelo-continental-3060-18-l-18-l-30-x-20-x-37-cm-4-stueck\/","title":{"rendered":"Tragbarer K\u00fchlschrank Gelo Continental 3060 18 L 18 L 30 x 20 x 37 cm (4 St\u00fcck)"},"content":{"rendered":"<p>Met deze suggesties voor jong en oud is zomerpret gegarandeerd! Koop <b>Tragbarer K\u00fchlschrank Gelo Continental 3060 18 L 18 L 30 x 20 x 37 cm (4 St\u00fcck)<\/b>] en geniet van je vrije tijd!<\/p>\n<ul>\n<li>Ma\u00dfe ca.: 30 x 20 x 37 cm<\/li>\n<li>Kleur: Blauw<\/li>\n<li>Kapazit\u00e4t: 18 L<\/li>\n<li>Stuk: 4 stuks<\/li>\n<\/ul>","protected":false},"excerpt":{"rendered":"<p>Mit diesen Vorschl\u00e4gen, die Jung und Alt begeistern werden, ist der Sommerspa\u00df garantiert! Kaufen Sie Tragbarer K\u00fchlschrank Gelo Continental 3060 18 L 18 L 30 x 20 x 37 cm (4 St\u00fcck)] und genie\u00dfen Sie Ihre Freizeit! Ma\u00dfe ca.: 30 x 20 x 37 cm Farbe: Blau Kapazit\u00e4t: 18 L St\u00fcck: 4 St\u00fcck<\/p>","protected":false},"featured_media":12648,"comment_status":"open","ping_status":"closed","template":"","meta":{"inline_featured_image":false},"product_brand":[],"product_cat":[181,180,654],"product_tag":[177,187,178],"class_list":{"0":"post-12649","1":"product","2":"type-product","3":"status-publish","4":"has-post-thumbnail","6":"product_cat-camping-und-berge","7":"product_cat-sport-freizeit","8":"product_cat-tragbare-kuhlboxen","9":"product_tag-tag_3","10":"product_tag-tag_124","11":"product_tag-tag_17","13":"first","14":"instock","15":"taxable","16":"shipping-taxable","17":"purchasable","18":"product-type-simple"},"aioseo_notices":[],"jetpack_sharing_enabled":true,"_links":{"self":[{"href":"https:\/\/wildgear.itc-gmbh.shop\/nl\/wp-json\/wp\/v2\/product\/12649","targetHints":{"allow":["GET"]}}],"collection":[{"href":"https:\/\/wildgear.itc-gmbh.shop\/nl\/wp-json\/wp\/v2\/product"}],"about":[{"href":"https:\/\/wildgear.itc-gmbh.shop\/nl\/wp-json\/wp\/v2\/types\/product"}],"replies":[{"embeddable":true,"href":"https:\/\/wildgear.itc-gmbh.shop\/nl\/wp-json\/wp\/v2\/comments?post=12649"}],"wp:featuredmedia":[{"embeddable":true,"href":"https:\/\/wildgear.itc-gmbh.shop\/nl\/wp-json\/wp\/v2\/media\/12648"}],"wp:attachment":[{"href":"https:\/\/wildgear.itc-gmbh.shop\/nl\/wp-json\/wp\/v2\/media?parent=12649"}],"wp:term":[{"taxonomy":"product_brand","embeddable":true,"href":"https:\/\/wildgear.itc-gmbh.shop\/nl\/wp-json\/wp\/v2\/product_brand?post=12649"},{"taxonomy":"product_cat","embeddable":true,"href":"https:\/\/wildgear.itc-gmbh.shop\/nl\/wp-json\/wp\/v2\/product_cat?post=12649"},{"taxonomy":"product_tag","embeddable":true,"href":"https:\/\/wildgear.itc-gmbh.shop\/nl\/wp-json\/wp\/v2\/product_tag?post=12649"}],"curies":[{"name":"wp","href":"https:\/\/api.w.org\/{rel}","templated":true}]}}