{"id":13007,"date":"2024-05-27T03:26:44","date_gmt":"2024-05-27T03:26:44","guid":{"rendered":"https:\/\/outdoor.itc-gmbh.shop\/product\/kuehltasche-mickey-mouse-clubhouse-schwarz-20-x-20-x-15-cm\/"},"modified":"2024-05-27T03:26:48","modified_gmt":"2024-05-27T03:26:48","slug":"kuehltasche-mickey-mouse-clubhouse-schwarz-20-x-20-x-15-cm","status":"publish","type":"product","link":"https:\/\/wildgear.itc-gmbh.shop\/nl\/product\/kuehltasche-mickey-mouse-clubhouse-schwarz-20-x-20-x-15-cm\/","title":{"rendered":"K\u00fchltasche Mickey Mouse Clubhouse Schwarz 20 x 20 x 15 cm"},"content":{"rendered":"<p>Blijf in vorm en ontdek de nieuwste innovaties in de sector zodat je in de beste omstandigheden kunt sporten! Nu kopen <b>K\u00fchltasche Mickey Mouse Clubhouse Schwarz 20 x 20 x 15 cm<\/b> tegen de beste prijs en geniet van een gezond leven!<\/p>\n<ul>\n<li>Type: Koeltas<\/li>\n<li>Materiaal: Polyester<\/li>\n<li>Kleur: Zwart<\/li>\n<li>Kenmerken:\n<ul>\n<li>Riem voor schoudertas<\/li>\n<li>Met handvat bovenaan<\/li>\n<\/ul>\n<\/li>\n<li>Armbandsluiting: ritssluiting<\/li>\n<li>Enthalten: Innentasche<\/li>\n<li>Afmetingen ongeveer: 20 x 20 x 15 cm<\/li>\n<\/ul>","protected":false},"excerpt":{"rendered":"<p>Bleiben Sie in Form und entdecken Sie die neuesten Innovationen der Branche, um mit den besten Voraussetzungen Sport zu betreiben! Kaufen Sie K\u00fchltasche Mickey Mouse Clubhouse Schwarz 20 x 20 x 15 cm zum besten Preis und genie\u00dfen Sie ein gesundes Leben! Art: K\u00fchltasche Material: Polyester Farbe: Schwarz Merkmale: Riemen f\u00fcr Umh\u00e4ngetasche Mit oberem Griff &hellip; <\/p>\n<p class=\"more-link-wrap\"><a href=\"https:\/\/wildgear.itc-gmbh.shop\/nl\/product\/kuehltasche-mickey-mouse-clubhouse-schwarz-20-x-20-x-15-cm\/\" class=\"more-link\"><span>Read More<span class=\"screen-reader-text\"> &#8220;K\u00fchltasche Mickey Mouse Clubhouse Schwarz 20 x 20 x 15 cm&#8221;<\/span><\/span><\/a><\/p>","protected":false},"featured_media":13006,"comment_status":"open","ping_status":"closed","template":"","meta":{"inline_featured_image":false},"product_brand":[],"product_cat":[181,180,654],"product_tag":[219,218,177,178],"class_list":{"0":"post-13007","1":"product","2":"type-product","3":"status-publish","4":"has-post-thumbnail","6":"product_cat-camping-und-berge","7":"product_cat-sport-freizeit","8":"product_cat-tragbare-kuhlboxen","9":"product_tag-tag_664","10":"product_tag-tag_36","11":"product_tag-tag_3","12":"product_tag-tag_17","14":"first","15":"instock","16":"taxable","17":"shipping-taxable","18":"purchasable","19":"product-type-simple"},"aioseo_notices":[],"jetpack_sharing_enabled":true,"_links":{"self":[{"href":"https:\/\/wildgear.itc-gmbh.shop\/nl\/wp-json\/wp\/v2\/product\/13007","targetHints":{"allow":["GET"]}}],"collection":[{"href":"https:\/\/wildgear.itc-gmbh.shop\/nl\/wp-json\/wp\/v2\/product"}],"about":[{"href":"https:\/\/wildgear.itc-gmbh.shop\/nl\/wp-json\/wp\/v2\/types\/product"}],"replies":[{"embeddable":true,"href":"https:\/\/wildgear.itc-gmbh.shop\/nl\/wp-json\/wp\/v2\/comments?post=13007"}],"wp:featuredmedia":[{"embeddable":true,"href":"https:\/\/wildgear.itc-gmbh.shop\/nl\/wp-json\/wp\/v2\/media\/13006"}],"wp:attachment":[{"href":"https:\/\/wildgear.itc-gmbh.shop\/nl\/wp-json\/wp\/v2\/media?parent=13007"}],"wp:term":[{"taxonomy":"product_brand","embeddable":true,"href":"https:\/\/wildgear.itc-gmbh.shop\/nl\/wp-json\/wp\/v2\/product_brand?post=13007"},{"taxonomy":"product_cat","embeddable":true,"href":"https:\/\/wildgear.itc-gmbh.shop\/nl\/wp-json\/wp\/v2\/product_cat?post=13007"},{"taxonomy":"product_tag","embeddable":true,"href":"https:\/\/wildgear.itc-gmbh.shop\/nl\/wp-json\/wp\/v2\/product_tag?post=13007"}],"curies":[{"name":"wp","href":"https:\/\/api.w.org\/{rel}","templated":true}]}}