{"id":13213,"date":"2024-05-27T03:29:49","date_gmt":"2024-05-27T03:29:49","guid":{"rendered":"https:\/\/outdoor.itc-gmbh.shop\/product\/tragbarer-kuehlschrank-coleman-blau-polyester-kunststoff\/"},"modified":"2024-05-27T03:29:57","modified_gmt":"2024-05-27T03:29:57","slug":"tragbarer-kuehlschrank-coleman-blau-polyester-kunststoff","status":"publish","type":"product","link":"https:\/\/wildgear.itc-gmbh.shop\/nl\/product\/tragbarer-kuehlschrank-coleman-blau-polyester-kunststoff\/","title":{"rendered":"Tragbarer K\u00fchlschrank Coleman Blau Polyester Kunststoff"},"content":{"rendered":"<p>Blijf in vorm en ontdek de nieuwste innovaties in de sector zodat je in de beste omstandigheden kunt sporten! Nu kopen <b>Tragbarer K\u00fchlschrank Coleman Blau Polyester Kunststoff<\/b> tegen de beste prijs en geniet van een gezond leven!<\/p>\n<ul>\n<li>Type: Draagbare koelkast<\/li>\n<li>Kleur: Blauw<\/li>\n<li>Materiaal:\n<ul>\n<li>Polyester<\/li>\n<li>Kunststof<\/li>\n<\/ul>\n<\/li>\n<li>Breite: 20 cm<\/li>\n<li>Kenmerken: Draaggreep<\/li>\n<li>Gewicht: 7 kg<\/li>\n<li>Geslacht: Unisex volwassenen<\/li>\n<li>Handvat: 1<\/li>\n<li>Vegan: Ja<\/li>\n<li>gro\u00df: 18 cm<\/li>\n<\/ul>","protected":false},"excerpt":{"rendered":"<p>Bleiben Sie in Form und entdecken Sie die neuesten Innovationen der Branche, um mit den besten Voraussetzungen Sport zu betreiben! Kaufen Sie Tragbarer K\u00fchlschrank Coleman Blau Polyester Kunststoff zum besten Preis und genie\u00dfen Sie ein gesundes Leben! Art: Tragbarer K\u00fchlschrank Farbe: Blau Material: Polyester Kunststoff Breite: 20 cm Merkmale: Tragegriff Gewicht: 7 kg Geschlecht: Unisex-Erwachsene &hellip; <\/p>\n<p class=\"more-link-wrap\"><a href=\"https:\/\/wildgear.itc-gmbh.shop\/nl\/product\/tragbarer-kuehlschrank-coleman-blau-polyester-kunststoff\/\" class=\"more-link\"><span>Read More<span class=\"screen-reader-text\"> &#8220;Tragbarer K\u00fchlschrank Coleman Blau Polyester Kunststoff&#8221;<\/span><\/span><\/a><\/p>","protected":false},"featured_media":13212,"comment_status":"open","ping_status":"closed","template":"","meta":{"inline_featured_image":false},"product_brand":[],"product_cat":[181,180,654],"product_tag":[177],"class_list":{"0":"post-13213","1":"product","2":"type-product","3":"status-publish","4":"has-post-thumbnail","6":"product_cat-camping-und-berge","7":"product_cat-sport-freizeit","8":"product_cat-tragbare-kuhlboxen","9":"product_tag-tag_3","11":"first","12":"outofstock","13":"taxable","14":"shipping-taxable","15":"purchasable","16":"product-type-simple"},"aioseo_notices":[],"jetpack_sharing_enabled":true,"_links":{"self":[{"href":"https:\/\/wildgear.itc-gmbh.shop\/nl\/wp-json\/wp\/v2\/product\/13213","targetHints":{"allow":["GET"]}}],"collection":[{"href":"https:\/\/wildgear.itc-gmbh.shop\/nl\/wp-json\/wp\/v2\/product"}],"about":[{"href":"https:\/\/wildgear.itc-gmbh.shop\/nl\/wp-json\/wp\/v2\/types\/product"}],"replies":[{"embeddable":true,"href":"https:\/\/wildgear.itc-gmbh.shop\/nl\/wp-json\/wp\/v2\/comments?post=13213"}],"wp:featuredmedia":[{"embeddable":true,"href":"https:\/\/wildgear.itc-gmbh.shop\/nl\/wp-json\/wp\/v2\/media\/13212"}],"wp:attachment":[{"href":"https:\/\/wildgear.itc-gmbh.shop\/nl\/wp-json\/wp\/v2\/media?parent=13213"}],"wp:term":[{"taxonomy":"product_brand","embeddable":true,"href":"https:\/\/wildgear.itc-gmbh.shop\/nl\/wp-json\/wp\/v2\/product_brand?post=13213"},{"taxonomy":"product_cat","embeddable":true,"href":"https:\/\/wildgear.itc-gmbh.shop\/nl\/wp-json\/wp\/v2\/product_cat?post=13213"},{"taxonomy":"product_tag","embeddable":true,"href":"https:\/\/wildgear.itc-gmbh.shop\/nl\/wp-json\/wp\/v2\/product_tag?post=13213"}],"curies":[{"name":"wp","href":"https:\/\/api.w.org\/{rel}","templated":true}]}}