{"id":13269,"date":"2024-05-27T03:30:40","date_gmt":"2024-05-27T03:30:40","guid":{"rendered":"https:\/\/outdoor.itc-gmbh.shop\/product\/campingset-regatta-camping\/"},"modified":"2024-10-06T00:05:07","modified_gmt":"2024-10-06T00:05:07","slug":"campingset-regatta-camping","status":"publish","type":"product","link":"https:\/\/wildgear.itc-gmbh.shop\/nl\/product\/campingset-regatta-camping\/","title":{"rendered":"Campingset Regatta Camping"},"content":{"rendered":"<p>Met deze suggesties voor jong en oud is zomerpret gegarandeerd! Koop <b>Campingset Regatta Camping<\/b>] en geniet van je vrije tijd!<\/p>\n<ul>\n<li>Art: Spitzhacke<\/li>\n<li>Enthalten: Schnur<\/li>\n<li>Kleur:\n<ul>\n<li>Grijs<\/li>\n<li>Zilverkleurig<\/li>\n<li>Zwart<\/li>\n<\/ul>\n<\/li>\n<li>Geslacht: Unisex<\/li>\n<li>Aanbevolen leeftijd: Volwassenen<\/li>\n<li>Materiaal: Plastic<\/li>\n<\/ul>","protected":false},"excerpt":{"rendered":"<p>Mit diesen Vorschl\u00e4gen, die Jung und Alt begeistern werden, ist der Sommerspa\u00df garantiert! Kaufen Sie Campingset Regatta Camping] und genie\u00dfen Sie Ihre Freizeit! Art: Spitzhacke Enthalten: Schnur Farbe: Grau Silberfarben Schwarz Geschlecht: Unisex Empfohlenes Alter: Erwachsene Material: Kunststoff<\/p>","protected":false},"featured_media":16951,"comment_status":"open","ping_status":"closed","template":"","meta":{"inline_featured_image":false},"product_brand":[],"product_cat":[181,182,180],"product_tag":[177,178],"class_list":{"0":"post-13269","1":"product","2":"type-product","3":"status-publish","4":"has-post-thumbnail","6":"product_cat-camping-und-berge","7":"product_cat-camping-und-bergzubehor","8":"product_cat-sport-freizeit","9":"product_tag-tag_3","10":"product_tag-tag_17","12":"first","13":"instock","14":"taxable","15":"shipping-taxable","16":"purchasable","17":"product-type-simple"},"aioseo_notices":[],"jetpack_sharing_enabled":true,"_links":{"self":[{"href":"https:\/\/wildgear.itc-gmbh.shop\/nl\/wp-json\/wp\/v2\/product\/13269","targetHints":{"allow":["GET"]}}],"collection":[{"href":"https:\/\/wildgear.itc-gmbh.shop\/nl\/wp-json\/wp\/v2\/product"}],"about":[{"href":"https:\/\/wildgear.itc-gmbh.shop\/nl\/wp-json\/wp\/v2\/types\/product"}],"replies":[{"embeddable":true,"href":"https:\/\/wildgear.itc-gmbh.shop\/nl\/wp-json\/wp\/v2\/comments?post=13269"}],"wp:featuredmedia":[{"embeddable":true,"href":"https:\/\/wildgear.itc-gmbh.shop\/nl\/wp-json\/wp\/v2\/media\/16951"}],"wp:attachment":[{"href":"https:\/\/wildgear.itc-gmbh.shop\/nl\/wp-json\/wp\/v2\/media?parent=13269"}],"wp:term":[{"taxonomy":"product_brand","embeddable":true,"href":"https:\/\/wildgear.itc-gmbh.shop\/nl\/wp-json\/wp\/v2\/product_brand?post=13269"},{"taxonomy":"product_cat","embeddable":true,"href":"https:\/\/wildgear.itc-gmbh.shop\/nl\/wp-json\/wp\/v2\/product_cat?post=13269"},{"taxonomy":"product_tag","embeddable":true,"href":"https:\/\/wildgear.itc-gmbh.shop\/nl\/wp-json\/wp\/v2\/product_tag?post=13269"}],"curies":[{"name":"wp","href":"https:\/\/api.w.org\/{rel}","templated":true}]}}