{"id":13370,"date":"2024-05-27T03:32:13","date_gmt":"2024-05-27T03:32:13","guid":{"rendered":"https:\/\/outdoor.itc-gmbh.shop\/product\/campingschrank-53-x-49-x-95-cm\/"},"modified":"2024-05-27T03:32:14","modified_gmt":"2024-05-27T03:32:14","slug":"campingschrank-53-x-49-x-95-cm","status":"publish","type":"product","link":"https:\/\/wildgear.itc-gmbh.shop\/nl\/product\/campingschrank-53-x-49-x-95-cm\/","title":{"rendered":"Campingschrank 53 x 49 x 95 cm"},"content":{"rendered":"<p>Met deze suggesties voor jong en oud is zomerpret gegarandeerd! Koop <b>Abnehmbarer Schrank 53 x 49 x 95 cm<\/b>] en geniet van je vrije tijd!<\/p>\n<ul>\n<li>Art: Schrank<\/li>\n<li>Regale: 2 Regale<\/li>\n<li>Ma\u00dfe ca.: 53 x 49 x 95 cm<\/li>\n<li>Materiaal:\n<ul>\n<li>Stoff<\/li>\n<li>Roestvrij staal<\/li>\n<\/ul>\n<\/li>\n<li>Gewicht: 5,5 Kg<\/li>\n<\/ul>","protected":false},"excerpt":{"rendered":"<p>Mit diesen Vorschl\u00e4gen, die Jung und Alt begeistern werden, ist der Sommerspa\u00df garantiert! Kaufen Sie Abnehmbarer Schrank 53 x 49 x 95 cm] und genie\u00dfen Sie Ihre Freizeit! Art: Schrank Regale: 2 Regale Ma\u00dfe ca.: 53 x 49 x 95 cm Material: Stoff Edelstahl Gewicht: 5,5 Kg<\/p>","protected":false},"featured_media":13369,"comment_status":"open","ping_status":"closed","template":"","meta":{"inline_featured_image":false},"product_brand":[],"product_cat":[181,182,180],"product_tag":[213,177,208],"class_list":{"0":"post-13370","1":"product","2":"type-product","3":"status-publish","4":"has-post-thumbnail","6":"product_cat-camping-und-berge","7":"product_cat-camping-und-bergzubehor","8":"product_cat-sport-freizeit","9":"product_tag-tag_69","10":"product_tag-tag_3","11":"product_tag-tag_650","13":"first","14":"outofstock","15":"taxable","16":"shipping-taxable","17":"purchasable","18":"product-type-simple"},"aioseo_notices":[],"jetpack_sharing_enabled":true,"_links":{"self":[{"href":"https:\/\/wildgear.itc-gmbh.shop\/nl\/wp-json\/wp\/v2\/product\/13370","targetHints":{"allow":["GET"]}}],"collection":[{"href":"https:\/\/wildgear.itc-gmbh.shop\/nl\/wp-json\/wp\/v2\/product"}],"about":[{"href":"https:\/\/wildgear.itc-gmbh.shop\/nl\/wp-json\/wp\/v2\/types\/product"}],"replies":[{"embeddable":true,"href":"https:\/\/wildgear.itc-gmbh.shop\/nl\/wp-json\/wp\/v2\/comments?post=13370"}],"wp:featuredmedia":[{"embeddable":true,"href":"https:\/\/wildgear.itc-gmbh.shop\/nl\/wp-json\/wp\/v2\/media\/13369"}],"wp:attachment":[{"href":"https:\/\/wildgear.itc-gmbh.shop\/nl\/wp-json\/wp\/v2\/media?parent=13370"}],"wp:term":[{"taxonomy":"product_brand","embeddable":true,"href":"https:\/\/wildgear.itc-gmbh.shop\/nl\/wp-json\/wp\/v2\/product_brand?post=13370"},{"taxonomy":"product_cat","embeddable":true,"href":"https:\/\/wildgear.itc-gmbh.shop\/nl\/wp-json\/wp\/v2\/product_cat?post=13370"},{"taxonomy":"product_tag","embeddable":true,"href":"https:\/\/wildgear.itc-gmbh.shop\/nl\/wp-json\/wp\/v2\/product_tag?post=13370"}],"curies":[{"name":"wp","href":"https:\/\/api.w.org\/{rel}","templated":true}]}}