{"id":13380,"date":"2024-05-27T03:32:20","date_gmt":"2024-05-27T03:32:20","guid":{"rendered":"https:\/\/outdoor.itc-gmbh.shop\/product\/gaskocher-super-ego-gross\/"},"modified":"2024-05-27T03:32:22","modified_gmt":"2024-05-27T03:32:22","slug":"gaskocher-super-ego-gross","status":"publish","type":"product","link":"https:\/\/wildgear.itc-gmbh.shop\/nl\/product\/gaskocher-super-ego-gross\/","title":{"rendered":"Gaskocher Super Ego gro\u00df"},"content":{"rendered":"<p>Met deze suggesties voor jong en oud is zomerpret gegarandeerd! Koop <b>Gaskocher Super Ego gro\u00df<\/b>] en geniet van je vrije tijd!<\/p>\n<ul>\n<li>Materiaal: Metaal<\/li>\n<li>Leistung: 1900 W<\/li>\n<li>Stromquelle: Butan<\/li>\n<li>Kenmerken:\n<ul>\n<li>Einstellbare Intensit\u00e4t<\/li>\n<li>gro\u00df<\/li>\n<\/ul>\n<\/li>\n<li>Ungef\u00e4hre Reichweite: 32 h<\/li>\n<li>Aanbevolen gebruik:\n<ul>\n<li>\u00c4u\u00dferst praktisch f\u00fcr Wohnh\u00e4user, Gesch\u00e4fte, Campingpl\u00e4tze, Autos, Garagen, Boote, usw.<\/li>\n<li>Buitenruimte<\/li>\n<\/ul>\n<\/li>\n<li>Art: Gaskocher<\/li>\n<li>Nicht enthalten: Butan<\/li>\n<\/ul>","protected":false},"excerpt":{"rendered":"<p>Mit diesen Vorschl\u00e4gen, die Jung und Alt begeistern werden, ist der Sommerspa\u00df garantiert! Kaufen Sie Gaskocher Super Ego gro\u00df] und genie\u00dfen Sie Ihre Freizeit! Material: Metall Leistung: 1900 W Stromquelle: Butan Merkmale: Einstellbare Intensit\u00e4t gro\u00df Ungef\u00e4hre Reichweite: 32 h Empfohlene verwendung: \u00c4u\u00dferst praktisch f\u00fcr Wohnh\u00e4user, Gesch\u00e4fte, Campingpl\u00e4tze, Autos, Garagen, Boote, usw. Au\u00dfenbereich Art: Gaskocher Nicht &hellip; <\/p>\n<p class=\"more-link-wrap\"><a href=\"https:\/\/wildgear.itc-gmbh.shop\/nl\/product\/gaskocher-super-ego-gross\/\" class=\"more-link\"><span>Read More<span class=\"screen-reader-text\"> &#8220;Gaskocher Super Ego gro\u00df&#8221;<\/span><\/span><\/a><\/p>","protected":false},"featured_media":13379,"comment_status":"open","ping_status":"closed","template":"","meta":{"inline_featured_image":false},"product_brand":[],"product_cat":[181,182,180],"product_tag":[213,177],"class_list":{"0":"post-13380","1":"product","2":"type-product","3":"status-publish","4":"has-post-thumbnail","6":"product_cat-camping-und-berge","7":"product_cat-camping-und-bergzubehor","8":"product_cat-sport-freizeit","9":"product_tag-tag_69","10":"product_tag-tag_3","12":"first","13":"instock","14":"taxable","15":"shipping-taxable","16":"purchasable","17":"product-type-simple"},"aioseo_notices":[],"jetpack_sharing_enabled":true,"_links":{"self":[{"href":"https:\/\/wildgear.itc-gmbh.shop\/nl\/wp-json\/wp\/v2\/product\/13380","targetHints":{"allow":["GET"]}}],"collection":[{"href":"https:\/\/wildgear.itc-gmbh.shop\/nl\/wp-json\/wp\/v2\/product"}],"about":[{"href":"https:\/\/wildgear.itc-gmbh.shop\/nl\/wp-json\/wp\/v2\/types\/product"}],"replies":[{"embeddable":true,"href":"https:\/\/wildgear.itc-gmbh.shop\/nl\/wp-json\/wp\/v2\/comments?post=13380"}],"wp:featuredmedia":[{"embeddable":true,"href":"https:\/\/wildgear.itc-gmbh.shop\/nl\/wp-json\/wp\/v2\/media\/13379"}],"wp:attachment":[{"href":"https:\/\/wildgear.itc-gmbh.shop\/nl\/wp-json\/wp\/v2\/media?parent=13380"}],"wp:term":[{"taxonomy":"product_brand","embeddable":true,"href":"https:\/\/wildgear.itc-gmbh.shop\/nl\/wp-json\/wp\/v2\/product_brand?post=13380"},{"taxonomy":"product_cat","embeddable":true,"href":"https:\/\/wildgear.itc-gmbh.shop\/nl\/wp-json\/wp\/v2\/product_cat?post=13380"},{"taxonomy":"product_tag","embeddable":true,"href":"https:\/\/wildgear.itc-gmbh.shop\/nl\/wp-json\/wp\/v2\/product_tag?post=13380"}],"curies":[{"name":"wp","href":"https:\/\/api.w.org\/{rel}","templated":true}]}}