{"id":13578,"date":"2024-05-27T03:35:14","date_gmt":"2024-05-27T03:35:14","guid":{"rendered":"https:\/\/outdoor.itc-gmbh.shop\/product\/haengesitz-mit-haengematte-aktive-blau-152-x-75-x-54-cm\/"},"modified":"2024-05-27T03:35:17","modified_gmt":"2024-05-27T03:35:17","slug":"haengesitz-mit-haengematte-aktive-blau-152-x-75-x-54-cm","status":"publish","type":"product","link":"https:\/\/wildgear.itc-gmbh.shop\/nl\/product\/haengesitz-mit-haengematte-aktive-blau-152-x-75-x-54-cm\/","title":{"rendered":"H\u00e4ngesitz mit H\u00e4ngematte Aktive Blau 152 x 75 x 54 cm"},"content":{"rendered":"<p>Met deze suggesties voor jong en oud is zomerpret gegarandeerd! Koop <b>H\u00e4ngesitz mit H\u00e4ngematte Aktive Blau 152 x 75 x 54 cm<\/b>] en geniet van je vrije tijd!<\/p>\n<ul>\n<li>Materiaal:\n<ul>\n<li>Staal<\/li>\n<li>Polyester 600D<\/li>\n<\/ul>\n<\/li>\n<li>Max. unterst\u00fctztes Gewicht: 110 kg<\/li>\n<li>Ma\u00dfe ca.: 152 x 75 x 54 cm<\/li>\n<li>Inbegrepen:\n<ul>\n<li>Kissen<\/li>\n<li>Untersetzer<\/li>\n<\/ul>\n<\/li>\n<li>Kleur: Blauw<\/li>\n<\/ul>","protected":false},"excerpt":{"rendered":"<p>Mit diesen Vorschl\u00e4gen, die Jung und Alt begeistern werden, ist der Sommerspa\u00df garantiert! Kaufen Sie H\u00e4ngesitz mit H\u00e4ngematte Aktive Blau 152 x 75 x 54 cm] und genie\u00dfen Sie Ihre Freizeit! Material: Stahl Polyester 600D Max. unterst\u00fctztes Gewicht: 110 kg Ma\u00dfe ca.: 152 x 75 x 54 cm Enthalten: Kissen Untersetzer Farbe: Blau<\/p>","protected":false},"featured_media":13577,"comment_status":"open","ping_status":"closed","template":"","meta":{"inline_featured_image":false},"product_brand":[],"product_cat":[181,182,180],"product_tag":[177,187,178],"class_list":{"0":"post-13578","1":"product","2":"type-product","3":"status-publish","4":"has-post-thumbnail","6":"product_cat-camping-und-berge","7":"product_cat-camping-und-bergzubehor","8":"product_cat-sport-freizeit","9":"product_tag-tag_3","10":"product_tag-tag_124","11":"product_tag-tag_17","13":"first","14":"instock","15":"taxable","16":"shipping-taxable","17":"purchasable","18":"product-type-simple"},"aioseo_notices":[],"jetpack_sharing_enabled":true,"_links":{"self":[{"href":"https:\/\/wildgear.itc-gmbh.shop\/nl\/wp-json\/wp\/v2\/product\/13578","targetHints":{"allow":["GET"]}}],"collection":[{"href":"https:\/\/wildgear.itc-gmbh.shop\/nl\/wp-json\/wp\/v2\/product"}],"about":[{"href":"https:\/\/wildgear.itc-gmbh.shop\/nl\/wp-json\/wp\/v2\/types\/product"}],"replies":[{"embeddable":true,"href":"https:\/\/wildgear.itc-gmbh.shop\/nl\/wp-json\/wp\/v2\/comments?post=13578"}],"wp:featuredmedia":[{"embeddable":true,"href":"https:\/\/wildgear.itc-gmbh.shop\/nl\/wp-json\/wp\/v2\/media\/13577"}],"wp:attachment":[{"href":"https:\/\/wildgear.itc-gmbh.shop\/nl\/wp-json\/wp\/v2\/media?parent=13578"}],"wp:term":[{"taxonomy":"product_brand","embeddable":true,"href":"https:\/\/wildgear.itc-gmbh.shop\/nl\/wp-json\/wp\/v2\/product_brand?post=13578"},{"taxonomy":"product_cat","embeddable":true,"href":"https:\/\/wildgear.itc-gmbh.shop\/nl\/wp-json\/wp\/v2\/product_cat?post=13578"},{"taxonomy":"product_tag","embeddable":true,"href":"https:\/\/wildgear.itc-gmbh.shop\/nl\/wp-json\/wp\/v2\/product_tag?post=13578"}],"curies":[{"name":"wp","href":"https:\/\/api.w.org\/{rel}","templated":true}]}}